{"id":4109,"date":"2024-06-20T04:30:22","date_gmt":"2024-06-20T04:30:22","guid":{"rendered":"https:\/\/www.pharmozlaboratorios.com\/?post_type=product&#038;p=4109"},"modified":"2024-09-30T20:18:59","modified_gmt":"2024-09-30T20:18:59","slug":"hifascolp-x12","status":"publish","type":"product","link":"https:\/\/www.pharmozlaboratorios.com\/?product=hifascolp-x12","title":{"rendered":"HIFASCOLP X12"},"content":{"rendered":"<p><em>Comprimidos recubiertos<\/em><strong> Itraconazol 33.3 mg + Secnidazol 166.6 mg<\/strong><\/p>\n<ul>\n<li style=\"list-style-type: none;\">\n<ul>\n<li style=\"list-style-type: none;\"><\/li>\n<\/ul>\n<\/li>\n<\/ul>\n<p><strong>Indicaciones:<\/strong><\/p>\n<ul>\n<li>Infecciones Vaginales, provocadas por cualquier especie de C\u00e1ndida, Gardenella sp, Bacterias Anaerobias y Vaginitis por Trichomonas y Vaginitis Mixtas e Inespec\u00edficas.<\/li>\n<\/ul>\n<p><strong>Dosis:<\/strong><\/p>\n<ul>\n<li>Dos tabletas con el desayuno<\/li>\n<li>Dos tabletas con la cena.<\/li>\n<li>Por tres d\u00edas.<\/li>\n<\/ul>\n<p><strong>Presentaci\u00f3n:<\/strong><\/p>\n<ul>\n<li><strong>HIFASCOLP:<\/strong> Caja con 12 comprimidos recubiertos.<\/li>\n<li><strong>HIFASCOLP DUO:<\/strong> Caja con 24 comprimidos recubiertos.<\/li>\n<\/ul>\n<p><a href=\"https:\/\/drive.google.com\/file\/d\/1od_mHbCQws2CP3JaY2R64xuVpJvowSkm\/view?usp=drivesdk\" target=\"_blank\" rel=\"noopener\"><img decoding=\"async\" class=\"alignnone wp-image-4141\" src=\"https:\/\/www.pharmozlaboratorios.com\/wp-content\/uploads\/2024\/06\/botonInserto_Mesa-de-trabajo-1.png\" alt=\"\" width=\"442\" height=\"69\" srcset=\"https:\/\/www.pharmozlaboratorios.com\/wp-content\/uploads\/2024\/06\/botonInserto_Mesa-de-trabajo-1.png 8000w, https:\/\/www.pharmozlaboratorios.com\/wp-content\/uploads\/2024\/06\/botonInserto_Mesa-de-trabajo-1-1536x239.png 1536w, https:\/\/www.pharmozlaboratorios.com\/wp-content\/uploads\/2024\/06\/botonInserto_Mesa-de-trabajo-1-2048x319.png 2048w\" sizes=\"(max-width: 442px) 100vw, 442px\" \/><\/a><\/p>\n","protected":false},"excerpt":{"rendered":"<p><em>Comprimidos recubiertos<\/em><strong> Itraconazol 33.3 mg + Secnidazol 166.6 mg<\/strong><\/p>\n<ul>\n<li style=\"list-style-type: none;\">\n<ul>\n<li style=\"list-style-type: none;\"><\/li>\n<\/ul>\n<\/li>\n<\/ul>\n<p><strong>Indicaciones:<\/strong><\/p>\n<ul>\n<li>Infecciones Vaginales, provocadas por cualquier especie de C\u00e1ndida, Gardenella sp, Bacterias Anaerobias y Vaginitis por Trichomonas y Vaginitis Mixtas e Inespec\u00edficas.<\/li>\n<\/ul>\n<p><strong>Dosis:<\/strong><\/p>\n<ul>\n<li>Dos tabletas con el desayuno<\/li>\n<li>Dos tabletas con la cena.<\/li>\n<li>Por tres d\u00edas.<\/li>\n<\/ul>\n<p><strong>Presentaci\u00f3n:<\/strong><\/p>\n<ul>\n<li><strong>HIFASCOLP:<\/strong> Caja con 12 comprimidos recubiertos.<\/li>\n<li><strong>HIFASCOLP DUO:<\/strong> Caja con 24 comprimidos recubiertos.<\/li>\n<\/ul>\n<p><a href=\"https:\/\/drive.google.com\/file\/d\/1od_mHbCQws2CP3JaY2R64xuVpJvowSkm\/view?usp=drivesdk\" target=\"_blank\" rel=\"noopener\"><img decoding=\"async\" class=\"alignnone wp-image-4141\" src=\"https:\/\/www.pharmozlaboratorios.com\/wp-content\/uploads\/2024\/06\/botonInserto_Mesa-de-trabajo-1.png\" alt=\"\" width=\"442\" height=\"69\" srcset=\"https:\/\/www.pharmozlaboratorios.com\/wp-content\/uploads\/2024\/06\/botonInserto_Mesa-de-trabajo-1.png 8000w, https:\/\/www.pharmozlaboratorios.com\/wp-content\/uploads\/2024\/06\/botonInserto_Mesa-de-trabajo-1-1536x239.png 1536w, https:\/\/www.pharmozlaboratorios.com\/wp-content\/uploads\/2024\/06\/botonInserto_Mesa-de-trabajo-1-2048x319.png 2048w\" sizes=\"(max-width: 442px) 100vw, 442px\" \/><\/a><\/p>\n","protected":false},"featured_media":4110,"comment_status":"open","ping_status":"closed","template":"","meta":{"_joinchat":[]},"product_brand":[],"product_cat":[75],"product_tag":[],"class_list":{"0":"post-4109","1":"product","2":"type-product","3":"status-publish","4":"has-post-thumbnail","6":"product_cat-linea-ginecologica","8":"first","9":"instock","10":"shipping-taxable","11":"product-type-grouped"},"yoast_head":"<!-- This site is optimized with the Yoast SEO plugin v25.3 - https:\/\/yoast.com\/wordpress\/plugins\/seo\/ -->\n<title>HIFASCOLP X12 - Pharmoz<\/title>\n<meta name=\"robots\" content=\"index, follow, max-snippet:-1, max-image-preview:large, max-video-preview:-1\" \/>\n<link rel=\"canonical\" href=\"https:\/\/www.pharmozlaboratorios.com\/?product=hifascolp-x12\" \/>\n<meta property=\"og:locale\" content=\"en_US\" \/>\n<meta property=\"og:type\" content=\"article\" \/>\n<meta property=\"og:title\" content=\"HIFASCOLP X12 - Pharmoz\" \/>\n<meta property=\"og:description\" content=\"Comprimidos recubiertos Itraconazol 33.3 mg + Secnidazol 166.6 mg          Indicaciones:   Infecciones Vaginales, provocadas por cualquier especie de C\u00e1ndida, Gardenella sp, Bacterias Anaerobias y Vaginitis por Trichomonas y Vaginitis Mixtas e Inespec\u00edficas.  Dosis:   Dos tabletas con el desayuno  Dos tabletas con la cena.  Por tres d\u00edas.  Presentaci\u00f3n:   HIFASCOLP: Caja con 12 comprimidos recubiertos.  HIFASCOLP DUO: Caja con 24 comprimidos recubiertos.\" \/>\n<meta property=\"og:url\" content=\"https:\/\/www.pharmozlaboratorios.com\/?product=hifascolp-x12\" \/>\n<meta property=\"og:site_name\" content=\"Pharmoz\" \/>\n<meta property=\"article:modified_time\" content=\"2024-09-30T20:18:59+00:00\" \/>\n<meta property=\"og:image\" content=\"https:\/\/www.pharmozlaboratorios.com\/wp-content\/uploads\/2024\/06\/Hifascolp-LineaGinecologica-4.jpg\" \/>\n\t<meta property=\"og:image:width\" content=\"1188\" \/>\n\t<meta property=\"og:image:height\" content=\"1525\" \/>\n\t<meta property=\"og:image:type\" content=\"image\/jpeg\" \/>\n<meta name=\"twitter:card\" content=\"summary_large_image\" \/>\n<script type=\"application\/ld+json\" class=\"yoast-schema-graph\">{\"@context\":\"https:\/\/schema.org\",\"@graph\":[{\"@type\":\"WebPage\",\"@id\":\"https:\/\/www.pharmozlaboratorios.com\/?product=hifascolp-x12\",\"url\":\"https:\/\/www.pharmozlaboratorios.com\/?product=hifascolp-x12\",\"name\":\"HIFASCOLP X12 - Pharmoz\",\"isPartOf\":{\"@id\":\"https:\/\/www.pharmozlaboratorios.com\/#website\"},\"primaryImageOfPage\":{\"@id\":\"https:\/\/www.pharmozlaboratorios.com\/?product=hifascolp-x12#primaryimage\"},\"image\":{\"@id\":\"https:\/\/www.pharmozlaboratorios.com\/?product=hifascolp-x12#primaryimage\"},\"thumbnailUrl\":\"https:\/\/www.pharmozlaboratorios.com\/wp-content\/uploads\/2024\/06\/Hifascolp-LineaGinecologica-4.jpg\",\"datePublished\":\"2024-06-20T04:30:22+00:00\",\"dateModified\":\"2024-09-30T20:18:59+00:00\",\"breadcrumb\":{\"@id\":\"https:\/\/www.pharmozlaboratorios.com\/?product=hifascolp-x12#breadcrumb\"},\"inLanguage\":\"en-US\",\"potentialAction\":[{\"@type\":\"ReadAction\",\"target\":[\"https:\/\/www.pharmozlaboratorios.com\/?product=hifascolp-x12\"]}]},{\"@type\":\"ImageObject\",\"inLanguage\":\"en-US\",\"@id\":\"https:\/\/www.pharmozlaboratorios.com\/?product=hifascolp-x12#primaryimage\",\"url\":\"https:\/\/www.pharmozlaboratorios.com\/wp-content\/uploads\/2024\/06\/Hifascolp-LineaGinecologica-4.jpg\",\"contentUrl\":\"https:\/\/www.pharmozlaboratorios.com\/wp-content\/uploads\/2024\/06\/Hifascolp-LineaGinecologica-4.jpg\",\"width\":1188,\"height\":1525},{\"@type\":\"BreadcrumbList\",\"@id\":\"https:\/\/www.pharmozlaboratorios.com\/?product=hifascolp-x12#breadcrumb\",\"itemListElement\":[{\"@type\":\"ListItem\",\"position\":1,\"name\":\"Home\",\"item\":\"https:\/\/www.pharmozlaboratorios.com\/\"},{\"@type\":\"ListItem\",\"position\":2,\"name\":\"Productos\",\"item\":\"https:\/\/www.pharmozlaboratorios.com\/?page_id=8\"},{\"@type\":\"ListItem\",\"position\":3,\"name\":\"HIFASCOLP X12\"}]},{\"@type\":\"WebSite\",\"@id\":\"https:\/\/www.pharmozlaboratorios.com\/#website\",\"url\":\"https:\/\/www.pharmozlaboratorios.com\/\",\"name\":\"Pharmoz\",\"description\":\"Productos de calidad que brindan confianza\",\"potentialAction\":[{\"@type\":\"SearchAction\",\"target\":{\"@type\":\"EntryPoint\",\"urlTemplate\":\"https:\/\/www.pharmozlaboratorios.com\/?s={search_term_string}\"},\"query-input\":{\"@type\":\"PropertyValueSpecification\",\"valueRequired\":true,\"valueName\":\"search_term_string\"}}],\"inLanguage\":\"en-US\"}]}<\/script>\n<!-- \/ Yoast SEO plugin. -->","yoast_head_json":{"title":"HIFASCOLP X12 - Pharmoz","robots":{"index":"index","follow":"follow","max-snippet":"max-snippet:-1","max-image-preview":"max-image-preview:large","max-video-preview":"max-video-preview:-1"},"canonical":"https:\/\/www.pharmozlaboratorios.com\/?product=hifascolp-x12","og_locale":"en_US","og_type":"article","og_title":"HIFASCOLP X12 - Pharmoz","og_description":"Comprimidos recubiertos Itraconazol 33.3 mg + Secnidazol 166.6 mg          Indicaciones:   Infecciones Vaginales, provocadas por cualquier especie de C\u00e1ndida, Gardenella sp, Bacterias Anaerobias y Vaginitis por Trichomonas y Vaginitis Mixtas e Inespec\u00edficas.  Dosis:   Dos tabletas con el desayuno  Dos tabletas con la cena.  Por tres d\u00edas.  Presentaci\u00f3n:   HIFASCOLP: Caja con 12 comprimidos recubiertos.  HIFASCOLP DUO: Caja con 24 comprimidos recubiertos.","og_url":"https:\/\/www.pharmozlaboratorios.com\/?product=hifascolp-x12","og_site_name":"Pharmoz","article_modified_time":"2024-09-30T20:18:59+00:00","og_image":[{"width":1188,"height":1525,"url":"https:\/\/www.pharmozlaboratorios.com\/wp-content\/uploads\/2024\/06\/Hifascolp-LineaGinecologica-4.jpg","type":"image\/jpeg"}],"twitter_card":"summary_large_image","schema":{"@context":"https:\/\/schema.org","@graph":[{"@type":"WebPage","@id":"https:\/\/www.pharmozlaboratorios.com\/?product=hifascolp-x12","url":"https:\/\/www.pharmozlaboratorios.com\/?product=hifascolp-x12","name":"HIFASCOLP X12 - Pharmoz","isPartOf":{"@id":"https:\/\/www.pharmozlaboratorios.com\/#website"},"primaryImageOfPage":{"@id":"https:\/\/www.pharmozlaboratorios.com\/?product=hifascolp-x12#primaryimage"},"image":{"@id":"https:\/\/www.pharmozlaboratorios.com\/?product=hifascolp-x12#primaryimage"},"thumbnailUrl":"https:\/\/www.pharmozlaboratorios.com\/wp-content\/uploads\/2024\/06\/Hifascolp-LineaGinecologica-4.jpg","datePublished":"2024-06-20T04:30:22+00:00","dateModified":"2024-09-30T20:18:59+00:00","breadcrumb":{"@id":"https:\/\/www.pharmozlaboratorios.com\/?product=hifascolp-x12#breadcrumb"},"inLanguage":"en-US","potentialAction":[{"@type":"ReadAction","target":["https:\/\/www.pharmozlaboratorios.com\/?product=hifascolp-x12"]}]},{"@type":"ImageObject","inLanguage":"en-US","@id":"https:\/\/www.pharmozlaboratorios.com\/?product=hifascolp-x12#primaryimage","url":"https:\/\/www.pharmozlaboratorios.com\/wp-content\/uploads\/2024\/06\/Hifascolp-LineaGinecologica-4.jpg","contentUrl":"https:\/\/www.pharmozlaboratorios.com\/wp-content\/uploads\/2024\/06\/Hifascolp-LineaGinecologica-4.jpg","width":1188,"height":1525},{"@type":"BreadcrumbList","@id":"https:\/\/www.pharmozlaboratorios.com\/?product=hifascolp-x12#breadcrumb","itemListElement":[{"@type":"ListItem","position":1,"name":"Home","item":"https:\/\/www.pharmozlaboratorios.com\/"},{"@type":"ListItem","position":2,"name":"Productos","item":"https:\/\/www.pharmozlaboratorios.com\/?page_id=8"},{"@type":"ListItem","position":3,"name":"HIFASCOLP X12"}]},{"@type":"WebSite","@id":"https:\/\/www.pharmozlaboratorios.com\/#website","url":"https:\/\/www.pharmozlaboratorios.com\/","name":"Pharmoz","description":"Productos de calidad que brindan confianza","potentialAction":[{"@type":"SearchAction","target":{"@type":"EntryPoint","urlTemplate":"https:\/\/www.pharmozlaboratorios.com\/?s={search_term_string}"},"query-input":{"@type":"PropertyValueSpecification","valueRequired":true,"valueName":"search_term_string"}}],"inLanguage":"en-US"}]}},"_links":{"self":[{"href":"https:\/\/www.pharmozlaboratorios.com\/index.php?rest_route=\/wp\/v2\/product\/4109","targetHints":{"allow":["GET"]}}],"collection":[{"href":"https:\/\/www.pharmozlaboratorios.com\/index.php?rest_route=\/wp\/v2\/product"}],"about":[{"href":"https:\/\/www.pharmozlaboratorios.com\/index.php?rest_route=\/wp\/v2\/types\/product"}],"replies":[{"embeddable":true,"href":"https:\/\/www.pharmozlaboratorios.com\/index.php?rest_route=%2Fwp%2Fv2%2Fcomments&post=4109"}],"wp:featuredmedia":[{"embeddable":true,"href":"https:\/\/www.pharmozlaboratorios.com\/index.php?rest_route=\/wp\/v2\/media\/4110"}],"wp:attachment":[{"href":"https:\/\/www.pharmozlaboratorios.com\/index.php?rest_route=%2Fwp%2Fv2%2Fmedia&parent=4109"}],"wp:term":[{"taxonomy":"product_brand","embeddable":true,"href":"https:\/\/www.pharmozlaboratorios.com\/index.php?rest_route=%2Fwp%2Fv2%2Fproduct_brand&post=4109"},{"taxonomy":"product_cat","embeddable":true,"href":"https:\/\/www.pharmozlaboratorios.com\/index.php?rest_route=%2Fwp%2Fv2%2Fproduct_cat&post=4109"},{"taxonomy":"product_tag","embeddable":true,"href":"https:\/\/www.pharmozlaboratorios.com\/index.php?rest_route=%2Fwp%2Fv2%2Fproduct_tag&post=4109"}],"curies":[{"name":"wp","href":"https:\/\/api.w.org\/{rel}","templated":true}]}}