{"id":4048,"date":"2024-06-07T06:36:39","date_gmt":"2024-06-07T06:36:39","guid":{"rendered":"https:\/\/www.pharmozlaboratorios.com\/?post_type=product&#038;p=4048"},"modified":"2024-07-23T17:11:24","modified_gmt":"2024-07-23T17:11:24","slug":"ergonovin-ampollas","status":"publish","type":"product","link":"https:\/\/www.pharmozlaboratorios.com\/?product=ergonovin-ampollas","title":{"rendered":"ERGONOVIN Ampollas"},"content":{"rendered":"<p>Maleato de Ergonovina 0.2 mg Soluci\u00f3n Inyectable<\/p>\n<p><strong>Indicaciones:<\/strong><\/p>\n<ul>\n<li style=\"list-style-type: none;\">\n<ul>\n<li style=\"list-style-type: none;\">\n<ul>\n<li>Hemorragia postparto.<\/li>\n<li>\u00datero at\u00f3nico.<\/li>\n<li>Hipoton\u00eda uterina.<\/li>\n<\/ul>\n<\/li>\n<\/ul>\n<\/li>\n<\/ul>\n<p><strong>Dosis:<\/strong><\/p>\n<ul>\n<li style=\"list-style-type: none;\">\n<ul>\n<li style=\"list-style-type: none;\">\n<ul>\n<li>La dosis inmediata postparto es usualmente de 0.2 mg I.M.<\/li>\n<li>Ergonovin ampollas 1 ml (0.2 mg) I.M. o 0.5 a 1 mL (0.1 a 0.2 mg) I.V lento. La dosis puede repetirse cada 2 a 4 horas si es necesario, hasta 5 dosis en 24 horas.<\/li>\n<\/ul>\n<\/li>\n<\/ul>\n<\/li>\n<\/ul>\n<p><strong>Presentaci\u00f3n:<\/strong><\/p>\n<ul>\n<li style=\"list-style-type: none;\">\n<ul>\n<li>\u00a01 ampolla soluci\u00f3n inyectable de 1 mL con 0.2 mg de ergonovina.<\/li>\n<\/ul>\n<\/li>\n<\/ul>\n","protected":false},"excerpt":{"rendered":"<p>Maleato de Ergonovina 0.2 mg Soluci\u00f3n Inyectable<\/p>\n<p><strong>Indicaciones:<\/strong><\/p>\n<ul>\n<li style=\"list-style-type: none;\">\n<ul>\n<li style=\"list-style-type: none;\">\n<ul>\n<li>Hemorragia postparto.<\/li>\n<li>\u00datero at\u00f3nico.<\/li>\n<li>Hipoton\u00eda uterina.<\/li>\n<\/ul>\n<\/li>\n<\/ul>\n<\/li>\n<\/ul>\n<p><strong>Dosis:<\/strong><\/p>\n<ul>\n<li style=\"list-style-type: none;\">\n<ul>\n<li style=\"list-style-type: none;\">\n<ul>\n<li>La dosis inmediata postparto es usualmente de 0.2 mg I.M.<\/li>\n<li>Ergonovin ampollas 1 ml (0.2 mg) I.M. o 0.5 a 1 mL (0.1 a 0.2 mg) I.V lento. La dosis puede repetirse cada 2 a 4 horas si es necesario, hasta 5 dosis en 24 horas.<\/li>\n<\/ul>\n<\/li>\n<\/ul>\n<\/li>\n<\/ul>\n<p><strong>Presentaci\u00f3n:<\/strong><\/p>\n<ul>\n<li style=\"list-style-type: none;\">\n<ul>\n<li>\u00a01 ampolla soluci\u00f3n inyectable de 1 mL con 0.2 mg de ergonovina.<\/li>\n<\/ul>\n<\/li>\n<\/ul>\n","protected":false},"featured_media":4126,"comment_status":"open","ping_status":"closed","template":"","meta":{"_joinchat":[]},"product_brand":[],"product_cat":[75],"product_tag":[],"class_list":{"0":"post-4048","1":"product","2":"type-product","3":"status-publish","4":"has-post-thumbnail","6":"product_cat-linea-ginecologica","8":"first","9":"instock","10":"shipping-taxable","11":"product-type-simple"},"yoast_head":"<!-- This site is optimized with the Yoast SEO plugin v25.3 - https:\/\/yoast.com\/wordpress\/plugins\/seo\/ -->\n<title>ERGONOVIN Ampollas - Pharmoz<\/title>\n<meta name=\"robots\" content=\"index, follow, max-snippet:-1, max-image-preview:large, max-video-preview:-1\" \/>\n<link rel=\"canonical\" href=\"https:\/\/www.pharmozlaboratorios.com\/?product=ergonovin-ampollas\" \/>\n<meta property=\"og:locale\" content=\"en_US\" \/>\n<meta property=\"og:type\" content=\"article\" \/>\n<meta property=\"og:title\" content=\"ERGONOVIN Ampollas - Pharmoz\" \/>\n<meta property=\"og:description\" content=\"Maleato de Ergonovina 0.2 mg Soluci\u00f3n Inyectable  Indicaciones:         Hemorragia postparto.  \u00datero at\u00f3nico.  Hipoton\u00eda uterina.      Dosis:         La dosis inmediata postparto es usualmente de 0.2 mg I.M.  Ergonovin ampollas 1 ml (0.2 mg) I.M. o 0.5 a 1 mL (0.1 a 0.2 mg) I.V lento. La dosis puede repetirse cada 2 a 4 horas si es necesario, hasta 5 dosis en 24 horas.      Presentaci\u00f3n:      \u00a01 ampolla soluci\u00f3n inyectable de 1 mL con 0.2 mg de ergonovina.\" \/>\n<meta property=\"og:url\" content=\"https:\/\/www.pharmozlaboratorios.com\/?product=ergonovin-ampollas\" \/>\n<meta property=\"og:site_name\" content=\"Pharmoz\" \/>\n<meta property=\"article:modified_time\" content=\"2024-07-23T17:11:24+00:00\" \/>\n<meta property=\"og:image\" content=\"https:\/\/www.pharmozlaboratorios.com\/wp-content\/uploads\/2024\/06\/Ergonovin-Ampolla-LineaGinecologica.jpg\" \/>\n\t<meta property=\"og:image:width\" content=\"1188\" \/>\n\t<meta property=\"og:image:height\" content=\"1525\" \/>\n\t<meta property=\"og:image:type\" content=\"image\/jpeg\" \/>\n<meta name=\"twitter:card\" content=\"summary_large_image\" \/>\n<script type=\"application\/ld+json\" class=\"yoast-schema-graph\">{\"@context\":\"https:\/\/schema.org\",\"@graph\":[{\"@type\":\"WebPage\",\"@id\":\"https:\/\/www.pharmozlaboratorios.com\/?product=ergonovin-ampollas\",\"url\":\"https:\/\/www.pharmozlaboratorios.com\/?product=ergonovin-ampollas\",\"name\":\"ERGONOVIN Ampollas - Pharmoz\",\"isPartOf\":{\"@id\":\"https:\/\/www.pharmozlaboratorios.com\/#website\"},\"primaryImageOfPage\":{\"@id\":\"https:\/\/www.pharmozlaboratorios.com\/?product=ergonovin-ampollas#primaryimage\"},\"image\":{\"@id\":\"https:\/\/www.pharmozlaboratorios.com\/?product=ergonovin-ampollas#primaryimage\"},\"thumbnailUrl\":\"https:\/\/www.pharmozlaboratorios.com\/wp-content\/uploads\/2024\/06\/Ergonovin-Ampolla-LineaGinecologica.jpg\",\"datePublished\":\"2024-06-07T06:36:39+00:00\",\"dateModified\":\"2024-07-23T17:11:24+00:00\",\"breadcrumb\":{\"@id\":\"https:\/\/www.pharmozlaboratorios.com\/?product=ergonovin-ampollas#breadcrumb\"},\"inLanguage\":\"en-US\",\"potentialAction\":[{\"@type\":\"ReadAction\",\"target\":[\"https:\/\/www.pharmozlaboratorios.com\/?product=ergonovin-ampollas\"]}]},{\"@type\":\"ImageObject\",\"inLanguage\":\"en-US\",\"@id\":\"https:\/\/www.pharmozlaboratorios.com\/?product=ergonovin-ampollas#primaryimage\",\"url\":\"https:\/\/www.pharmozlaboratorios.com\/wp-content\/uploads\/2024\/06\/Ergonovin-Ampolla-LineaGinecologica.jpg\",\"contentUrl\":\"https:\/\/www.pharmozlaboratorios.com\/wp-content\/uploads\/2024\/06\/Ergonovin-Ampolla-LineaGinecologica.jpg\",\"width\":1188,\"height\":1525},{\"@type\":\"BreadcrumbList\",\"@id\":\"https:\/\/www.pharmozlaboratorios.com\/?product=ergonovin-ampollas#breadcrumb\",\"itemListElement\":[{\"@type\":\"ListItem\",\"position\":1,\"name\":\"Home\",\"item\":\"https:\/\/www.pharmozlaboratorios.com\/\"},{\"@type\":\"ListItem\",\"position\":2,\"name\":\"Productos\",\"item\":\"https:\/\/www.pharmozlaboratorios.com\/?page_id=8\"},{\"@type\":\"ListItem\",\"position\":3,\"name\":\"ERGONOVIN Ampollas\"}]},{\"@type\":\"WebSite\",\"@id\":\"https:\/\/www.pharmozlaboratorios.com\/#website\",\"url\":\"https:\/\/www.pharmozlaboratorios.com\/\",\"name\":\"Pharmoz\",\"description\":\"Productos de calidad que brindan confianza\",\"potentialAction\":[{\"@type\":\"SearchAction\",\"target\":{\"@type\":\"EntryPoint\",\"urlTemplate\":\"https:\/\/www.pharmozlaboratorios.com\/?s={search_term_string}\"},\"query-input\":{\"@type\":\"PropertyValueSpecification\",\"valueRequired\":true,\"valueName\":\"search_term_string\"}}],\"inLanguage\":\"en-US\"}]}<\/script>\n<!-- \/ Yoast SEO plugin. -->","yoast_head_json":{"title":"ERGONOVIN Ampollas - Pharmoz","robots":{"index":"index","follow":"follow","max-snippet":"max-snippet:-1","max-image-preview":"max-image-preview:large","max-video-preview":"max-video-preview:-1"},"canonical":"https:\/\/www.pharmozlaboratorios.com\/?product=ergonovin-ampollas","og_locale":"en_US","og_type":"article","og_title":"ERGONOVIN Ampollas - Pharmoz","og_description":"Maleato de Ergonovina 0.2 mg Soluci\u00f3n Inyectable  Indicaciones:         Hemorragia postparto.  \u00datero at\u00f3nico.  Hipoton\u00eda uterina.      Dosis:         La dosis inmediata postparto es usualmente de 0.2 mg I.M.  Ergonovin ampollas 1 ml (0.2 mg) I.M. o 0.5 a 1 mL (0.1 a 0.2 mg) I.V lento. La dosis puede repetirse cada 2 a 4 horas si es necesario, hasta 5 dosis en 24 horas.      Presentaci\u00f3n:      \u00a01 ampolla soluci\u00f3n inyectable de 1 mL con 0.2 mg de ergonovina.","og_url":"https:\/\/www.pharmozlaboratorios.com\/?product=ergonovin-ampollas","og_site_name":"Pharmoz","article_modified_time":"2024-07-23T17:11:24+00:00","og_image":[{"width":1188,"height":1525,"url":"https:\/\/www.pharmozlaboratorios.com\/wp-content\/uploads\/2024\/06\/Ergonovin-Ampolla-LineaGinecologica.jpg","type":"image\/jpeg"}],"twitter_card":"summary_large_image","schema":{"@context":"https:\/\/schema.org","@graph":[{"@type":"WebPage","@id":"https:\/\/www.pharmozlaboratorios.com\/?product=ergonovin-ampollas","url":"https:\/\/www.pharmozlaboratorios.com\/?product=ergonovin-ampollas","name":"ERGONOVIN Ampollas - Pharmoz","isPartOf":{"@id":"https:\/\/www.pharmozlaboratorios.com\/#website"},"primaryImageOfPage":{"@id":"https:\/\/www.pharmozlaboratorios.com\/?product=ergonovin-ampollas#primaryimage"},"image":{"@id":"https:\/\/www.pharmozlaboratorios.com\/?product=ergonovin-ampollas#primaryimage"},"thumbnailUrl":"https:\/\/www.pharmozlaboratorios.com\/wp-content\/uploads\/2024\/06\/Ergonovin-Ampolla-LineaGinecologica.jpg","datePublished":"2024-06-07T06:36:39+00:00","dateModified":"2024-07-23T17:11:24+00:00","breadcrumb":{"@id":"https:\/\/www.pharmozlaboratorios.com\/?product=ergonovin-ampollas#breadcrumb"},"inLanguage":"en-US","potentialAction":[{"@type":"ReadAction","target":["https:\/\/www.pharmozlaboratorios.com\/?product=ergonovin-ampollas"]}]},{"@type":"ImageObject","inLanguage":"en-US","@id":"https:\/\/www.pharmozlaboratorios.com\/?product=ergonovin-ampollas#primaryimage","url":"https:\/\/www.pharmozlaboratorios.com\/wp-content\/uploads\/2024\/06\/Ergonovin-Ampolla-LineaGinecologica.jpg","contentUrl":"https:\/\/www.pharmozlaboratorios.com\/wp-content\/uploads\/2024\/06\/Ergonovin-Ampolla-LineaGinecologica.jpg","width":1188,"height":1525},{"@type":"BreadcrumbList","@id":"https:\/\/www.pharmozlaboratorios.com\/?product=ergonovin-ampollas#breadcrumb","itemListElement":[{"@type":"ListItem","position":1,"name":"Home","item":"https:\/\/www.pharmozlaboratorios.com\/"},{"@type":"ListItem","position":2,"name":"Productos","item":"https:\/\/www.pharmozlaboratorios.com\/?page_id=8"},{"@type":"ListItem","position":3,"name":"ERGONOVIN Ampollas"}]},{"@type":"WebSite","@id":"https:\/\/www.pharmozlaboratorios.com\/#website","url":"https:\/\/www.pharmozlaboratorios.com\/","name":"Pharmoz","description":"Productos de calidad que brindan confianza","potentialAction":[{"@type":"SearchAction","target":{"@type":"EntryPoint","urlTemplate":"https:\/\/www.pharmozlaboratorios.com\/?s={search_term_string}"},"query-input":{"@type":"PropertyValueSpecification","valueRequired":true,"valueName":"search_term_string"}}],"inLanguage":"en-US"}]}},"_links":{"self":[{"href":"https:\/\/www.pharmozlaboratorios.com\/index.php?rest_route=\/wp\/v2\/product\/4048","targetHints":{"allow":["GET"]}}],"collection":[{"href":"https:\/\/www.pharmozlaboratorios.com\/index.php?rest_route=\/wp\/v2\/product"}],"about":[{"href":"https:\/\/www.pharmozlaboratorios.com\/index.php?rest_route=\/wp\/v2\/types\/product"}],"replies":[{"embeddable":true,"href":"https:\/\/www.pharmozlaboratorios.com\/index.php?rest_route=%2Fwp%2Fv2%2Fcomments&post=4048"}],"wp:featuredmedia":[{"embeddable":true,"href":"https:\/\/www.pharmozlaboratorios.com\/index.php?rest_route=\/wp\/v2\/media\/4126"}],"wp:attachment":[{"href":"https:\/\/www.pharmozlaboratorios.com\/index.php?rest_route=%2Fwp%2Fv2%2Fmedia&parent=4048"}],"wp:term":[{"taxonomy":"product_brand","embeddable":true,"href":"https:\/\/www.pharmozlaboratorios.com\/index.php?rest_route=%2Fwp%2Fv2%2Fproduct_brand&post=4048"},{"taxonomy":"product_cat","embeddable":true,"href":"https:\/\/www.pharmozlaboratorios.com\/index.php?rest_route=%2Fwp%2Fv2%2Fproduct_cat&post=4048"},{"taxonomy":"product_tag","embeddable":true,"href":"https:\/\/www.pharmozlaboratorios.com\/index.php?rest_route=%2Fwp%2Fv2%2Fproduct_tag&post=4048"}],"curies":[{"name":"wp","href":"https:\/\/api.w.org\/{rel}","templated":true}]}}