{"id":4034,"date":"2024-06-07T06:23:22","date_gmt":"2024-06-07T06:23:22","guid":{"rendered":"https:\/\/www.pharmozlaboratorios.com\/?post_type=product&#038;p=4034"},"modified":"2025-10-17T17:28:08","modified_gmt":"2025-10-17T17:28:08","slug":"pharmonzeno-crema-topica","status":"publish","type":"product","link":"https:\/\/www.pharmozlaboratorios.com\/?product=pharmonzeno-crema-topica","title":{"rendered":"PHARMONZENO Crema t\u00f3pica"},"content":{"rendered":"<p><strong>Permetrina<\/strong><\/p>\n<ul>\n<li>Anti-ectop\u00e1rasitario<\/li>\n<\/ul>\n<p><strong>Indicaciones:<\/strong><\/p>\n<ul>\n<li>Tratamiento de la sarna \u201c\u00c1caros que se adhieren a la piel\u201d en adultos y en ni\u00f1os de 2 meses o m\u00e1s.<\/li>\n<\/ul>\n<p><strong>Dosis:<\/strong><\/p>\n<ul>\n<li><strong>Adultos y ni\u00f1os mayores de 12 a\u00f1os:<\/strong> 1 tubo.<\/li>\n<li><strong>Ni\u00f1os de 5 a 12 a\u00f1os:<\/strong> \u00bd de tubo.<\/li>\n<li><strong>Ni\u00f1os de 1 a 5 a\u00f1os:<\/strong> \u00bc de tubo.<\/li>\n<li><strong>De 2 meses a 1 a\u00f1o:<\/strong> 1\/8 de tubo.<\/li>\n<li>A la ma\u00f1ana siguiente ( 8 a 14 horas despu\u00e9s de la aplicaci\u00f3n) la crema debe ser removida al<br \/>\nba\u00f1arse. Lavar la piel con agua y jab\u00f3n suave.<\/li>\n<\/ul>\n<p><strong>Presentaci\u00f3n:<\/strong><\/p>\n<ul>\n<li>Crema t\u00f3pica Duo Pack con 30 gm de Permetrina.<\/li>\n<\/ul>\n<p><a href=\"https:\/\/drive.google.com\/file\/d\/1PbEi35K4rkdoVDq1uYoX-gvDJWCGTh6B\/view?usp=sharing\" target=\"_blank\" rel=\"noopener\"><img decoding=\"async\" class=\"alignnone wp-image-4141\" src=\"https:\/\/www.pharmozlaboratorios.com\/wp-content\/uploads\/2024\/06\/botonInserto_Mesa-de-trabajo-1.png\" alt=\"\" width=\"442\" height=\"69\" srcset=\"https:\/\/www.pharmozlaboratorios.com\/wp-content\/uploads\/2024\/06\/botonInserto_Mesa-de-trabajo-1.png 8000w, https:\/\/www.pharmozlaboratorios.com\/wp-content\/uploads\/2024\/06\/botonInserto_Mesa-de-trabajo-1-1536x239.png 1536w, https:\/\/www.pharmozlaboratorios.com\/wp-content\/uploads\/2024\/06\/botonInserto_Mesa-de-trabajo-1-2048x319.png 2048w\" sizes=\"(max-width: 442px) 100vw, 442px\" \/><\/a><\/p>\n","protected":false},"excerpt":{"rendered":"<p><strong>Permetrina<\/strong><\/p>\n<ul>\n<li>Anti-ectop\u00e1rasitario<\/li>\n<\/ul>\n<p><strong>Indicaciones:<\/strong><\/p>\n<ul>\n<li>Tratamiento de la sarna \u201c\u00c1caros que se adhieren a la piel\u201d en adultos y en ni\u00f1os de 2 meses o m\u00e1s.<\/li>\n<\/ul>\n<p><strong>Dosis:<\/strong><\/p>\n<ul>\n<li><strong>Adultos y ni\u00f1os mayores de 12 a\u00f1os:<\/strong> 1 tubo.<\/li>\n<li><strong>Ni\u00f1os de 5 a 12 a\u00f1os:<\/strong> \u00bd de tubo.<\/li>\n<li><strong>Ni\u00f1os de 1 a 5 a\u00f1os:<\/strong> \u00bc de tubo.<\/li>\n<li><strong>De 2 meses a 1 a\u00f1o:<\/strong> 1\/8 de tubo.<\/li>\n<li>A la ma\u00f1ana siguiente ( 8 a 14 horas despu\u00e9s de la aplicaci\u00f3n) la crema debe ser removida al<br \/>\nba\u00f1arse. Lavar la piel con agua y jab\u00f3n suave.<\/li>\n<\/ul>\n<p><strong>Presentaci\u00f3n:<\/strong><\/p>\n<ul>\n<li>Crema t\u00f3pica Duo Pack con 30 gm de Permetrina.<\/li>\n<\/ul>\n<p><a href=\"https:\/\/drive.google.com\/file\/d\/1PbEi35K4rkdoVDq1uYoX-gvDJWCGTh6B\/view?usp=sharing\" target=\"_blank\" rel=\"noopener\"><img decoding=\"async\" class=\"alignnone wp-image-4141\" src=\"https:\/\/www.pharmozlaboratorios.com\/wp-content\/uploads\/2024\/06\/botonInserto_Mesa-de-trabajo-1.png\" alt=\"\" width=\"442\" height=\"69\" srcset=\"https:\/\/www.pharmozlaboratorios.com\/wp-content\/uploads\/2024\/06\/botonInserto_Mesa-de-trabajo-1.png 8000w, https:\/\/www.pharmozlaboratorios.com\/wp-content\/uploads\/2024\/06\/botonInserto_Mesa-de-trabajo-1-1536x239.png 1536w, https:\/\/www.pharmozlaboratorios.com\/wp-content\/uploads\/2024\/06\/botonInserto_Mesa-de-trabajo-1-2048x319.png 2048w\" sizes=\"(max-width: 442px) 100vw, 442px\" \/><\/a><\/p>\n","protected":false},"featured_media":4357,"comment_status":"open","ping_status":"closed","template":"","meta":{"_joinchat":[]},"product_brand":[],"product_cat":[82],"product_tag":[],"class_list":{"0":"post-4034","1":"product","2":"type-product","3":"status-publish","4":"has-post-thumbnail","6":"product_cat-escabicidas","8":"first","9":"instock","10":"shipping-taxable","11":"product-type-simple"},"yoast_head":"<!-- This site is optimized with the Yoast SEO plugin v25.3 - https:\/\/yoast.com\/wordpress\/plugins\/seo\/ -->\n<title>PHARMONZENO Crema t\u00f3pica - Pharmoz<\/title>\n<meta name=\"robots\" content=\"index, follow, max-snippet:-1, max-image-preview:large, max-video-preview:-1\" \/>\n<link rel=\"canonical\" href=\"https:\/\/www.pharmozlaboratorios.com\/?product=pharmonzeno-crema-topica\" \/>\n<meta property=\"og:locale\" content=\"en_US\" \/>\n<meta property=\"og:type\" content=\"article\" \/>\n<meta property=\"og:title\" content=\"PHARMONZENO Crema t\u00f3pica - Pharmoz\" \/>\n<meta property=\"og:description\" content=\"Permetrina   Anti-ectop\u00e1rasitario  Indicaciones:   Tratamiento de la sarna \u201c\u00c1caros que se adhieren a la piel\u201d en adultos y en ni\u00f1os de 2 meses o m\u00e1s.  Dosis:   Adultos y ni\u00f1os mayores de 12 a\u00f1os: 1 tubo.  Ni\u00f1os de 5 a 12 a\u00f1os: \u00bd de tubo.  Ni\u00f1os de 1 a 5 a\u00f1os: \u00bc de tubo.  De 2 meses a 1 a\u00f1o: 1\/8 de tubo.  A la ma\u00f1ana siguiente ( 8 a 14 horas despu\u00e9s de la aplicaci\u00f3n) la crema debe ser removida al ba\u00f1arse. Lavar la piel con agua y jab\u00f3n suave.  Presentaci\u00f3n:   Crema t\u00f3pica Duo Pack con 30 gm de Permetrina.\" \/>\n<meta property=\"og:url\" content=\"https:\/\/www.pharmozlaboratorios.com\/?product=pharmonzeno-crema-topica\" \/>\n<meta property=\"og:site_name\" content=\"Pharmoz\" \/>\n<meta property=\"article:modified_time\" content=\"2025-10-17T17:28:08+00:00\" \/>\n<meta property=\"og:image\" content=\"https:\/\/www.pharmozlaboratorios.com\/wp-content\/uploads\/2024\/06\/PharmonzenoCrema-Escabicidas-01.jpg\" \/>\n\t<meta property=\"og:image:width\" content=\"1188\" \/>\n\t<meta property=\"og:image:height\" content=\"1525\" \/>\n\t<meta property=\"og:image:type\" content=\"image\/jpeg\" \/>\n<meta name=\"twitter:card\" content=\"summary_large_image\" \/>\n<meta name=\"twitter:label1\" content=\"Est. reading time\" \/>\n\t<meta name=\"twitter:data1\" content=\"1 minute\" \/>\n<script type=\"application\/ld+json\" class=\"yoast-schema-graph\">{\"@context\":\"https:\/\/schema.org\",\"@graph\":[{\"@type\":\"WebPage\",\"@id\":\"https:\/\/www.pharmozlaboratorios.com\/?product=pharmonzeno-crema-topica\",\"url\":\"https:\/\/www.pharmozlaboratorios.com\/?product=pharmonzeno-crema-topica\",\"name\":\"PHARMONZENO Crema t\u00f3pica - Pharmoz\",\"isPartOf\":{\"@id\":\"https:\/\/www.pharmozlaboratorios.com\/#website\"},\"primaryImageOfPage\":{\"@id\":\"https:\/\/www.pharmozlaboratorios.com\/?product=pharmonzeno-crema-topica#primaryimage\"},\"image\":{\"@id\":\"https:\/\/www.pharmozlaboratorios.com\/?product=pharmonzeno-crema-topica#primaryimage\"},\"thumbnailUrl\":\"https:\/\/www.pharmozlaboratorios.com\/wp-content\/uploads\/2024\/06\/PharmonzenoCrema-Escabicidas-01.jpg\",\"datePublished\":\"2024-06-07T06:23:22+00:00\",\"dateModified\":\"2025-10-17T17:28:08+00:00\",\"breadcrumb\":{\"@id\":\"https:\/\/www.pharmozlaboratorios.com\/?product=pharmonzeno-crema-topica#breadcrumb\"},\"inLanguage\":\"en-US\",\"potentialAction\":[{\"@type\":\"ReadAction\",\"target\":[\"https:\/\/www.pharmozlaboratorios.com\/?product=pharmonzeno-crema-topica\"]}]},{\"@type\":\"ImageObject\",\"inLanguage\":\"en-US\",\"@id\":\"https:\/\/www.pharmozlaboratorios.com\/?product=pharmonzeno-crema-topica#primaryimage\",\"url\":\"https:\/\/www.pharmozlaboratorios.com\/wp-content\/uploads\/2024\/06\/PharmonzenoCrema-Escabicidas-01.jpg\",\"contentUrl\":\"https:\/\/www.pharmozlaboratorios.com\/wp-content\/uploads\/2024\/06\/PharmonzenoCrema-Escabicidas-01.jpg\",\"width\":1188,\"height\":1525},{\"@type\":\"BreadcrumbList\",\"@id\":\"https:\/\/www.pharmozlaboratorios.com\/?product=pharmonzeno-crema-topica#breadcrumb\",\"itemListElement\":[{\"@type\":\"ListItem\",\"position\":1,\"name\":\"Home\",\"item\":\"https:\/\/www.pharmozlaboratorios.com\/\"},{\"@type\":\"ListItem\",\"position\":2,\"name\":\"Productos\",\"item\":\"https:\/\/www.pharmozlaboratorios.com\/?page_id=8\"},{\"@type\":\"ListItem\",\"position\":3,\"name\":\"PHARMONZENO Crema t\u00f3pica\"}]},{\"@type\":\"WebSite\",\"@id\":\"https:\/\/www.pharmozlaboratorios.com\/#website\",\"url\":\"https:\/\/www.pharmozlaboratorios.com\/\",\"name\":\"Pharmoz\",\"description\":\"Productos de calidad que brindan confianza\",\"potentialAction\":[{\"@type\":\"SearchAction\",\"target\":{\"@type\":\"EntryPoint\",\"urlTemplate\":\"https:\/\/www.pharmozlaboratorios.com\/?s={search_term_string}\"},\"query-input\":{\"@type\":\"PropertyValueSpecification\",\"valueRequired\":true,\"valueName\":\"search_term_string\"}}],\"inLanguage\":\"en-US\"}]}<\/script>\n<!-- \/ Yoast SEO plugin. -->","yoast_head_json":{"title":"PHARMONZENO Crema t\u00f3pica - Pharmoz","robots":{"index":"index","follow":"follow","max-snippet":"max-snippet:-1","max-image-preview":"max-image-preview:large","max-video-preview":"max-video-preview:-1"},"canonical":"https:\/\/www.pharmozlaboratorios.com\/?product=pharmonzeno-crema-topica","og_locale":"en_US","og_type":"article","og_title":"PHARMONZENO Crema t\u00f3pica - Pharmoz","og_description":"Permetrina   Anti-ectop\u00e1rasitario  Indicaciones:   Tratamiento de la sarna \u201c\u00c1caros que se adhieren a la piel\u201d en adultos y en ni\u00f1os de 2 meses o m\u00e1s.  Dosis:   Adultos y ni\u00f1os mayores de 12 a\u00f1os: 1 tubo.  Ni\u00f1os de 5 a 12 a\u00f1os: \u00bd de tubo.  Ni\u00f1os de 1 a 5 a\u00f1os: \u00bc de tubo.  De 2 meses a 1 a\u00f1o: 1\/8 de tubo.  A la ma\u00f1ana siguiente ( 8 a 14 horas despu\u00e9s de la aplicaci\u00f3n) la crema debe ser removida al ba\u00f1arse. Lavar la piel con agua y jab\u00f3n suave.  Presentaci\u00f3n:   Crema t\u00f3pica Duo Pack con 30 gm de Permetrina.","og_url":"https:\/\/www.pharmozlaboratorios.com\/?product=pharmonzeno-crema-topica","og_site_name":"Pharmoz","article_modified_time":"2025-10-17T17:28:08+00:00","og_image":[{"width":1188,"height":1525,"url":"https:\/\/www.pharmozlaboratorios.com\/wp-content\/uploads\/2024\/06\/PharmonzenoCrema-Escabicidas-01.jpg","type":"image\/jpeg"}],"twitter_card":"summary_large_image","twitter_misc":{"Est. reading time":"1 minute"},"schema":{"@context":"https:\/\/schema.org","@graph":[{"@type":"WebPage","@id":"https:\/\/www.pharmozlaboratorios.com\/?product=pharmonzeno-crema-topica","url":"https:\/\/www.pharmozlaboratorios.com\/?product=pharmonzeno-crema-topica","name":"PHARMONZENO Crema t\u00f3pica - Pharmoz","isPartOf":{"@id":"https:\/\/www.pharmozlaboratorios.com\/#website"},"primaryImageOfPage":{"@id":"https:\/\/www.pharmozlaboratorios.com\/?product=pharmonzeno-crema-topica#primaryimage"},"image":{"@id":"https:\/\/www.pharmozlaboratorios.com\/?product=pharmonzeno-crema-topica#primaryimage"},"thumbnailUrl":"https:\/\/www.pharmozlaboratorios.com\/wp-content\/uploads\/2024\/06\/PharmonzenoCrema-Escabicidas-01.jpg","datePublished":"2024-06-07T06:23:22+00:00","dateModified":"2025-10-17T17:28:08+00:00","breadcrumb":{"@id":"https:\/\/www.pharmozlaboratorios.com\/?product=pharmonzeno-crema-topica#breadcrumb"},"inLanguage":"en-US","potentialAction":[{"@type":"ReadAction","target":["https:\/\/www.pharmozlaboratorios.com\/?product=pharmonzeno-crema-topica"]}]},{"@type":"ImageObject","inLanguage":"en-US","@id":"https:\/\/www.pharmozlaboratorios.com\/?product=pharmonzeno-crema-topica#primaryimage","url":"https:\/\/www.pharmozlaboratorios.com\/wp-content\/uploads\/2024\/06\/PharmonzenoCrema-Escabicidas-01.jpg","contentUrl":"https:\/\/www.pharmozlaboratorios.com\/wp-content\/uploads\/2024\/06\/PharmonzenoCrema-Escabicidas-01.jpg","width":1188,"height":1525},{"@type":"BreadcrumbList","@id":"https:\/\/www.pharmozlaboratorios.com\/?product=pharmonzeno-crema-topica#breadcrumb","itemListElement":[{"@type":"ListItem","position":1,"name":"Home","item":"https:\/\/www.pharmozlaboratorios.com\/"},{"@type":"ListItem","position":2,"name":"Productos","item":"https:\/\/www.pharmozlaboratorios.com\/?page_id=8"},{"@type":"ListItem","position":3,"name":"PHARMONZENO Crema t\u00f3pica"}]},{"@type":"WebSite","@id":"https:\/\/www.pharmozlaboratorios.com\/#website","url":"https:\/\/www.pharmozlaboratorios.com\/","name":"Pharmoz","description":"Productos de calidad que brindan confianza","potentialAction":[{"@type":"SearchAction","target":{"@type":"EntryPoint","urlTemplate":"https:\/\/www.pharmozlaboratorios.com\/?s={search_term_string}"},"query-input":{"@type":"PropertyValueSpecification","valueRequired":true,"valueName":"search_term_string"}}],"inLanguage":"en-US"}]}},"_links":{"self":[{"href":"https:\/\/www.pharmozlaboratorios.com\/index.php?rest_route=\/wp\/v2\/product\/4034","targetHints":{"allow":["GET"]}}],"collection":[{"href":"https:\/\/www.pharmozlaboratorios.com\/index.php?rest_route=\/wp\/v2\/product"}],"about":[{"href":"https:\/\/www.pharmozlaboratorios.com\/index.php?rest_route=\/wp\/v2\/types\/product"}],"replies":[{"embeddable":true,"href":"https:\/\/www.pharmozlaboratorios.com\/index.php?rest_route=%2Fwp%2Fv2%2Fcomments&post=4034"}],"wp:featuredmedia":[{"embeddable":true,"href":"https:\/\/www.pharmozlaboratorios.com\/index.php?rest_route=\/wp\/v2\/media\/4357"}],"wp:attachment":[{"href":"https:\/\/www.pharmozlaboratorios.com\/index.php?rest_route=%2Fwp%2Fv2%2Fmedia&parent=4034"}],"wp:term":[{"taxonomy":"product_brand","embeddable":true,"href":"https:\/\/www.pharmozlaboratorios.com\/index.php?rest_route=%2Fwp%2Fv2%2Fproduct_brand&post=4034"},{"taxonomy":"product_cat","embeddable":true,"href":"https:\/\/www.pharmozlaboratorios.com\/index.php?rest_route=%2Fwp%2Fv2%2Fproduct_cat&post=4034"},{"taxonomy":"product_tag","embeddable":true,"href":"https:\/\/www.pharmozlaboratorios.com\/index.php?rest_route=%2Fwp%2Fv2%2Fproduct_tag&post=4034"}],"curies":[{"name":"wp","href":"https:\/\/api.w.org\/{rel}","templated":true}]}}