{"id":3746,"date":"2023-10-21T18:00:16","date_gmt":"2023-10-21T18:00:16","guid":{"rendered":"https:\/\/www.pharmozlaboratorios.com\/?post_type=product&#038;p=3746"},"modified":"2025-09-22T18:26:37","modified_gmt":"2025-09-22T18:26:37","slug":"hedelix","status":"publish","type":"product","link":"https:\/\/www.pharmozlaboratorios.com\/?product=hedelix","title":{"rendered":"HEDELIX"},"content":{"rendered":"<p><strong>(Extracto seco de hiedra) <\/strong><\/p>\n<p>&nbsp;<\/p>\n<p><strong>Indicaciones:<\/strong><\/p>\n<ul>\n<li>Bronquitis aguda.<\/li>\n<li>Bronquitis cr\u00f3nica.<\/li>\n<li>Asma bronquial.<\/li>\n<li>Enfisema pulmonar.<\/li>\n<li>Resfri\u00f3.<\/li>\n<li>Tos.<\/li>\n<\/ul>\n<p><strong>Dosis:<\/strong><\/p>\n<ul>\n<li><strong>Ni\u00f1os<\/strong> de 2 a 5 a\u00f1os 2.5 mL tres veces al d\u00eda.<\/li>\n<li><strong>Ni\u00f1os<\/strong> de 6 a 12 a\u00f1os 5 mL tres veces al d\u00eda.<\/li>\n<li><strong>Mayores<\/strong> de 12 a\u00f1os y adultos: 5 a 7.5 tres veces al d\u00eda.<\/li>\n<\/ul>\n<p><strong>Presentaci\u00f3n:<\/strong><\/p>\n<ul>\n<li>Frasco jarabe con 100 mL con 700 mg.<\/li>\n<\/ul>\n","protected":false},"excerpt":{"rendered":"<p><strong>(Extracto seco de hiedra)<\/strong><\/p>\n<p><strong>Indicaciones:<\/strong><\/p>\n<ul>\n<li>Bronquitis aguda.<\/li>\n<li>Bronquitis cr\u00f3nica.<\/li>\n<li>Asma bronquial.<\/li>\n<li>Enfisema pulmonar.<\/li>\n<li>Resfri\u00f3.<\/li>\n<li>Tos.<\/li>\n<\/ul>\n<p><strong>Dosis:<\/strong><\/p>\n<ul>\n<li><strong>Ni\u00f1os<\/strong> de 2 a 5 a\u00f1os 2.5 mL tres veces al d\u00eda.<\/li>\n<li><strong>Ni\u00f1os<\/strong> de 6 a 12 a\u00f1os 5 mL tres veces al d\u00eda.<\/li>\n<li><strong>Mayores<\/strong> de 12 a\u00f1os y adultos: 5 a 7.5 tres veces al d\u00eda.<\/li>\n<\/ul>\n<p><strong>Presentaci\u00f3n:<\/strong><\/p>\n<ul>\n<li>Frasco jarabe con 100 mL con 700 mg.<\/li>\n<\/ul>\n","protected":false},"featured_media":3865,"comment_status":"open","ping_status":"closed","template":"","meta":{"_joinchat":[]},"product_brand":[],"product_cat":[74],"product_tag":[],"class_list":{"0":"post-3746","1":"product","2":"type-product","3":"status-publish","4":"has-post-thumbnail","6":"product_cat-linea-respiratoria","8":"first","9":"instock","10":"shipping-taxable","11":"product-type-grouped"},"yoast_head":"<!-- This site is optimized with the Yoast SEO plugin v25.3 - https:\/\/yoast.com\/wordpress\/plugins\/seo\/ -->\n<title>HEDELIX - Pharmoz<\/title>\n<meta name=\"robots\" content=\"index, follow, max-snippet:-1, max-image-preview:large, max-video-preview:-1\" \/>\n<link rel=\"canonical\" href=\"https:\/\/www.pharmozlaboratorios.com\/?product=hedelix\" \/>\n<meta property=\"og:locale\" content=\"en_US\" \/>\n<meta property=\"og:type\" content=\"article\" \/>\n<meta property=\"og:title\" content=\"HEDELIX - Pharmoz\" \/>\n<meta property=\"og:description\" content=\"(Extracto seco de hiedra)  Indicaciones:   Bronquitis aguda.  Bronquitis cr\u00f3nica.  Asma bronquial.  Enfisema pulmonar.  Resfri\u00f3.  Tos.  Dosis:   Ni\u00f1os de 2 a 5 a\u00f1os 2.5 mL tres veces al d\u00eda.  Ni\u00f1os de 6 a 12 a\u00f1os 5 mL tres veces al d\u00eda.  Mayores de 12 a\u00f1os y adultos: 5 a 7.5 tres veces al d\u00eda.  Presentaci\u00f3n:   Frasco jarabe con 100 mL con 700 mg.\" \/>\n<meta property=\"og:url\" content=\"https:\/\/www.pharmozlaboratorios.com\/?product=hedelix\" \/>\n<meta property=\"og:site_name\" content=\"Pharmoz\" \/>\n<meta property=\"article:modified_time\" content=\"2025-09-22T18:26:37+00:00\" \/>\n<meta property=\"og:image\" content=\"https:\/\/www.pharmozlaboratorios.com\/wp-content\/uploads\/2023\/10\/HedelixCaja-1.jpg\" \/>\n\t<meta property=\"og:image:width\" content=\"1188\" \/>\n\t<meta property=\"og:image:height\" content=\"1525\" \/>\n\t<meta property=\"og:image:type\" content=\"image\/jpeg\" \/>\n<meta name=\"twitter:card\" content=\"summary_large_image\" \/>\n<meta name=\"twitter:label1\" content=\"Est. reading time\" \/>\n\t<meta name=\"twitter:data1\" content=\"1 minute\" \/>\n<script type=\"application\/ld+json\" class=\"yoast-schema-graph\">{\"@context\":\"https:\/\/schema.org\",\"@graph\":[{\"@type\":\"WebPage\",\"@id\":\"https:\/\/www.pharmozlaboratorios.com\/?product=hedelix\",\"url\":\"https:\/\/www.pharmozlaboratorios.com\/?product=hedelix\",\"name\":\"HEDELIX - Pharmoz\",\"isPartOf\":{\"@id\":\"https:\/\/www.pharmozlaboratorios.com\/#website\"},\"primaryImageOfPage\":{\"@id\":\"https:\/\/www.pharmozlaboratorios.com\/?product=hedelix#primaryimage\"},\"image\":{\"@id\":\"https:\/\/www.pharmozlaboratorios.com\/?product=hedelix#primaryimage\"},\"thumbnailUrl\":\"https:\/\/www.pharmozlaboratorios.com\/wp-content\/uploads\/2023\/10\/HedelixCaja-1.jpg\",\"datePublished\":\"2023-10-21T18:00:16+00:00\",\"dateModified\":\"2025-09-22T18:26:37+00:00\",\"breadcrumb\":{\"@id\":\"https:\/\/www.pharmozlaboratorios.com\/?product=hedelix#breadcrumb\"},\"inLanguage\":\"en-US\",\"potentialAction\":[{\"@type\":\"ReadAction\",\"target\":[\"https:\/\/www.pharmozlaboratorios.com\/?product=hedelix\"]}]},{\"@type\":\"ImageObject\",\"inLanguage\":\"en-US\",\"@id\":\"https:\/\/www.pharmozlaboratorios.com\/?product=hedelix#primaryimage\",\"url\":\"https:\/\/www.pharmozlaboratorios.com\/wp-content\/uploads\/2023\/10\/HedelixCaja-1.jpg\",\"contentUrl\":\"https:\/\/www.pharmozlaboratorios.com\/wp-content\/uploads\/2023\/10\/HedelixCaja-1.jpg\",\"width\":1188,\"height\":1525},{\"@type\":\"BreadcrumbList\",\"@id\":\"https:\/\/www.pharmozlaboratorios.com\/?product=hedelix#breadcrumb\",\"itemListElement\":[{\"@type\":\"ListItem\",\"position\":1,\"name\":\"Home\",\"item\":\"https:\/\/www.pharmozlaboratorios.com\/\"},{\"@type\":\"ListItem\",\"position\":2,\"name\":\"Productos\",\"item\":\"https:\/\/www.pharmozlaboratorios.com\/?page_id=8\"},{\"@type\":\"ListItem\",\"position\":3,\"name\":\"HEDELIX\"}]},{\"@type\":\"WebSite\",\"@id\":\"https:\/\/www.pharmozlaboratorios.com\/#website\",\"url\":\"https:\/\/www.pharmozlaboratorios.com\/\",\"name\":\"Pharmoz\",\"description\":\"Productos de calidad que brindan confianza\",\"potentialAction\":[{\"@type\":\"SearchAction\",\"target\":{\"@type\":\"EntryPoint\",\"urlTemplate\":\"https:\/\/www.pharmozlaboratorios.com\/?s={search_term_string}\"},\"query-input\":{\"@type\":\"PropertyValueSpecification\",\"valueRequired\":true,\"valueName\":\"search_term_string\"}}],\"inLanguage\":\"en-US\"}]}<\/script>\n<!-- \/ Yoast SEO plugin. -->","yoast_head_json":{"title":"HEDELIX - Pharmoz","robots":{"index":"index","follow":"follow","max-snippet":"max-snippet:-1","max-image-preview":"max-image-preview:large","max-video-preview":"max-video-preview:-1"},"canonical":"https:\/\/www.pharmozlaboratorios.com\/?product=hedelix","og_locale":"en_US","og_type":"article","og_title":"HEDELIX - Pharmoz","og_description":"(Extracto seco de hiedra)  Indicaciones:   Bronquitis aguda.  Bronquitis cr\u00f3nica.  Asma bronquial.  Enfisema pulmonar.  Resfri\u00f3.  Tos.  Dosis:   Ni\u00f1os de 2 a 5 a\u00f1os 2.5 mL tres veces al d\u00eda.  Ni\u00f1os de 6 a 12 a\u00f1os 5 mL tres veces al d\u00eda.  Mayores de 12 a\u00f1os y adultos: 5 a 7.5 tres veces al d\u00eda.  Presentaci\u00f3n:   Frasco jarabe con 100 mL con 700 mg.","og_url":"https:\/\/www.pharmozlaboratorios.com\/?product=hedelix","og_site_name":"Pharmoz","article_modified_time":"2025-09-22T18:26:37+00:00","og_image":[{"width":1188,"height":1525,"url":"https:\/\/www.pharmozlaboratorios.com\/wp-content\/uploads\/2023\/10\/HedelixCaja-1.jpg","type":"image\/jpeg"}],"twitter_card":"summary_large_image","twitter_misc":{"Est. reading time":"1 minute"},"schema":{"@context":"https:\/\/schema.org","@graph":[{"@type":"WebPage","@id":"https:\/\/www.pharmozlaboratorios.com\/?product=hedelix","url":"https:\/\/www.pharmozlaboratorios.com\/?product=hedelix","name":"HEDELIX - Pharmoz","isPartOf":{"@id":"https:\/\/www.pharmozlaboratorios.com\/#website"},"primaryImageOfPage":{"@id":"https:\/\/www.pharmozlaboratorios.com\/?product=hedelix#primaryimage"},"image":{"@id":"https:\/\/www.pharmozlaboratorios.com\/?product=hedelix#primaryimage"},"thumbnailUrl":"https:\/\/www.pharmozlaboratorios.com\/wp-content\/uploads\/2023\/10\/HedelixCaja-1.jpg","datePublished":"2023-10-21T18:00:16+00:00","dateModified":"2025-09-22T18:26:37+00:00","breadcrumb":{"@id":"https:\/\/www.pharmozlaboratorios.com\/?product=hedelix#breadcrumb"},"inLanguage":"en-US","potentialAction":[{"@type":"ReadAction","target":["https:\/\/www.pharmozlaboratorios.com\/?product=hedelix"]}]},{"@type":"ImageObject","inLanguage":"en-US","@id":"https:\/\/www.pharmozlaboratorios.com\/?product=hedelix#primaryimage","url":"https:\/\/www.pharmozlaboratorios.com\/wp-content\/uploads\/2023\/10\/HedelixCaja-1.jpg","contentUrl":"https:\/\/www.pharmozlaboratorios.com\/wp-content\/uploads\/2023\/10\/HedelixCaja-1.jpg","width":1188,"height":1525},{"@type":"BreadcrumbList","@id":"https:\/\/www.pharmozlaboratorios.com\/?product=hedelix#breadcrumb","itemListElement":[{"@type":"ListItem","position":1,"name":"Home","item":"https:\/\/www.pharmozlaboratorios.com\/"},{"@type":"ListItem","position":2,"name":"Productos","item":"https:\/\/www.pharmozlaboratorios.com\/?page_id=8"},{"@type":"ListItem","position":3,"name":"HEDELIX"}]},{"@type":"WebSite","@id":"https:\/\/www.pharmozlaboratorios.com\/#website","url":"https:\/\/www.pharmozlaboratorios.com\/","name":"Pharmoz","description":"Productos de calidad que brindan confianza","potentialAction":[{"@type":"SearchAction","target":{"@type":"EntryPoint","urlTemplate":"https:\/\/www.pharmozlaboratorios.com\/?s={search_term_string}"},"query-input":{"@type":"PropertyValueSpecification","valueRequired":true,"valueName":"search_term_string"}}],"inLanguage":"en-US"}]}},"_links":{"self":[{"href":"https:\/\/www.pharmozlaboratorios.com\/index.php?rest_route=\/wp\/v2\/product\/3746","targetHints":{"allow":["GET"]}}],"collection":[{"href":"https:\/\/www.pharmozlaboratorios.com\/index.php?rest_route=\/wp\/v2\/product"}],"about":[{"href":"https:\/\/www.pharmozlaboratorios.com\/index.php?rest_route=\/wp\/v2\/types\/product"}],"replies":[{"embeddable":true,"href":"https:\/\/www.pharmozlaboratorios.com\/index.php?rest_route=%2Fwp%2Fv2%2Fcomments&post=3746"}],"wp:featuredmedia":[{"embeddable":true,"href":"https:\/\/www.pharmozlaboratorios.com\/index.php?rest_route=\/wp\/v2\/media\/3865"}],"wp:attachment":[{"href":"https:\/\/www.pharmozlaboratorios.com\/index.php?rest_route=%2Fwp%2Fv2%2Fmedia&parent=3746"}],"wp:term":[{"taxonomy":"product_brand","embeddable":true,"href":"https:\/\/www.pharmozlaboratorios.com\/index.php?rest_route=%2Fwp%2Fv2%2Fproduct_brand&post=3746"},{"taxonomy":"product_cat","embeddable":true,"href":"https:\/\/www.pharmozlaboratorios.com\/index.php?rest_route=%2Fwp%2Fv2%2Fproduct_cat&post=3746"},{"taxonomy":"product_tag","embeddable":true,"href":"https:\/\/www.pharmozlaboratorios.com\/index.php?rest_route=%2Fwp%2Fv2%2Fproduct_tag&post=3746"}],"curies":[{"name":"wp","href":"https:\/\/api.w.org\/{rel}","templated":true}]}}