{"id":3731,"date":"2023-10-19T05:23:57","date_gmt":"2023-10-19T05:23:57","guid":{"rendered":"https:\/\/www.pharmozlaboratorios.com\/?post_type=product&#038;p=3731"},"modified":"2024-01-02T18:07:18","modified_gmt":"2024-01-02T18:07:18","slug":"urosept-suspension-pediatrica","status":"publish","type":"product","link":"https:\/\/www.pharmozlaboratorios.com\/?product=urosept-suspension-pediatrica","title":{"rendered":"UROSEPT Suspensi\u00f3n Oral"},"content":{"rendered":"<p><strong>Nitrofurantoina 25mg\/5mL<\/strong><\/p>\n<p><strong>Indicaciones:<\/strong><\/p>\n<ul>\n<li>Tratamiento cr\u00f3nico en pacientes con predisposici\u00f3n a infecciones urinarias.<\/li>\n<li>Profilaxis infecci\u00f3n urinaria recurrente.<\/li>\n<\/ul>\n<p><strong>Dosis:<\/strong><\/p>\n<ul>\n<li><strong>Ni\u00f1os:<\/strong> La dosis recomendada es de 5 &#8211; 7 mg\/kg\/d\u00eda durante 10 d\u00edas.<\/li>\n<\/ul>\n<p><strong>Presentaci\u00f3n:<\/strong><\/p>\n<ul>\n<li>Frasco de 100 mL para suspensi\u00f3n oral con 25mg\/5mL.<\/li>\n<\/ul>\n","protected":false},"excerpt":{"rendered":"<p><strong>Nitrofurantoina 25mg\/5mL<\/strong><\/p>\n<p><strong>Indicaciones:<\/strong><\/p>\n<ul>\n<li>Tratamiento cr\u00f3nico en pacientes con predisposici\u00f3n a infecciones urinarias.<\/li>\n<li>Profilaxis infecci\u00f3n urinaria recurrente.<\/li>\n<\/ul>\n<p><strong>Dosis:<\/strong><\/p>\n<ul>\n<li><strong>Ni\u00f1os:<\/strong> La dosis recomendada es de 5 &#8211; 7 mg\/kg\/d\u00eda durante 10 d\u00edas.<\/li>\n<\/ul>\n<p><strong>Presentaci\u00f3n:<\/strong><\/p>\n<ul>\n<li>Frasco de 100 mL para suspensi\u00f3n oral con 25mg\/5mL.<\/li>\n<\/ul>\n","protected":false},"featured_media":3732,"comment_status":"open","ping_status":"closed","template":"","meta":{"_joinchat":[]},"product_brand":[],"product_cat":[73],"product_tag":[],"class_list":{"0":"post-3731","1":"product","2":"type-product","3":"status-publish","4":"has-post-thumbnail","6":"product_cat-pediatricos","8":"first","9":"instock","10":"shipping-taxable","11":"product-type-grouped"},"yoast_head":"<!-- This site is optimized with the Yoast SEO plugin v25.3 - https:\/\/yoast.com\/wordpress\/plugins\/seo\/ -->\n<title>UROSEPT Suspensi\u00f3n Oral - Pharmoz<\/title>\n<meta name=\"robots\" content=\"index, follow, max-snippet:-1, max-image-preview:large, max-video-preview:-1\" \/>\n<link rel=\"canonical\" href=\"https:\/\/www.pharmozlaboratorios.com\/?product=urosept-suspension-pediatrica\" \/>\n<meta property=\"og:locale\" content=\"en_US\" \/>\n<meta property=\"og:type\" content=\"article\" \/>\n<meta property=\"og:title\" content=\"UROSEPT Suspensi\u00f3n Oral - Pharmoz\" \/>\n<meta property=\"og:description\" content=\"Nitrofurantoina 25mg\/5mL  Indicaciones:   Tratamiento cr\u00f3nico en pacientes con predisposici\u00f3n a infecciones urinarias.  Profilaxis infecci\u00f3n urinaria recurrente.  Dosis:   Ni\u00f1os: La dosis recomendada es de 5 - 7 mg\/kg\/d\u00eda durante 10 d\u00edas.  Presentaci\u00f3n:   Frasco de 100 mL para suspensi\u00f3n oral con 25mg\/5mL.\" \/>\n<meta property=\"og:url\" content=\"https:\/\/www.pharmozlaboratorios.com\/?product=urosept-suspension-pediatrica\" \/>\n<meta property=\"og:site_name\" content=\"Pharmoz\" \/>\n<meta property=\"article:modified_time\" content=\"2024-01-02T18:07:18+00:00\" \/>\n<meta property=\"og:image\" content=\"https:\/\/www.pharmozlaboratorios.com\/wp-content\/uploads\/2023\/10\/UroseptPediatrico.jpg\" \/>\n\t<meta property=\"og:image:width\" content=\"1188\" \/>\n\t<meta property=\"og:image:height\" content=\"1525\" \/>\n\t<meta property=\"og:image:type\" content=\"image\/jpeg\" \/>\n<meta name=\"twitter:card\" content=\"summary_large_image\" \/>\n<script type=\"application\/ld+json\" class=\"yoast-schema-graph\">{\"@context\":\"https:\/\/schema.org\",\"@graph\":[{\"@type\":\"WebPage\",\"@id\":\"https:\/\/www.pharmozlaboratorios.com\/?product=urosept-suspension-pediatrica\",\"url\":\"https:\/\/www.pharmozlaboratorios.com\/?product=urosept-suspension-pediatrica\",\"name\":\"UROSEPT Suspensi\u00f3n Oral - Pharmoz\",\"isPartOf\":{\"@id\":\"https:\/\/www.pharmozlaboratorios.com\/#website\"},\"primaryImageOfPage\":{\"@id\":\"https:\/\/www.pharmozlaboratorios.com\/?product=urosept-suspension-pediatrica#primaryimage\"},\"image\":{\"@id\":\"https:\/\/www.pharmozlaboratorios.com\/?product=urosept-suspension-pediatrica#primaryimage\"},\"thumbnailUrl\":\"https:\/\/www.pharmozlaboratorios.com\/wp-content\/uploads\/2023\/10\/UroseptPediatrico.jpg\",\"datePublished\":\"2023-10-19T05:23:57+00:00\",\"dateModified\":\"2024-01-02T18:07:18+00:00\",\"breadcrumb\":{\"@id\":\"https:\/\/www.pharmozlaboratorios.com\/?product=urosept-suspension-pediatrica#breadcrumb\"},\"inLanguage\":\"en-US\",\"potentialAction\":[{\"@type\":\"ReadAction\",\"target\":[\"https:\/\/www.pharmozlaboratorios.com\/?product=urosept-suspension-pediatrica\"]}]},{\"@type\":\"ImageObject\",\"inLanguage\":\"en-US\",\"@id\":\"https:\/\/www.pharmozlaboratorios.com\/?product=urosept-suspension-pediatrica#primaryimage\",\"url\":\"https:\/\/www.pharmozlaboratorios.com\/wp-content\/uploads\/2023\/10\/UroseptPediatrico.jpg\",\"contentUrl\":\"https:\/\/www.pharmozlaboratorios.com\/wp-content\/uploads\/2023\/10\/UroseptPediatrico.jpg\",\"width\":1188,\"height\":1525},{\"@type\":\"BreadcrumbList\",\"@id\":\"https:\/\/www.pharmozlaboratorios.com\/?product=urosept-suspension-pediatrica#breadcrumb\",\"itemListElement\":[{\"@type\":\"ListItem\",\"position\":1,\"name\":\"Home\",\"item\":\"https:\/\/www.pharmozlaboratorios.com\/\"},{\"@type\":\"ListItem\",\"position\":2,\"name\":\"Productos\",\"item\":\"https:\/\/www.pharmozlaboratorios.com\/?page_id=8\"},{\"@type\":\"ListItem\",\"position\":3,\"name\":\"UROSEPT Suspensi\u00f3n Oral\"}]},{\"@type\":\"WebSite\",\"@id\":\"https:\/\/www.pharmozlaboratorios.com\/#website\",\"url\":\"https:\/\/www.pharmozlaboratorios.com\/\",\"name\":\"Pharmoz\",\"description\":\"Productos de calidad que brindan confianza\",\"potentialAction\":[{\"@type\":\"SearchAction\",\"target\":{\"@type\":\"EntryPoint\",\"urlTemplate\":\"https:\/\/www.pharmozlaboratorios.com\/?s={search_term_string}\"},\"query-input\":{\"@type\":\"PropertyValueSpecification\",\"valueRequired\":true,\"valueName\":\"search_term_string\"}}],\"inLanguage\":\"en-US\"}]}<\/script>\n<!-- \/ Yoast SEO plugin. -->","yoast_head_json":{"title":"UROSEPT Suspensi\u00f3n Oral - Pharmoz","robots":{"index":"index","follow":"follow","max-snippet":"max-snippet:-1","max-image-preview":"max-image-preview:large","max-video-preview":"max-video-preview:-1"},"canonical":"https:\/\/www.pharmozlaboratorios.com\/?product=urosept-suspension-pediatrica","og_locale":"en_US","og_type":"article","og_title":"UROSEPT Suspensi\u00f3n Oral - Pharmoz","og_description":"Nitrofurantoina 25mg\/5mL  Indicaciones:   Tratamiento cr\u00f3nico en pacientes con predisposici\u00f3n a infecciones urinarias.  Profilaxis infecci\u00f3n urinaria recurrente.  Dosis:   Ni\u00f1os: La dosis recomendada es de 5 - 7 mg\/kg\/d\u00eda durante 10 d\u00edas.  Presentaci\u00f3n:   Frasco de 100 mL para suspensi\u00f3n oral con 25mg\/5mL.","og_url":"https:\/\/www.pharmozlaboratorios.com\/?product=urosept-suspension-pediatrica","og_site_name":"Pharmoz","article_modified_time":"2024-01-02T18:07:18+00:00","og_image":[{"width":1188,"height":1525,"url":"https:\/\/www.pharmozlaboratorios.com\/wp-content\/uploads\/2023\/10\/UroseptPediatrico.jpg","type":"image\/jpeg"}],"twitter_card":"summary_large_image","schema":{"@context":"https:\/\/schema.org","@graph":[{"@type":"WebPage","@id":"https:\/\/www.pharmozlaboratorios.com\/?product=urosept-suspension-pediatrica","url":"https:\/\/www.pharmozlaboratorios.com\/?product=urosept-suspension-pediatrica","name":"UROSEPT Suspensi\u00f3n Oral - Pharmoz","isPartOf":{"@id":"https:\/\/www.pharmozlaboratorios.com\/#website"},"primaryImageOfPage":{"@id":"https:\/\/www.pharmozlaboratorios.com\/?product=urosept-suspension-pediatrica#primaryimage"},"image":{"@id":"https:\/\/www.pharmozlaboratorios.com\/?product=urosept-suspension-pediatrica#primaryimage"},"thumbnailUrl":"https:\/\/www.pharmozlaboratorios.com\/wp-content\/uploads\/2023\/10\/UroseptPediatrico.jpg","datePublished":"2023-10-19T05:23:57+00:00","dateModified":"2024-01-02T18:07:18+00:00","breadcrumb":{"@id":"https:\/\/www.pharmozlaboratorios.com\/?product=urosept-suspension-pediatrica#breadcrumb"},"inLanguage":"en-US","potentialAction":[{"@type":"ReadAction","target":["https:\/\/www.pharmozlaboratorios.com\/?product=urosept-suspension-pediatrica"]}]},{"@type":"ImageObject","inLanguage":"en-US","@id":"https:\/\/www.pharmozlaboratorios.com\/?product=urosept-suspension-pediatrica#primaryimage","url":"https:\/\/www.pharmozlaboratorios.com\/wp-content\/uploads\/2023\/10\/UroseptPediatrico.jpg","contentUrl":"https:\/\/www.pharmozlaboratorios.com\/wp-content\/uploads\/2023\/10\/UroseptPediatrico.jpg","width":1188,"height":1525},{"@type":"BreadcrumbList","@id":"https:\/\/www.pharmozlaboratorios.com\/?product=urosept-suspension-pediatrica#breadcrumb","itemListElement":[{"@type":"ListItem","position":1,"name":"Home","item":"https:\/\/www.pharmozlaboratorios.com\/"},{"@type":"ListItem","position":2,"name":"Productos","item":"https:\/\/www.pharmozlaboratorios.com\/?page_id=8"},{"@type":"ListItem","position":3,"name":"UROSEPT Suspensi\u00f3n Oral"}]},{"@type":"WebSite","@id":"https:\/\/www.pharmozlaboratorios.com\/#website","url":"https:\/\/www.pharmozlaboratorios.com\/","name":"Pharmoz","description":"Productos de calidad que brindan confianza","potentialAction":[{"@type":"SearchAction","target":{"@type":"EntryPoint","urlTemplate":"https:\/\/www.pharmozlaboratorios.com\/?s={search_term_string}"},"query-input":{"@type":"PropertyValueSpecification","valueRequired":true,"valueName":"search_term_string"}}],"inLanguage":"en-US"}]}},"_links":{"self":[{"href":"https:\/\/www.pharmozlaboratorios.com\/index.php?rest_route=\/wp\/v2\/product\/3731","targetHints":{"allow":["GET"]}}],"collection":[{"href":"https:\/\/www.pharmozlaboratorios.com\/index.php?rest_route=\/wp\/v2\/product"}],"about":[{"href":"https:\/\/www.pharmozlaboratorios.com\/index.php?rest_route=\/wp\/v2\/types\/product"}],"replies":[{"embeddable":true,"href":"https:\/\/www.pharmozlaboratorios.com\/index.php?rest_route=%2Fwp%2Fv2%2Fcomments&post=3731"}],"wp:featuredmedia":[{"embeddable":true,"href":"https:\/\/www.pharmozlaboratorios.com\/index.php?rest_route=\/wp\/v2\/media\/3732"}],"wp:attachment":[{"href":"https:\/\/www.pharmozlaboratorios.com\/index.php?rest_route=%2Fwp%2Fv2%2Fmedia&parent=3731"}],"wp:term":[{"taxonomy":"product_brand","embeddable":true,"href":"https:\/\/www.pharmozlaboratorios.com\/index.php?rest_route=%2Fwp%2Fv2%2Fproduct_brand&post=3731"},{"taxonomy":"product_cat","embeddable":true,"href":"https:\/\/www.pharmozlaboratorios.com\/index.php?rest_route=%2Fwp%2Fv2%2Fproduct_cat&post=3731"},{"taxonomy":"product_tag","embeddable":true,"href":"https:\/\/www.pharmozlaboratorios.com\/index.php?rest_route=%2Fwp%2Fv2%2Fproduct_tag&post=3731"}],"curies":[{"name":"wp","href":"https:\/\/api.w.org\/{rel}","templated":true}]}}