{"id":3712,"date":"2023-10-19T05:05:38","date_gmt":"2023-10-19T05:05:38","guid":{"rendered":"https:\/\/www.pharmozlaboratorios.com\/?post_type=product&#038;p=3712"},"modified":"2025-06-19T15:38:23","modified_gmt":"2025-06-19T15:38:23","slug":"urinorm-xr","status":"publish","type":"product","link":"https:\/\/www.pharmozlaboratorios.com\/?product=urinorm-xr","title":{"rendered":"URINOM XR"},"content":{"rendered":"<p><strong>Tamsulosina 0.4 mg<\/strong><\/p>\n<ul>\n<li>Es un bloqueador 1 alfa adren\u00e9rgico.<\/li>\n<\/ul>\n<p><strong>Indicaciones:<\/strong><\/p>\n<ul>\n<li>Hipertrofia prost\u00e1tica benigna.<\/li>\n<li>Goteo o derrame de orina, chorro de orina d\u00e9bil con pausas e interrupciones, nicturia, pujo al iniciar el vaciado, retenci\u00f3n de orina, incapacidad para la micci\u00f3n y urgencia para orinar.<\/li>\n<\/ul>\n<p><strong>Dosis:<\/strong><\/p>\n<ul>\n<li>1 c\u00e1psula diaria, despu\u00e9s del desayuno, la dosis puede ser aumentada despu\u00e9s de 2 a 4 semanas y tragarse entera y sin masticarla con un vaso de agua.<\/li>\n<\/ul>\n<p><strong>Presentaci\u00f3n:<\/strong><\/p>\n<ul>\n<li>Caja con 30 c\u00e1psulas de liberaci\u00f3n retardada con 0.4 mg de tamsulosina.<\/li>\n<\/ul>\n","protected":false},"excerpt":{"rendered":"<p><strong>Tamsulosina 0.4 mg<\/strong><\/p>\n<ul>\n<li>Es un bloqueador 1 alfa adren\u00e9rgico.<\/li>\n<\/ul>\n<p><strong>Indicaciones:<\/strong><\/p>\n<ul>\n<li>Hipertrofia prost\u00e1tica benigna.<\/li>\n<li>Goteo o derrame de orina, chorro de orina d\u00e9bil con pausas e interrupciones, nicturia, pujo al iniciar el vaciado, retenci\u00f3n de orina, incapacidad para la micci\u00f3n y urgencia para orinar.<\/li>\n<\/ul>\n<p><strong>Dosis:<\/strong><\/p>\n<ul>\n<li>1 c\u00e1psula diaria, despu\u00e9s del desayuno, la dosis puede ser aumentada despu\u00e9s de 2 a 4 semanas y tragarse entera y sin masticarla con un vaso de agua.<\/li>\n<\/ul>\n<p><strong>Presentaci\u00f3n:<\/strong><\/p>\n<ul>\n<li>Caja con 30 c\u00e1psulas de liberaci\u00f3n retardada con 0.4 mg de tamsulosina.<\/li>\n<\/ul>\n","protected":false},"featured_media":3713,"comment_status":"open","ping_status":"closed","template":"","meta":{"_joinchat":[]},"product_brand":[],"product_cat":[72],"product_tag":[],"class_list":{"0":"post-3712","1":"product","2":"type-product","3":"status-publish","4":"has-post-thumbnail","6":"product_cat-urologicos","8":"first","9":"instock","10":"shipping-taxable","11":"product-type-grouped"},"yoast_head":"<!-- This site is optimized with the Yoast SEO plugin v25.3 - https:\/\/yoast.com\/wordpress\/plugins\/seo\/ -->\n<title>URINOM XR - Pharmoz<\/title>\n<meta name=\"robots\" content=\"index, follow, max-snippet:-1, max-image-preview:large, max-video-preview:-1\" \/>\n<link rel=\"canonical\" href=\"https:\/\/www.pharmozlaboratorios.com\/?product=urinorm-xr\" \/>\n<meta property=\"og:locale\" content=\"en_US\" \/>\n<meta property=\"og:type\" content=\"article\" \/>\n<meta property=\"og:title\" content=\"URINOM XR - Pharmoz\" \/>\n<meta property=\"og:description\" content=\"Tamsulosina 0.4 mg   Es un bloqueador 1 alfa adren\u00e9rgico.  Indicaciones:   Hipertrofia prost\u00e1tica benigna.  Goteo o derrame de orina, chorro de orina d\u00e9bil con pausas e interrupciones, nicturia, pujo al iniciar el vaciado, retenci\u00f3n de orina, incapacidad para la micci\u00f3n y urgencia para orinar.  Dosis:   1 c\u00e1psula diaria, despu\u00e9s del desayuno, la dosis puede ser aumentada despu\u00e9s de 2 a 4 semanas y tragarse entera y sin masticarla con un vaso de agua.  Presentaci\u00f3n:   Caja con 30 c\u00e1psulas de liberaci\u00f3n retardada con 0.4 mg de tamsulosina.\" \/>\n<meta property=\"og:url\" content=\"https:\/\/www.pharmozlaboratorios.com\/?product=urinorm-xr\" \/>\n<meta property=\"og:site_name\" content=\"Pharmoz\" \/>\n<meta property=\"article:modified_time\" content=\"2025-06-19T15:38:23+00:00\" \/>\n<meta property=\"og:image\" content=\"https:\/\/www.pharmozlaboratorios.com\/wp-content\/uploads\/2023\/10\/UrinomXR-Caja.jpg\" \/>\n\t<meta property=\"og:image:width\" content=\"1188\" \/>\n\t<meta property=\"og:image:height\" content=\"1525\" \/>\n\t<meta property=\"og:image:type\" content=\"image\/jpeg\" \/>\n<meta name=\"twitter:card\" content=\"summary_large_image\" \/>\n<meta name=\"twitter:label1\" content=\"Est. reading time\" \/>\n\t<meta name=\"twitter:data1\" content=\"1 minute\" \/>\n<script type=\"application\/ld+json\" class=\"yoast-schema-graph\">{\"@context\":\"https:\/\/schema.org\",\"@graph\":[{\"@type\":\"WebPage\",\"@id\":\"https:\/\/www.pharmozlaboratorios.com\/?product=urinorm-xr\",\"url\":\"https:\/\/www.pharmozlaboratorios.com\/?product=urinorm-xr\",\"name\":\"URINOM XR - Pharmoz\",\"isPartOf\":{\"@id\":\"https:\/\/www.pharmozlaboratorios.com\/#website\"},\"primaryImageOfPage\":{\"@id\":\"https:\/\/www.pharmozlaboratorios.com\/?product=urinorm-xr#primaryimage\"},\"image\":{\"@id\":\"https:\/\/www.pharmozlaboratorios.com\/?product=urinorm-xr#primaryimage\"},\"thumbnailUrl\":\"https:\/\/www.pharmozlaboratorios.com\/wp-content\/uploads\/2023\/10\/UrinomXR-Caja.jpg\",\"datePublished\":\"2023-10-19T05:05:38+00:00\",\"dateModified\":\"2025-06-19T15:38:23+00:00\",\"breadcrumb\":{\"@id\":\"https:\/\/www.pharmozlaboratorios.com\/?product=urinorm-xr#breadcrumb\"},\"inLanguage\":\"en-US\",\"potentialAction\":[{\"@type\":\"ReadAction\",\"target\":[\"https:\/\/www.pharmozlaboratorios.com\/?product=urinorm-xr\"]}]},{\"@type\":\"ImageObject\",\"inLanguage\":\"en-US\",\"@id\":\"https:\/\/www.pharmozlaboratorios.com\/?product=urinorm-xr#primaryimage\",\"url\":\"https:\/\/www.pharmozlaboratorios.com\/wp-content\/uploads\/2023\/10\/UrinomXR-Caja.jpg\",\"contentUrl\":\"https:\/\/www.pharmozlaboratorios.com\/wp-content\/uploads\/2023\/10\/UrinomXR-Caja.jpg\",\"width\":1188,\"height\":1525},{\"@type\":\"BreadcrumbList\",\"@id\":\"https:\/\/www.pharmozlaboratorios.com\/?product=urinorm-xr#breadcrumb\",\"itemListElement\":[{\"@type\":\"ListItem\",\"position\":1,\"name\":\"Home\",\"item\":\"https:\/\/www.pharmozlaboratorios.com\/\"},{\"@type\":\"ListItem\",\"position\":2,\"name\":\"Productos\",\"item\":\"https:\/\/www.pharmozlaboratorios.com\/?page_id=8\"},{\"@type\":\"ListItem\",\"position\":3,\"name\":\"URINOM XR\"}]},{\"@type\":\"WebSite\",\"@id\":\"https:\/\/www.pharmozlaboratorios.com\/#website\",\"url\":\"https:\/\/www.pharmozlaboratorios.com\/\",\"name\":\"Pharmoz\",\"description\":\"Productos de calidad que brindan confianza\",\"potentialAction\":[{\"@type\":\"SearchAction\",\"target\":{\"@type\":\"EntryPoint\",\"urlTemplate\":\"https:\/\/www.pharmozlaboratorios.com\/?s={search_term_string}\"},\"query-input\":{\"@type\":\"PropertyValueSpecification\",\"valueRequired\":true,\"valueName\":\"search_term_string\"}}],\"inLanguage\":\"en-US\"}]}<\/script>\n<!-- \/ Yoast SEO plugin. -->","yoast_head_json":{"title":"URINOM XR - Pharmoz","robots":{"index":"index","follow":"follow","max-snippet":"max-snippet:-1","max-image-preview":"max-image-preview:large","max-video-preview":"max-video-preview:-1"},"canonical":"https:\/\/www.pharmozlaboratorios.com\/?product=urinorm-xr","og_locale":"en_US","og_type":"article","og_title":"URINOM XR - Pharmoz","og_description":"Tamsulosina 0.4 mg   Es un bloqueador 1 alfa adren\u00e9rgico.  Indicaciones:   Hipertrofia prost\u00e1tica benigna.  Goteo o derrame de orina, chorro de orina d\u00e9bil con pausas e interrupciones, nicturia, pujo al iniciar el vaciado, retenci\u00f3n de orina, incapacidad para la micci\u00f3n y urgencia para orinar.  Dosis:   1 c\u00e1psula diaria, despu\u00e9s del desayuno, la dosis puede ser aumentada despu\u00e9s de 2 a 4 semanas y tragarse entera y sin masticarla con un vaso de agua.  Presentaci\u00f3n:   Caja con 30 c\u00e1psulas de liberaci\u00f3n retardada con 0.4 mg de tamsulosina.","og_url":"https:\/\/www.pharmozlaboratorios.com\/?product=urinorm-xr","og_site_name":"Pharmoz","article_modified_time":"2025-06-19T15:38:23+00:00","og_image":[{"width":1188,"height":1525,"url":"https:\/\/www.pharmozlaboratorios.com\/wp-content\/uploads\/2023\/10\/UrinomXR-Caja.jpg","type":"image\/jpeg"}],"twitter_card":"summary_large_image","twitter_misc":{"Est. reading time":"1 minute"},"schema":{"@context":"https:\/\/schema.org","@graph":[{"@type":"WebPage","@id":"https:\/\/www.pharmozlaboratorios.com\/?product=urinorm-xr","url":"https:\/\/www.pharmozlaboratorios.com\/?product=urinorm-xr","name":"URINOM XR - Pharmoz","isPartOf":{"@id":"https:\/\/www.pharmozlaboratorios.com\/#website"},"primaryImageOfPage":{"@id":"https:\/\/www.pharmozlaboratorios.com\/?product=urinorm-xr#primaryimage"},"image":{"@id":"https:\/\/www.pharmozlaboratorios.com\/?product=urinorm-xr#primaryimage"},"thumbnailUrl":"https:\/\/www.pharmozlaboratorios.com\/wp-content\/uploads\/2023\/10\/UrinomXR-Caja.jpg","datePublished":"2023-10-19T05:05:38+00:00","dateModified":"2025-06-19T15:38:23+00:00","breadcrumb":{"@id":"https:\/\/www.pharmozlaboratorios.com\/?product=urinorm-xr#breadcrumb"},"inLanguage":"en-US","potentialAction":[{"@type":"ReadAction","target":["https:\/\/www.pharmozlaboratorios.com\/?product=urinorm-xr"]}]},{"@type":"ImageObject","inLanguage":"en-US","@id":"https:\/\/www.pharmozlaboratorios.com\/?product=urinorm-xr#primaryimage","url":"https:\/\/www.pharmozlaboratorios.com\/wp-content\/uploads\/2023\/10\/UrinomXR-Caja.jpg","contentUrl":"https:\/\/www.pharmozlaboratorios.com\/wp-content\/uploads\/2023\/10\/UrinomXR-Caja.jpg","width":1188,"height":1525},{"@type":"BreadcrumbList","@id":"https:\/\/www.pharmozlaboratorios.com\/?product=urinorm-xr#breadcrumb","itemListElement":[{"@type":"ListItem","position":1,"name":"Home","item":"https:\/\/www.pharmozlaboratorios.com\/"},{"@type":"ListItem","position":2,"name":"Productos","item":"https:\/\/www.pharmozlaboratorios.com\/?page_id=8"},{"@type":"ListItem","position":3,"name":"URINOM XR"}]},{"@type":"WebSite","@id":"https:\/\/www.pharmozlaboratorios.com\/#website","url":"https:\/\/www.pharmozlaboratorios.com\/","name":"Pharmoz","description":"Productos de calidad que brindan confianza","potentialAction":[{"@type":"SearchAction","target":{"@type":"EntryPoint","urlTemplate":"https:\/\/www.pharmozlaboratorios.com\/?s={search_term_string}"},"query-input":{"@type":"PropertyValueSpecification","valueRequired":true,"valueName":"search_term_string"}}],"inLanguage":"en-US"}]}},"_links":{"self":[{"href":"https:\/\/www.pharmozlaboratorios.com\/index.php?rest_route=\/wp\/v2\/product\/3712","targetHints":{"allow":["GET"]}}],"collection":[{"href":"https:\/\/www.pharmozlaboratorios.com\/index.php?rest_route=\/wp\/v2\/product"}],"about":[{"href":"https:\/\/www.pharmozlaboratorios.com\/index.php?rest_route=\/wp\/v2\/types\/product"}],"replies":[{"embeddable":true,"href":"https:\/\/www.pharmozlaboratorios.com\/index.php?rest_route=%2Fwp%2Fv2%2Fcomments&post=3712"}],"wp:featuredmedia":[{"embeddable":true,"href":"https:\/\/www.pharmozlaboratorios.com\/index.php?rest_route=\/wp\/v2\/media\/3713"}],"wp:attachment":[{"href":"https:\/\/www.pharmozlaboratorios.com\/index.php?rest_route=%2Fwp%2Fv2%2Fmedia&parent=3712"}],"wp:term":[{"taxonomy":"product_brand","embeddable":true,"href":"https:\/\/www.pharmozlaboratorios.com\/index.php?rest_route=%2Fwp%2Fv2%2Fproduct_brand&post=3712"},{"taxonomy":"product_cat","embeddable":true,"href":"https:\/\/www.pharmozlaboratorios.com\/index.php?rest_route=%2Fwp%2Fv2%2Fproduct_cat&post=3712"},{"taxonomy":"product_tag","embeddable":true,"href":"https:\/\/www.pharmozlaboratorios.com\/index.php?rest_route=%2Fwp%2Fv2%2Fproduct_tag&post=3712"}],"curies":[{"name":"wp","href":"https:\/\/api.w.org\/{rel}","templated":true}]}}