{"id":3706,"date":"2023-10-19T04:57:57","date_gmt":"2023-10-19T04:57:57","guid":{"rendered":"https:\/\/www.pharmozlaboratorios.com\/?post_type=product&#038;p=3706"},"modified":"2024-10-10T20:55:27","modified_gmt":"2024-10-10T20:55:27","slug":"sicolir","status":"publish","type":"product","link":"https:\/\/www.pharmozlaboratorios.com\/?product=sicolir","title":{"rendered":"SICOLIR"},"content":{"rendered":"<p><strong>Bromuro de Otilonio 40 mg<\/strong><\/p>\n<ul>\n<li>Antiespasm\u00f3dico bloqueador de los canales de calcio.<\/li>\n<\/ul>\n<p><strong>Indicaciones:<\/strong><\/p>\n<ul>\n<li>S\u00edndrome de intestino irritable, colon irritable, colon esp\u00e1stico.<\/li>\n<li>Espasmos y discinesias del aparato digestivo.<\/li>\n<li>C\u00f3lico de v\u00edas biliares.<\/li>\n<li>C\u00f3lico del tracto gastrointestinal.<\/li>\n<li>C\u00f3lico genitourinario.<\/li>\n<\/ul>\n<p><strong>Dosis:<\/strong><\/p>\n<ul>\n<li>1 comprimido de 40 mg cada 8 horas.<\/li>\n<\/ul>\n<p><strong>Presentaci\u00f3n:<\/strong><\/p>\n<ul>\n<li>Caja con 30 comprimidos recubiertos de 40 mg.<\/li>\n<\/ul>\n<p><a href=\"https:\/\/drive.google.com\/file\/d\/15_7VNO7um3uUaPJwJ66q0lRBbKSTg_Ac\/view?usp=sharing\" target=\"_blank\" rel=\"noopener\"><img decoding=\"async\" class=\"alignnone wp-image-4141\" src=\"https:\/\/www.pharmozlaboratorios.com\/wp-content\/uploads\/2024\/06\/botonInserto_Mesa-de-trabajo-1.png\" alt=\"\" width=\"442\" height=\"69\" srcset=\"https:\/\/www.pharmozlaboratorios.com\/wp-content\/uploads\/2024\/06\/botonInserto_Mesa-de-trabajo-1.png 8000w, https:\/\/www.pharmozlaboratorios.com\/wp-content\/uploads\/2024\/06\/botonInserto_Mesa-de-trabajo-1-1536x239.png 1536w, https:\/\/www.pharmozlaboratorios.com\/wp-content\/uploads\/2024\/06\/botonInserto_Mesa-de-trabajo-1-2048x319.png 2048w\" sizes=\"(max-width: 442px) 100vw, 442px\" \/><\/a><\/p>\n","protected":false},"excerpt":{"rendered":"<p><strong>Bromuro de Otilonio 40 mg<\/strong><\/p>\n<ul>\n<li>Antiespasm\u00f3dico bloqueador de los canales de calcio.<\/li>\n<\/ul>\n<p><strong>Indicaciones:<\/strong><\/p>\n<ul>\n<li>S\u00edndrome de intestino irritable, colon irritable, colon esp\u00e1stico.<\/li>\n<li>Espasmos y discinesias del aparato digestivo.<\/li>\n<li>C\u00f3lico de v\u00edas biliares.<\/li>\n<li>C\u00f3lico del tracto gastrointestinal.<\/li>\n<li>C\u00f3lico genitourinario.<\/li>\n<\/ul>\n<p><strong>Dosis:<\/strong><\/p>\n<ul>\n<li>1 comprimido de 40 mg cada 8 horas.<\/li>\n<\/ul>\n<p><strong>Presentaci\u00f3n:<\/strong><\/p>\n<ul>\n<li>Caja con 30 comprimidos recubiertos de 40 mg.<\/li>\n<\/ul>\n<p><a href=\"https:\/\/drive.google.com\/file\/d\/15_7VNO7um3uUaPJwJ66q0lRBbKSTg_Ac\/view?usp=sharing\" target=\"_blank\" rel=\"noopener\"><img decoding=\"async\" class=\"alignnone wp-image-4141\" src=\"https:\/\/www.pharmozlaboratorios.com\/wp-content\/uploads\/2024\/06\/botonInserto_Mesa-de-trabajo-1.png\" alt=\"\" width=\"442\" height=\"69\" srcset=\"https:\/\/www.pharmozlaboratorios.com\/wp-content\/uploads\/2024\/06\/botonInserto_Mesa-de-trabajo-1.png 8000w, https:\/\/www.pharmozlaboratorios.com\/wp-content\/uploads\/2024\/06\/botonInserto_Mesa-de-trabajo-1-1536x239.png 1536w, https:\/\/www.pharmozlaboratorios.com\/wp-content\/uploads\/2024\/06\/botonInserto_Mesa-de-trabajo-1-2048x319.png 2048w\" sizes=\"(max-width: 442px) 100vw, 442px\" \/><\/a><\/p>\n","protected":false},"featured_media":3840,"comment_status":"open","ping_status":"closed","template":"","meta":{"_joinchat":[]},"product_brand":[],"product_cat":[70],"product_tag":[],"class_list":{"0":"post-3706","1":"product","2":"type-product","3":"status-publish","4":"has-post-thumbnail","6":"product_cat-gastroenterologicos","8":"first","9":"instock","10":"shipping-taxable","11":"product-type-grouped"},"yoast_head":"<!-- This site is optimized with the Yoast SEO plugin v25.3 - https:\/\/yoast.com\/wordpress\/plugins\/seo\/ -->\n<title>SICOLIR - Pharmoz<\/title>\n<meta name=\"robots\" content=\"index, follow, max-snippet:-1, max-image-preview:large, max-video-preview:-1\" \/>\n<link rel=\"canonical\" href=\"https:\/\/www.pharmozlaboratorios.com\/?product=sicolir\" \/>\n<meta property=\"og:locale\" content=\"en_US\" \/>\n<meta property=\"og:type\" content=\"article\" \/>\n<meta property=\"og:title\" content=\"SICOLIR - Pharmoz\" \/>\n<meta property=\"og:description\" content=\"Bromuro de Otilonio 40 mg   Antiespasm\u00f3dico bloqueador de los canales de calcio.  Indicaciones:   S\u00edndrome de intestino irritable, colon irritable, colon esp\u00e1stico.  Espasmos y discinesias del aparato digestivo.  C\u00f3lico de v\u00edas biliares.  C\u00f3lico del tracto gastrointestinal.  C\u00f3lico genitourinario.  Dosis:   1 comprimido de 40 mg cada 8 horas.  Presentaci\u00f3n:   Caja con 30 comprimidos recubiertos de 40 mg.\" \/>\n<meta property=\"og:url\" content=\"https:\/\/www.pharmozlaboratorios.com\/?product=sicolir\" \/>\n<meta property=\"og:site_name\" content=\"Pharmoz\" \/>\n<meta property=\"article:modified_time\" content=\"2024-10-10T20:55:27+00:00\" \/>\n<meta property=\"og:image\" content=\"https:\/\/www.pharmozlaboratorios.com\/wp-content\/uploads\/2023\/10\/SicolirCaja-1.jpg\" \/>\n\t<meta property=\"og:image:width\" content=\"1188\" \/>\n\t<meta property=\"og:image:height\" content=\"1525\" \/>\n\t<meta property=\"og:image:type\" content=\"image\/jpeg\" \/>\n<meta name=\"twitter:card\" content=\"summary_large_image\" \/>\n<script type=\"application\/ld+json\" class=\"yoast-schema-graph\">{\"@context\":\"https:\/\/schema.org\",\"@graph\":[{\"@type\":\"WebPage\",\"@id\":\"https:\/\/www.pharmozlaboratorios.com\/?product=sicolir\",\"url\":\"https:\/\/www.pharmozlaboratorios.com\/?product=sicolir\",\"name\":\"SICOLIR - Pharmoz\",\"isPartOf\":{\"@id\":\"https:\/\/www.pharmozlaboratorios.com\/#website\"},\"primaryImageOfPage\":{\"@id\":\"https:\/\/www.pharmozlaboratorios.com\/?product=sicolir#primaryimage\"},\"image\":{\"@id\":\"https:\/\/www.pharmozlaboratorios.com\/?product=sicolir#primaryimage\"},\"thumbnailUrl\":\"https:\/\/www.pharmozlaboratorios.com\/wp-content\/uploads\/2023\/10\/SicolirCaja-1.jpg\",\"datePublished\":\"2023-10-19T04:57:57+00:00\",\"dateModified\":\"2024-10-10T20:55:27+00:00\",\"breadcrumb\":{\"@id\":\"https:\/\/www.pharmozlaboratorios.com\/?product=sicolir#breadcrumb\"},\"inLanguage\":\"en-US\",\"potentialAction\":[{\"@type\":\"ReadAction\",\"target\":[\"https:\/\/www.pharmozlaboratorios.com\/?product=sicolir\"]}]},{\"@type\":\"ImageObject\",\"inLanguage\":\"en-US\",\"@id\":\"https:\/\/www.pharmozlaboratorios.com\/?product=sicolir#primaryimage\",\"url\":\"https:\/\/www.pharmozlaboratorios.com\/wp-content\/uploads\/2023\/10\/SicolirCaja-1.jpg\",\"contentUrl\":\"https:\/\/www.pharmozlaboratorios.com\/wp-content\/uploads\/2023\/10\/SicolirCaja-1.jpg\",\"width\":1188,\"height\":1525},{\"@type\":\"BreadcrumbList\",\"@id\":\"https:\/\/www.pharmozlaboratorios.com\/?product=sicolir#breadcrumb\",\"itemListElement\":[{\"@type\":\"ListItem\",\"position\":1,\"name\":\"Home\",\"item\":\"https:\/\/www.pharmozlaboratorios.com\/\"},{\"@type\":\"ListItem\",\"position\":2,\"name\":\"Productos\",\"item\":\"https:\/\/www.pharmozlaboratorios.com\/?page_id=8\"},{\"@type\":\"ListItem\",\"position\":3,\"name\":\"SICOLIR\"}]},{\"@type\":\"WebSite\",\"@id\":\"https:\/\/www.pharmozlaboratorios.com\/#website\",\"url\":\"https:\/\/www.pharmozlaboratorios.com\/\",\"name\":\"Pharmoz\",\"description\":\"Productos de calidad que brindan confianza\",\"potentialAction\":[{\"@type\":\"SearchAction\",\"target\":{\"@type\":\"EntryPoint\",\"urlTemplate\":\"https:\/\/www.pharmozlaboratorios.com\/?s={search_term_string}\"},\"query-input\":{\"@type\":\"PropertyValueSpecification\",\"valueRequired\":true,\"valueName\":\"search_term_string\"}}],\"inLanguage\":\"en-US\"}]}<\/script>\n<!-- \/ Yoast SEO plugin. -->","yoast_head_json":{"title":"SICOLIR - Pharmoz","robots":{"index":"index","follow":"follow","max-snippet":"max-snippet:-1","max-image-preview":"max-image-preview:large","max-video-preview":"max-video-preview:-1"},"canonical":"https:\/\/www.pharmozlaboratorios.com\/?product=sicolir","og_locale":"en_US","og_type":"article","og_title":"SICOLIR - Pharmoz","og_description":"Bromuro de Otilonio 40 mg   Antiespasm\u00f3dico bloqueador de los canales de calcio.  Indicaciones:   S\u00edndrome de intestino irritable, colon irritable, colon esp\u00e1stico.  Espasmos y discinesias del aparato digestivo.  C\u00f3lico de v\u00edas biliares.  C\u00f3lico del tracto gastrointestinal.  C\u00f3lico genitourinario.  Dosis:   1 comprimido de 40 mg cada 8 horas.  Presentaci\u00f3n:   Caja con 30 comprimidos recubiertos de 40 mg.","og_url":"https:\/\/www.pharmozlaboratorios.com\/?product=sicolir","og_site_name":"Pharmoz","article_modified_time":"2024-10-10T20:55:27+00:00","og_image":[{"width":1188,"height":1525,"url":"https:\/\/www.pharmozlaboratorios.com\/wp-content\/uploads\/2023\/10\/SicolirCaja-1.jpg","type":"image\/jpeg"}],"twitter_card":"summary_large_image","schema":{"@context":"https:\/\/schema.org","@graph":[{"@type":"WebPage","@id":"https:\/\/www.pharmozlaboratorios.com\/?product=sicolir","url":"https:\/\/www.pharmozlaboratorios.com\/?product=sicolir","name":"SICOLIR - Pharmoz","isPartOf":{"@id":"https:\/\/www.pharmozlaboratorios.com\/#website"},"primaryImageOfPage":{"@id":"https:\/\/www.pharmozlaboratorios.com\/?product=sicolir#primaryimage"},"image":{"@id":"https:\/\/www.pharmozlaboratorios.com\/?product=sicolir#primaryimage"},"thumbnailUrl":"https:\/\/www.pharmozlaboratorios.com\/wp-content\/uploads\/2023\/10\/SicolirCaja-1.jpg","datePublished":"2023-10-19T04:57:57+00:00","dateModified":"2024-10-10T20:55:27+00:00","breadcrumb":{"@id":"https:\/\/www.pharmozlaboratorios.com\/?product=sicolir#breadcrumb"},"inLanguage":"en-US","potentialAction":[{"@type":"ReadAction","target":["https:\/\/www.pharmozlaboratorios.com\/?product=sicolir"]}]},{"@type":"ImageObject","inLanguage":"en-US","@id":"https:\/\/www.pharmozlaboratorios.com\/?product=sicolir#primaryimage","url":"https:\/\/www.pharmozlaboratorios.com\/wp-content\/uploads\/2023\/10\/SicolirCaja-1.jpg","contentUrl":"https:\/\/www.pharmozlaboratorios.com\/wp-content\/uploads\/2023\/10\/SicolirCaja-1.jpg","width":1188,"height":1525},{"@type":"BreadcrumbList","@id":"https:\/\/www.pharmozlaboratorios.com\/?product=sicolir#breadcrumb","itemListElement":[{"@type":"ListItem","position":1,"name":"Home","item":"https:\/\/www.pharmozlaboratorios.com\/"},{"@type":"ListItem","position":2,"name":"Productos","item":"https:\/\/www.pharmozlaboratorios.com\/?page_id=8"},{"@type":"ListItem","position":3,"name":"SICOLIR"}]},{"@type":"WebSite","@id":"https:\/\/www.pharmozlaboratorios.com\/#website","url":"https:\/\/www.pharmozlaboratorios.com\/","name":"Pharmoz","description":"Productos de calidad que brindan confianza","potentialAction":[{"@type":"SearchAction","target":{"@type":"EntryPoint","urlTemplate":"https:\/\/www.pharmozlaboratorios.com\/?s={search_term_string}"},"query-input":{"@type":"PropertyValueSpecification","valueRequired":true,"valueName":"search_term_string"}}],"inLanguage":"en-US"}]}},"_links":{"self":[{"href":"https:\/\/www.pharmozlaboratorios.com\/index.php?rest_route=\/wp\/v2\/product\/3706","targetHints":{"allow":["GET"]}}],"collection":[{"href":"https:\/\/www.pharmozlaboratorios.com\/index.php?rest_route=\/wp\/v2\/product"}],"about":[{"href":"https:\/\/www.pharmozlaboratorios.com\/index.php?rest_route=\/wp\/v2\/types\/product"}],"replies":[{"embeddable":true,"href":"https:\/\/www.pharmozlaboratorios.com\/index.php?rest_route=%2Fwp%2Fv2%2Fcomments&post=3706"}],"wp:featuredmedia":[{"embeddable":true,"href":"https:\/\/www.pharmozlaboratorios.com\/index.php?rest_route=\/wp\/v2\/media\/3840"}],"wp:attachment":[{"href":"https:\/\/www.pharmozlaboratorios.com\/index.php?rest_route=%2Fwp%2Fv2%2Fmedia&parent=3706"}],"wp:term":[{"taxonomy":"product_brand","embeddable":true,"href":"https:\/\/www.pharmozlaboratorios.com\/index.php?rest_route=%2Fwp%2Fv2%2Fproduct_brand&post=3706"},{"taxonomy":"product_cat","embeddable":true,"href":"https:\/\/www.pharmozlaboratorios.com\/index.php?rest_route=%2Fwp%2Fv2%2Fproduct_cat&post=3706"},{"taxonomy":"product_tag","embeddable":true,"href":"https:\/\/www.pharmozlaboratorios.com\/index.php?rest_route=%2Fwp%2Fv2%2Fproduct_tag&post=3706"}],"curies":[{"name":"wp","href":"https:\/\/api.w.org\/{rel}","templated":true}]}}