{"id":3703,"date":"2023-10-19T04:55:14","date_gmt":"2023-10-19T04:55:14","guid":{"rendered":"https:\/\/www.pharmozlaboratorios.com\/?post_type=product&#038;p=3703"},"modified":"2024-01-02T18:00:43","modified_gmt":"2024-01-02T18:00:43","slug":"nitaxom","status":"publish","type":"product","link":"https:\/\/www.pharmozlaboratorios.com\/?product=nitaxom","title":{"rendered":"NITAXOM"},"content":{"rendered":"<p><strong>Nitazoxanida 100 mg\/5 mL<\/strong><\/p>\n<ul>\n<li>Un antiparasitario de \u00faltima generaci\u00f3n y de amplio espectro.<\/li>\n<\/ul>\n<p><strong>Indicaciones:<\/strong><\/p>\n<ul>\n<li>Infestaci\u00f3n por \u00e1scaris lumbricoides (lombriz de tierra), trichuris trichura, enterobius vermicularis, ancylostoma duodenal, nec\u00e1tor americanus, uncinarias, ten\u00eda saginata y ten\u00eda solium, amebiasis, giardia lamlia, tricomona vaginal.<\/li>\n<\/ul>\n<p><strong>Dosis Ni\u00f1os:<\/strong><\/p>\n<ul>\n<li>De 1 a 4 a\u00f1os 100 mg dos veces al d\u00eda durante 3 d\u00edas.<\/li>\n<li>De 4 a 14 a\u00f1os 200 mg dos veces al d\u00eda durante 3 d\u00edas.<\/li>\n<li>Dosis por kilo de peso 15 mg\/kg\/d\u00eda.<\/li>\n<\/ul>\n<p><strong>Presentaci\u00f3n:<\/strong><\/p>\n<ul>\n<li>Frasco con polvo para suspensi\u00f3n oral 100 mg\/5mL.<\/li>\n<\/ul>\n","protected":false},"excerpt":{"rendered":"<p><strong>Nitazoxanida 100 mg\/5 mL<\/strong><\/p>\n<ul>\n<li>Un antiparasitario de \u00faltima generaci\u00f3n y de amplio espectro.<\/li>\n<\/ul>\n<p><strong>Indicaciones:<\/strong><\/p>\n<ul>\n<li>Infestaci\u00f3n por \u00e1scaris lumbricoides (lombriz de tierra), trichuris trichura, enterobius vermicularis, ancylostoma duodenal, nec\u00e1tor americanus, uncinarias, ten\u00eda saginata y ten\u00eda solium, amebiasis, giardia lamlia, tricomona vaginal.<\/li>\n<\/ul>\n<p><strong>Dosis Ni\u00f1os:<\/strong><\/p>\n<ul>\n<li>De 1 a 4 a\u00f1os 100 mg dos veces al d\u00eda durante 3 d\u00edas.<\/li>\n<li>De 4 a 14 a\u00f1os 200 mg dos veces al d\u00eda durante 3 d\u00edas.<\/li>\n<li>Dosis por kilo de peso 15 mg\/kg\/d\u00eda.<\/li>\n<\/ul>\n<p><strong>Presentaci\u00f3n:<\/strong><\/p>\n<ul>\n<li>Frasco con polvo para suspensi\u00f3n oral 100 mg\/5mL.<\/li>\n<\/ul>\n","protected":false},"featured_media":3842,"comment_status":"open","ping_status":"closed","template":"","meta":{"_joinchat":[]},"product_brand":[],"product_cat":[70],"product_tag":[],"class_list":{"0":"post-3703","1":"product","2":"type-product","3":"status-publish","4":"has-post-thumbnail","6":"product_cat-gastroenterologicos","8":"first","9":"instock","10":"shipping-taxable","11":"product-type-grouped"},"yoast_head":"<!-- This site is optimized with the Yoast SEO plugin v25.3 - https:\/\/yoast.com\/wordpress\/plugins\/seo\/ -->\n<title>NITAXOM - Pharmoz<\/title>\n<meta name=\"robots\" content=\"index, follow, max-snippet:-1, max-image-preview:large, max-video-preview:-1\" \/>\n<link rel=\"canonical\" href=\"https:\/\/www.pharmozlaboratorios.com\/?product=nitaxom\" \/>\n<meta property=\"og:locale\" content=\"en_US\" \/>\n<meta property=\"og:type\" content=\"article\" \/>\n<meta property=\"og:title\" content=\"NITAXOM - Pharmoz\" \/>\n<meta property=\"og:description\" content=\"Nitazoxanida 100 mg\/5 mL   Un antiparasitario de \u00faltima generaci\u00f3n y de amplio espectro.  Indicaciones:   Infestaci\u00f3n por \u00e1scaris lumbricoides (lombriz de tierra), trichuris trichura, enterobius vermicularis, ancylostoma duodenal, nec\u00e1tor americanus, uncinarias, ten\u00eda saginata y ten\u00eda solium, amebiasis, giardia lamlia, tricomona vaginal.  Dosis Ni\u00f1os:   De 1 a 4 a\u00f1os 100 mg dos veces al d\u00eda durante 3 d\u00edas.  De 4 a 14 a\u00f1os 200 mg dos veces al d\u00eda durante 3 d\u00edas.  Dosis por kilo de peso 15 mg\/kg\/d\u00eda.  Presentaci\u00f3n:   Frasco con polvo para suspensi\u00f3n oral 100 mg\/5mL.\" \/>\n<meta property=\"og:url\" content=\"https:\/\/www.pharmozlaboratorios.com\/?product=nitaxom\" \/>\n<meta property=\"og:site_name\" content=\"Pharmoz\" \/>\n<meta property=\"article:modified_time\" content=\"2024-01-02T18:00:43+00:00\" \/>\n<meta property=\"og:image\" content=\"https:\/\/www.pharmozlaboratorios.com\/wp-content\/uploads\/2023\/10\/NitaxomCaja-1.jpg\" \/>\n\t<meta property=\"og:image:width\" content=\"1188\" \/>\n\t<meta property=\"og:image:height\" content=\"1525\" \/>\n\t<meta property=\"og:image:type\" content=\"image\/jpeg\" \/>\n<meta name=\"twitter:card\" content=\"summary_large_image\" \/>\n<script type=\"application\/ld+json\" class=\"yoast-schema-graph\">{\"@context\":\"https:\/\/schema.org\",\"@graph\":[{\"@type\":\"WebPage\",\"@id\":\"https:\/\/www.pharmozlaboratorios.com\/?product=nitaxom\",\"url\":\"https:\/\/www.pharmozlaboratorios.com\/?product=nitaxom\",\"name\":\"NITAXOM - Pharmoz\",\"isPartOf\":{\"@id\":\"https:\/\/www.pharmozlaboratorios.com\/#website\"},\"primaryImageOfPage\":{\"@id\":\"https:\/\/www.pharmozlaboratorios.com\/?product=nitaxom#primaryimage\"},\"image\":{\"@id\":\"https:\/\/www.pharmozlaboratorios.com\/?product=nitaxom#primaryimage\"},\"thumbnailUrl\":\"https:\/\/www.pharmozlaboratorios.com\/wp-content\/uploads\/2023\/10\/NitaxomCaja-1.jpg\",\"datePublished\":\"2023-10-19T04:55:14+00:00\",\"dateModified\":\"2024-01-02T18:00:43+00:00\",\"breadcrumb\":{\"@id\":\"https:\/\/www.pharmozlaboratorios.com\/?product=nitaxom#breadcrumb\"},\"inLanguage\":\"en-US\",\"potentialAction\":[{\"@type\":\"ReadAction\",\"target\":[\"https:\/\/www.pharmozlaboratorios.com\/?product=nitaxom\"]}]},{\"@type\":\"ImageObject\",\"inLanguage\":\"en-US\",\"@id\":\"https:\/\/www.pharmozlaboratorios.com\/?product=nitaxom#primaryimage\",\"url\":\"https:\/\/www.pharmozlaboratorios.com\/wp-content\/uploads\/2023\/10\/NitaxomCaja-1.jpg\",\"contentUrl\":\"https:\/\/www.pharmozlaboratorios.com\/wp-content\/uploads\/2023\/10\/NitaxomCaja-1.jpg\",\"width\":1188,\"height\":1525},{\"@type\":\"BreadcrumbList\",\"@id\":\"https:\/\/www.pharmozlaboratorios.com\/?product=nitaxom#breadcrumb\",\"itemListElement\":[{\"@type\":\"ListItem\",\"position\":1,\"name\":\"Home\",\"item\":\"https:\/\/www.pharmozlaboratorios.com\/\"},{\"@type\":\"ListItem\",\"position\":2,\"name\":\"Productos\",\"item\":\"https:\/\/www.pharmozlaboratorios.com\/?page_id=8\"},{\"@type\":\"ListItem\",\"position\":3,\"name\":\"NITAXOM\"}]},{\"@type\":\"WebSite\",\"@id\":\"https:\/\/www.pharmozlaboratorios.com\/#website\",\"url\":\"https:\/\/www.pharmozlaboratorios.com\/\",\"name\":\"Pharmoz\",\"description\":\"Productos de calidad que brindan confianza\",\"potentialAction\":[{\"@type\":\"SearchAction\",\"target\":{\"@type\":\"EntryPoint\",\"urlTemplate\":\"https:\/\/www.pharmozlaboratorios.com\/?s={search_term_string}\"},\"query-input\":{\"@type\":\"PropertyValueSpecification\",\"valueRequired\":true,\"valueName\":\"search_term_string\"}}],\"inLanguage\":\"en-US\"}]}<\/script>\n<!-- \/ Yoast SEO plugin. -->","yoast_head_json":{"title":"NITAXOM - Pharmoz","robots":{"index":"index","follow":"follow","max-snippet":"max-snippet:-1","max-image-preview":"max-image-preview:large","max-video-preview":"max-video-preview:-1"},"canonical":"https:\/\/www.pharmozlaboratorios.com\/?product=nitaxom","og_locale":"en_US","og_type":"article","og_title":"NITAXOM - Pharmoz","og_description":"Nitazoxanida 100 mg\/5 mL   Un antiparasitario de \u00faltima generaci\u00f3n y de amplio espectro.  Indicaciones:   Infestaci\u00f3n por \u00e1scaris lumbricoides (lombriz de tierra), trichuris trichura, enterobius vermicularis, ancylostoma duodenal, nec\u00e1tor americanus, uncinarias, ten\u00eda saginata y ten\u00eda solium, amebiasis, giardia lamlia, tricomona vaginal.  Dosis Ni\u00f1os:   De 1 a 4 a\u00f1os 100 mg dos veces al d\u00eda durante 3 d\u00edas.  De 4 a 14 a\u00f1os 200 mg dos veces al d\u00eda durante 3 d\u00edas.  Dosis por kilo de peso 15 mg\/kg\/d\u00eda.  Presentaci\u00f3n:   Frasco con polvo para suspensi\u00f3n oral 100 mg\/5mL.","og_url":"https:\/\/www.pharmozlaboratorios.com\/?product=nitaxom","og_site_name":"Pharmoz","article_modified_time":"2024-01-02T18:00:43+00:00","og_image":[{"width":1188,"height":1525,"url":"https:\/\/www.pharmozlaboratorios.com\/wp-content\/uploads\/2023\/10\/NitaxomCaja-1.jpg","type":"image\/jpeg"}],"twitter_card":"summary_large_image","schema":{"@context":"https:\/\/schema.org","@graph":[{"@type":"WebPage","@id":"https:\/\/www.pharmozlaboratorios.com\/?product=nitaxom","url":"https:\/\/www.pharmozlaboratorios.com\/?product=nitaxom","name":"NITAXOM - Pharmoz","isPartOf":{"@id":"https:\/\/www.pharmozlaboratorios.com\/#website"},"primaryImageOfPage":{"@id":"https:\/\/www.pharmozlaboratorios.com\/?product=nitaxom#primaryimage"},"image":{"@id":"https:\/\/www.pharmozlaboratorios.com\/?product=nitaxom#primaryimage"},"thumbnailUrl":"https:\/\/www.pharmozlaboratorios.com\/wp-content\/uploads\/2023\/10\/NitaxomCaja-1.jpg","datePublished":"2023-10-19T04:55:14+00:00","dateModified":"2024-01-02T18:00:43+00:00","breadcrumb":{"@id":"https:\/\/www.pharmozlaboratorios.com\/?product=nitaxom#breadcrumb"},"inLanguage":"en-US","potentialAction":[{"@type":"ReadAction","target":["https:\/\/www.pharmozlaboratorios.com\/?product=nitaxom"]}]},{"@type":"ImageObject","inLanguage":"en-US","@id":"https:\/\/www.pharmozlaboratorios.com\/?product=nitaxom#primaryimage","url":"https:\/\/www.pharmozlaboratorios.com\/wp-content\/uploads\/2023\/10\/NitaxomCaja-1.jpg","contentUrl":"https:\/\/www.pharmozlaboratorios.com\/wp-content\/uploads\/2023\/10\/NitaxomCaja-1.jpg","width":1188,"height":1525},{"@type":"BreadcrumbList","@id":"https:\/\/www.pharmozlaboratorios.com\/?product=nitaxom#breadcrumb","itemListElement":[{"@type":"ListItem","position":1,"name":"Home","item":"https:\/\/www.pharmozlaboratorios.com\/"},{"@type":"ListItem","position":2,"name":"Productos","item":"https:\/\/www.pharmozlaboratorios.com\/?page_id=8"},{"@type":"ListItem","position":3,"name":"NITAXOM"}]},{"@type":"WebSite","@id":"https:\/\/www.pharmozlaboratorios.com\/#website","url":"https:\/\/www.pharmozlaboratorios.com\/","name":"Pharmoz","description":"Productos de calidad que brindan confianza","potentialAction":[{"@type":"SearchAction","target":{"@type":"EntryPoint","urlTemplate":"https:\/\/www.pharmozlaboratorios.com\/?s={search_term_string}"},"query-input":{"@type":"PropertyValueSpecification","valueRequired":true,"valueName":"search_term_string"}}],"inLanguage":"en-US"}]}},"_links":{"self":[{"href":"https:\/\/www.pharmozlaboratorios.com\/index.php?rest_route=\/wp\/v2\/product\/3703","targetHints":{"allow":["GET"]}}],"collection":[{"href":"https:\/\/www.pharmozlaboratorios.com\/index.php?rest_route=\/wp\/v2\/product"}],"about":[{"href":"https:\/\/www.pharmozlaboratorios.com\/index.php?rest_route=\/wp\/v2\/types\/product"}],"replies":[{"embeddable":true,"href":"https:\/\/www.pharmozlaboratorios.com\/index.php?rest_route=%2Fwp%2Fv2%2Fcomments&post=3703"}],"wp:featuredmedia":[{"embeddable":true,"href":"https:\/\/www.pharmozlaboratorios.com\/index.php?rest_route=\/wp\/v2\/media\/3842"}],"wp:attachment":[{"href":"https:\/\/www.pharmozlaboratorios.com\/index.php?rest_route=%2Fwp%2Fv2%2Fmedia&parent=3703"}],"wp:term":[{"taxonomy":"product_brand","embeddable":true,"href":"https:\/\/www.pharmozlaboratorios.com\/index.php?rest_route=%2Fwp%2Fv2%2Fproduct_brand&post=3703"},{"taxonomy":"product_cat","embeddable":true,"href":"https:\/\/www.pharmozlaboratorios.com\/index.php?rest_route=%2Fwp%2Fv2%2Fproduct_cat&post=3703"},{"taxonomy":"product_tag","embeddable":true,"href":"https:\/\/www.pharmozlaboratorios.com\/index.php?rest_route=%2Fwp%2Fv2%2Fproduct_tag&post=3703"}],"curies":[{"name":"wp","href":"https:\/\/api.w.org\/{rel}","templated":true}]}}