{"id":3694,"date":"2023-10-19T04:45:22","date_gmt":"2023-10-19T04:45:22","guid":{"rendered":"https:\/\/www.pharmozlaboratorios.com\/?post_type=product&#038;p=3694"},"modified":"2024-10-10T20:43:48","modified_gmt":"2024-10-10T20:43:48","slug":"esogerd-iv","status":"publish","type":"product","link":"https:\/\/www.pharmozlaboratorios.com\/?product=esogerd-iv","title":{"rendered":"ESOGERD IV"},"content":{"rendered":"<p><strong>Esomeprazol 40 mg polvo liofilizado para soluci\u00f3n inyectable y para perfusi\u00f3n.<\/strong><\/p>\n<ul>\n<li>Cuando el tratamiento por la v\u00eda oral no es posible y en la prevenci\u00f3n de las ulceras por estr\u00e9s.<\/li>\n<\/ul>\n<p><strong>Indicaciones:<\/strong><\/p>\n<ul>\n<li>Enfermedad por reflujo gastroesof\u00e1gico, Ulceras g\u00e1stricas provocadas por AINES, Ulceras por estr\u00e9s.<\/li>\n<li>Prevenci\u00f3n del resangrado tras una endoscopia terap\u00e9utica realizada en caso de hemorragia aguda por ulcera g\u00e1strica o duodenal.<\/li>\n<\/ul>\n<p><strong>Dosis Adultos:<\/strong><\/p>\n<ul>\n<li>20 o 40 mg una vez al d\u00eda. El medicamento se administra como una inyecci\u00f3n o como una perfusi\u00f3n en una de las venas. Esto durara hasta 30 minutos. La dosis recomendada para la prevenci\u00f3n del resangrado debido a una ulcera g\u00e1strica o duodenal es de 80 mg administrados en perfusi\u00f3n IV durante 30 minutos seguidos de 8 mg\/h en perfusi\u00f3n durante 3 d\u00edas.<\/li>\n<\/ul>\n<p><strong>Dosis Adultos:<\/strong><\/p>\n<ul>\n<li>De 1 a 11 a\u00f1os la dosis recomendada es de 10 a 20 mg una vez al d\u00eda.<\/li>\n<li>De 12 a 18 a\u00f1os la dosis recomendada es de 20 a 40 mg una vez al d\u00eda.<\/li>\n<li>Ya sea como una inyecci\u00f3n o una perfusi\u00f3n en sus venas<\/li>\n<\/ul>\n<p><strong>Presentaci\u00f3n:<\/strong><\/p>\n<ul>\n<li>Frasco con polvo liofilizado con 40 mg de esomeprazol.<\/li>\n<\/ul>\n<p><a href=\"https:\/\/drive.google.com\/file\/d\/1-XsZpeNx6RsEB_KNnncptb8JlDG-PxXM\/view?usp=sharing\" target=\"_blank\" rel=\"noopener\"><img decoding=\"async\" class=\"alignnone wp-image-4141\" src=\"https:\/\/www.pharmozlaboratorios.com\/wp-content\/uploads\/2024\/06\/botonInserto_Mesa-de-trabajo-1.png\" alt=\"\" width=\"442\" height=\"69\" srcset=\"https:\/\/www.pharmozlaboratorios.com\/wp-content\/uploads\/2024\/06\/botonInserto_Mesa-de-trabajo-1.png 8000w, https:\/\/www.pharmozlaboratorios.com\/wp-content\/uploads\/2024\/06\/botonInserto_Mesa-de-trabajo-1-1536x239.png 1536w, https:\/\/www.pharmozlaboratorios.com\/wp-content\/uploads\/2024\/06\/botonInserto_Mesa-de-trabajo-1-2048x319.png 2048w\" sizes=\"(max-width: 442px) 100vw, 442px\" \/><\/a><\/p>\n","protected":false},"excerpt":{"rendered":"<p><strong>Esomeprazol 40 mg polvo liofilizado para soluci\u00f3n inyectable y para perfusi\u00f3n.<\/strong><\/p>\n<ul>\n<li>Cuando el tratamiento por la v\u00eda oral no es posible y en la prevenci\u00f3n de las ulceras por estr\u00e9s.<\/li>\n<\/ul>\n<p><strong>Indicaciones:<\/strong><\/p>\n<ul>\n<li>Enfermedad por reflujo gastroesof\u00e1gico, Ulceras g\u00e1stricas provocadas por AINES, Ulceras por estr\u00e9s.<\/li>\n<li>Prevenci\u00f3n del resangrado tras una endoscopia terap\u00e9utica realizada en caso de hemorragia aguda por ulcera g\u00e1strica o duodenal.<\/li>\n<\/ul>\n<p><strong>Dosis Adultos:<\/strong><\/p>\n<ul>\n<li>20 o 40 mg una vez al d\u00eda. El medicamento se administra como una inyecci\u00f3n o como una perfusi\u00f3n en una de las venas. Esto durara hasta 30 minutos. La dosis recomendada para la prevenci\u00f3n del resangrado debido a una ulcera g\u00e1strica o duodenal es de 80 mg administrados en perfusi\u00f3n IV durante 30 minutos seguidos de 8 mg\/h en perfusi\u00f3n durante 3 d\u00edas.<\/li>\n<\/ul>\n<p><strong>Dosis Adultos:<\/strong><\/p>\n<ul>\n<li>De 1 a 11 a\u00f1os la dosis recomendada es de 10 a 20 mg una vez al d\u00eda.<\/li>\n<li>De 12 a 18 a\u00f1os la dosis recomendada es de 20 a 40 mg una vez al d\u00eda.<\/li>\n<li>Ya sea como una inyecci\u00f3n o una perfusi\u00f3n en sus venas<\/li>\n<\/ul>\n<p><strong>Presentaci\u00f3n:<\/strong><\/p>\n<ul>\n<li>Frasco con polvo liofilizado con 40 mg de esomeprazol.<\/li>\n<\/ul>\n<p><a href=\"https:\/\/drive.google.com\/file\/d\/1-XsZpeNx6RsEB_KNnncptb8JlDG-PxXM\/view?usp=sharing\" target=\"_blank\" rel=\"noopener\"><img decoding=\"async\" class=\"alignnone wp-image-4141\" src=\"https:\/\/www.pharmozlaboratorios.com\/wp-content\/uploads\/2024\/06\/botonInserto_Mesa-de-trabajo-1.png\" alt=\"\" width=\"442\" height=\"69\" srcset=\"https:\/\/www.pharmozlaboratorios.com\/wp-content\/uploads\/2024\/06\/botonInserto_Mesa-de-trabajo-1.png 8000w, https:\/\/www.pharmozlaboratorios.com\/wp-content\/uploads\/2024\/06\/botonInserto_Mesa-de-trabajo-1-1536x239.png 1536w, https:\/\/www.pharmozlaboratorios.com\/wp-content\/uploads\/2024\/06\/botonInserto_Mesa-de-trabajo-1-2048x319.png 2048w\" sizes=\"(max-width: 442px) 100vw, 442px\" \/><\/a><\/p>\n","protected":false},"featured_media":3848,"comment_status":"open","ping_status":"closed","template":"","meta":{"_joinchat":[]},"product_brand":[],"product_cat":[70],"product_tag":[],"class_list":{"0":"post-3694","1":"product","2":"type-product","3":"status-publish","4":"has-post-thumbnail","6":"product_cat-gastroenterologicos","8":"first","9":"instock","10":"shipping-taxable","11":"product-type-grouped"},"yoast_head":"<!-- This site is optimized with the Yoast SEO plugin v25.3 - https:\/\/yoast.com\/wordpress\/plugins\/seo\/ -->\n<title>ESOGERD IV - Pharmoz<\/title>\n<meta name=\"robots\" content=\"index, follow, max-snippet:-1, max-image-preview:large, max-video-preview:-1\" \/>\n<link rel=\"canonical\" href=\"https:\/\/www.pharmozlaboratorios.com\/?product=esogerd-iv\" \/>\n<meta property=\"og:locale\" content=\"en_US\" \/>\n<meta property=\"og:type\" content=\"article\" \/>\n<meta property=\"og:title\" content=\"ESOGERD IV - Pharmoz\" \/>\n<meta property=\"og:description\" content=\"Esomeprazol 40 mg polvo liofilizado para soluci\u00f3n inyectable y para perfusi\u00f3n.   Cuando el tratamiento por la v\u00eda oral no es posible y en la prevenci\u00f3n de las ulceras por estr\u00e9s.  Indicaciones:   Enfermedad por reflujo gastroesof\u00e1gico, Ulceras g\u00e1stricas provocadas por AINES, Ulceras por estr\u00e9s.  Prevenci\u00f3n del resangrado tras una endoscopia terap\u00e9utica realizada en caso de hemorragia aguda por ulcera g\u00e1strica o duodenal.  Dosis Adultos:   20 o 40 mg una vez al d\u00eda. El medicamento se administra como una inyecci\u00f3n o como una perfusi\u00f3n en una de las venas. Esto durara hasta 30 minutos. La dosis recomendada para la prevenci\u00f3n del resangrado debido a una ulcera g\u00e1strica o duodenal es de 80 mg administrados en perfusi\u00f3n IV durante 30 minutos seguidos de 8 mg\/h en perfusi\u00f3n durante 3 d\u00edas.  Dosis Adultos:   De 1 a 11 a\u00f1os la dosis recomendada es de 10 a 20 mg una vez al d\u00eda.  De 12 a 18 a\u00f1os la dosis recomendada es de 20 a 40 mg una vez al d\u00eda.  Ya sea como una inyecci\u00f3n o una perfusi\u00f3n en sus venas  Presentaci\u00f3n:   Frasco con polvo liofilizado con 40 mg de esomeprazol.\" \/>\n<meta property=\"og:url\" content=\"https:\/\/www.pharmozlaboratorios.com\/?product=esogerd-iv\" \/>\n<meta property=\"og:site_name\" content=\"Pharmoz\" \/>\n<meta property=\"article:modified_time\" content=\"2024-10-10T20:43:48+00:00\" \/>\n<meta property=\"og:image\" content=\"https:\/\/www.pharmozlaboratorios.com\/wp-content\/uploads\/2023\/10\/EsogerdIVCaja-1.jpg\" \/>\n\t<meta property=\"og:image:width\" content=\"1188\" \/>\n\t<meta property=\"og:image:height\" content=\"1525\" \/>\n\t<meta property=\"og:image:type\" content=\"image\/jpeg\" \/>\n<meta name=\"twitter:card\" content=\"summary_large_image\" \/>\n<meta name=\"twitter:label1\" content=\"Est. reading time\" \/>\n\t<meta name=\"twitter:data1\" content=\"1 minute\" \/>\n<script type=\"application\/ld+json\" class=\"yoast-schema-graph\">{\"@context\":\"https:\/\/schema.org\",\"@graph\":[{\"@type\":\"WebPage\",\"@id\":\"https:\/\/www.pharmozlaboratorios.com\/?product=esogerd-iv\",\"url\":\"https:\/\/www.pharmozlaboratorios.com\/?product=esogerd-iv\",\"name\":\"ESOGERD IV - Pharmoz\",\"isPartOf\":{\"@id\":\"https:\/\/www.pharmozlaboratorios.com\/#website\"},\"primaryImageOfPage\":{\"@id\":\"https:\/\/www.pharmozlaboratorios.com\/?product=esogerd-iv#primaryimage\"},\"image\":{\"@id\":\"https:\/\/www.pharmozlaboratorios.com\/?product=esogerd-iv#primaryimage\"},\"thumbnailUrl\":\"https:\/\/www.pharmozlaboratorios.com\/wp-content\/uploads\/2023\/10\/EsogerdIVCaja-1.jpg\",\"datePublished\":\"2023-10-19T04:45:22+00:00\",\"dateModified\":\"2024-10-10T20:43:48+00:00\",\"breadcrumb\":{\"@id\":\"https:\/\/www.pharmozlaboratorios.com\/?product=esogerd-iv#breadcrumb\"},\"inLanguage\":\"en-US\",\"potentialAction\":[{\"@type\":\"ReadAction\",\"target\":[\"https:\/\/www.pharmozlaboratorios.com\/?product=esogerd-iv\"]}]},{\"@type\":\"ImageObject\",\"inLanguage\":\"en-US\",\"@id\":\"https:\/\/www.pharmozlaboratorios.com\/?product=esogerd-iv#primaryimage\",\"url\":\"https:\/\/www.pharmozlaboratorios.com\/wp-content\/uploads\/2023\/10\/EsogerdIVCaja-1.jpg\",\"contentUrl\":\"https:\/\/www.pharmozlaboratorios.com\/wp-content\/uploads\/2023\/10\/EsogerdIVCaja-1.jpg\",\"width\":1188,\"height\":1525},{\"@type\":\"BreadcrumbList\",\"@id\":\"https:\/\/www.pharmozlaboratorios.com\/?product=esogerd-iv#breadcrumb\",\"itemListElement\":[{\"@type\":\"ListItem\",\"position\":1,\"name\":\"Home\",\"item\":\"https:\/\/www.pharmozlaboratorios.com\/\"},{\"@type\":\"ListItem\",\"position\":2,\"name\":\"Productos\",\"item\":\"https:\/\/www.pharmozlaboratorios.com\/?page_id=8\"},{\"@type\":\"ListItem\",\"position\":3,\"name\":\"ESOGERD IV\"}]},{\"@type\":\"WebSite\",\"@id\":\"https:\/\/www.pharmozlaboratorios.com\/#website\",\"url\":\"https:\/\/www.pharmozlaboratorios.com\/\",\"name\":\"Pharmoz\",\"description\":\"Productos de calidad que brindan confianza\",\"potentialAction\":[{\"@type\":\"SearchAction\",\"target\":{\"@type\":\"EntryPoint\",\"urlTemplate\":\"https:\/\/www.pharmozlaboratorios.com\/?s={search_term_string}\"},\"query-input\":{\"@type\":\"PropertyValueSpecification\",\"valueRequired\":true,\"valueName\":\"search_term_string\"}}],\"inLanguage\":\"en-US\"}]}<\/script>\n<!-- \/ Yoast SEO plugin. -->","yoast_head_json":{"title":"ESOGERD IV - Pharmoz","robots":{"index":"index","follow":"follow","max-snippet":"max-snippet:-1","max-image-preview":"max-image-preview:large","max-video-preview":"max-video-preview:-1"},"canonical":"https:\/\/www.pharmozlaboratorios.com\/?product=esogerd-iv","og_locale":"en_US","og_type":"article","og_title":"ESOGERD IV - Pharmoz","og_description":"Esomeprazol 40 mg polvo liofilizado para soluci\u00f3n inyectable y para perfusi\u00f3n.   Cuando el tratamiento por la v\u00eda oral no es posible y en la prevenci\u00f3n de las ulceras por estr\u00e9s.  Indicaciones:   Enfermedad por reflujo gastroesof\u00e1gico, Ulceras g\u00e1stricas provocadas por AINES, Ulceras por estr\u00e9s.  Prevenci\u00f3n del resangrado tras una endoscopia terap\u00e9utica realizada en caso de hemorragia aguda por ulcera g\u00e1strica o duodenal.  Dosis Adultos:   20 o 40 mg una vez al d\u00eda. El medicamento se administra como una inyecci\u00f3n o como una perfusi\u00f3n en una de las venas. Esto durara hasta 30 minutos. La dosis recomendada para la prevenci\u00f3n del resangrado debido a una ulcera g\u00e1strica o duodenal es de 80 mg administrados en perfusi\u00f3n IV durante 30 minutos seguidos de 8 mg\/h en perfusi\u00f3n durante 3 d\u00edas.  Dosis Adultos:   De 1 a 11 a\u00f1os la dosis recomendada es de 10 a 20 mg una vez al d\u00eda.  De 12 a 18 a\u00f1os la dosis recomendada es de 20 a 40 mg una vez al d\u00eda.  Ya sea como una inyecci\u00f3n o una perfusi\u00f3n en sus venas  Presentaci\u00f3n:   Frasco con polvo liofilizado con 40 mg de esomeprazol.","og_url":"https:\/\/www.pharmozlaboratorios.com\/?product=esogerd-iv","og_site_name":"Pharmoz","article_modified_time":"2024-10-10T20:43:48+00:00","og_image":[{"width":1188,"height":1525,"url":"https:\/\/www.pharmozlaboratorios.com\/wp-content\/uploads\/2023\/10\/EsogerdIVCaja-1.jpg","type":"image\/jpeg"}],"twitter_card":"summary_large_image","twitter_misc":{"Est. reading time":"1 minute"},"schema":{"@context":"https:\/\/schema.org","@graph":[{"@type":"WebPage","@id":"https:\/\/www.pharmozlaboratorios.com\/?product=esogerd-iv","url":"https:\/\/www.pharmozlaboratorios.com\/?product=esogerd-iv","name":"ESOGERD IV - Pharmoz","isPartOf":{"@id":"https:\/\/www.pharmozlaboratorios.com\/#website"},"primaryImageOfPage":{"@id":"https:\/\/www.pharmozlaboratorios.com\/?product=esogerd-iv#primaryimage"},"image":{"@id":"https:\/\/www.pharmozlaboratorios.com\/?product=esogerd-iv#primaryimage"},"thumbnailUrl":"https:\/\/www.pharmozlaboratorios.com\/wp-content\/uploads\/2023\/10\/EsogerdIVCaja-1.jpg","datePublished":"2023-10-19T04:45:22+00:00","dateModified":"2024-10-10T20:43:48+00:00","breadcrumb":{"@id":"https:\/\/www.pharmozlaboratorios.com\/?product=esogerd-iv#breadcrumb"},"inLanguage":"en-US","potentialAction":[{"@type":"ReadAction","target":["https:\/\/www.pharmozlaboratorios.com\/?product=esogerd-iv"]}]},{"@type":"ImageObject","inLanguage":"en-US","@id":"https:\/\/www.pharmozlaboratorios.com\/?product=esogerd-iv#primaryimage","url":"https:\/\/www.pharmozlaboratorios.com\/wp-content\/uploads\/2023\/10\/EsogerdIVCaja-1.jpg","contentUrl":"https:\/\/www.pharmozlaboratorios.com\/wp-content\/uploads\/2023\/10\/EsogerdIVCaja-1.jpg","width":1188,"height":1525},{"@type":"BreadcrumbList","@id":"https:\/\/www.pharmozlaboratorios.com\/?product=esogerd-iv#breadcrumb","itemListElement":[{"@type":"ListItem","position":1,"name":"Home","item":"https:\/\/www.pharmozlaboratorios.com\/"},{"@type":"ListItem","position":2,"name":"Productos","item":"https:\/\/www.pharmozlaboratorios.com\/?page_id=8"},{"@type":"ListItem","position":3,"name":"ESOGERD IV"}]},{"@type":"WebSite","@id":"https:\/\/www.pharmozlaboratorios.com\/#website","url":"https:\/\/www.pharmozlaboratorios.com\/","name":"Pharmoz","description":"Productos de calidad que brindan confianza","potentialAction":[{"@type":"SearchAction","target":{"@type":"EntryPoint","urlTemplate":"https:\/\/www.pharmozlaboratorios.com\/?s={search_term_string}"},"query-input":{"@type":"PropertyValueSpecification","valueRequired":true,"valueName":"search_term_string"}}],"inLanguage":"en-US"}]}},"_links":{"self":[{"href":"https:\/\/www.pharmozlaboratorios.com\/index.php?rest_route=\/wp\/v2\/product\/3694","targetHints":{"allow":["GET"]}}],"collection":[{"href":"https:\/\/www.pharmozlaboratorios.com\/index.php?rest_route=\/wp\/v2\/product"}],"about":[{"href":"https:\/\/www.pharmozlaboratorios.com\/index.php?rest_route=\/wp\/v2\/types\/product"}],"replies":[{"embeddable":true,"href":"https:\/\/www.pharmozlaboratorios.com\/index.php?rest_route=%2Fwp%2Fv2%2Fcomments&post=3694"}],"wp:featuredmedia":[{"embeddable":true,"href":"https:\/\/www.pharmozlaboratorios.com\/index.php?rest_route=\/wp\/v2\/media\/3848"}],"wp:attachment":[{"href":"https:\/\/www.pharmozlaboratorios.com\/index.php?rest_route=%2Fwp%2Fv2%2Fmedia&parent=3694"}],"wp:term":[{"taxonomy":"product_brand","embeddable":true,"href":"https:\/\/www.pharmozlaboratorios.com\/index.php?rest_route=%2Fwp%2Fv2%2Fproduct_brand&post=3694"},{"taxonomy":"product_cat","embeddable":true,"href":"https:\/\/www.pharmozlaboratorios.com\/index.php?rest_route=%2Fwp%2Fv2%2Fproduct_cat&post=3694"},{"taxonomy":"product_tag","embeddable":true,"href":"https:\/\/www.pharmozlaboratorios.com\/index.php?rest_route=%2Fwp%2Fv2%2Fproduct_tag&post=3694"}],"curies":[{"name":"wp","href":"https:\/\/api.w.org\/{rel}","templated":true}]}}