{"id":3680,"date":"2023-10-17T22:54:08","date_gmt":"2023-10-17T22:54:08","guid":{"rendered":"https:\/\/www.pharmozlaboratorios.com\/?post_type=product&#038;p=3680"},"modified":"2024-01-02T17:54:01","modified_gmt":"2024-01-02T17:54:01","slug":"linadus","status":"publish","type":"product","link":"https:\/\/www.pharmozlaboratorios.com\/?product=linadus","title":{"rendered":"LINADUS"},"content":{"rendered":"<p><strong>Linagliptina 5 mg<\/strong><\/p>\n<ul>\n<li>Es un inhibidor de la DPP-4 disminuyendo la degradaci\u00f3n de incretinas, aumentando la secreci\u00f3n de insulina.<\/li>\n<\/ul>\n<p><strong>Indicaciones:<\/strong><\/p>\n<ul>\n<li>Se usa junto con dieta y ejercicio y, a veces, con otros medicamentos, para reducir los niveles de az\u00facar en la sangre en pacientes con diabetes tipo 2 (afecci\u00f3n en la que el az\u00facar en la sangre es demasiado alta debido a que el cuerpo no produce o no consume insulina normalmente).<\/li>\n<\/ul>\n<p><strong>Dosis:<\/strong><\/p>\n<ul>\n<li>1 tableta recubierta de 5 mg una vez al d\u00eda.<\/li>\n<\/ul>\n<p><strong>Presentaci\u00f3n:<\/strong><\/p>\n<ul>\n<li>Caja con 28 tabletas recubiertas conteniendo 5 mg de linagliptina.<\/li>\n<\/ul>\n","protected":false},"excerpt":{"rendered":"<p><strong>Linagliptina 5 mg<\/strong><\/p>\n<ul>\n<li>Es un inhibidor de la DPP-4 disminuyendo la degradaci\u00f3n de incretinas, aumentando la secreci\u00f3n de insulina.<\/li>\n<\/ul>\n<p><strong>Indicaciones:<\/strong><\/p>\n<ul>\n<li>Se usa junto con dieta y ejercicio y, a veces, con otros medicamentos, para reducir los niveles de az\u00facar en la sangre en pacientes con diabetes tipo 2 (afecci\u00f3n en la que el az\u00facar en la sangre es demasiado alta debido a que el cuerpo no produce o no consume insulina normalmente).<\/li>\n<\/ul>\n<p><strong>Dosis:<\/strong><\/p>\n<ul>\n<li>1 tableta recubierta de 5 mg una vez al d\u00eda.<\/li>\n<\/ul>\n<p><strong>Presentaci\u00f3n:<\/strong><\/p>\n<ul>\n<li>Caja con 28 tabletas recubiertas conteniendo 5 mg de linagliptina.<\/li>\n<\/ul>\n","protected":false},"featured_media":3828,"comment_status":"open","ping_status":"closed","template":"","meta":{"_joinchat":[]},"product_brand":[],"product_cat":[69],"product_tag":[],"class_list":{"0":"post-3680","1":"product","2":"type-product","3":"status-publish","4":"has-post-thumbnail","6":"product_cat-cardiometabolicos","8":"first","9":"instock","10":"shipping-taxable","11":"product-type-grouped"},"yoast_head":"<!-- This site is optimized with the Yoast SEO plugin v25.3 - https:\/\/yoast.com\/wordpress\/plugins\/seo\/ -->\n<title>LINADUS - Pharmoz<\/title>\n<meta name=\"robots\" content=\"index, follow, max-snippet:-1, max-image-preview:large, max-video-preview:-1\" \/>\n<link rel=\"canonical\" href=\"https:\/\/www.pharmozlaboratorios.com\/?product=linadus\" \/>\n<meta property=\"og:locale\" content=\"en_US\" \/>\n<meta property=\"og:type\" content=\"article\" \/>\n<meta property=\"og:title\" content=\"LINADUS - Pharmoz\" \/>\n<meta property=\"og:description\" content=\"Linagliptina 5 mg   Es un inhibidor de la DPP-4 disminuyendo la degradaci\u00f3n de incretinas, aumentando la secreci\u00f3n de insulina.  Indicaciones:   Se usa junto con dieta y ejercicio y, a veces, con otros medicamentos, para reducir los niveles de az\u00facar en la sangre en pacientes con diabetes tipo 2 (afecci\u00f3n en la que el az\u00facar en la sangre es demasiado alta debido a que el cuerpo no produce o no consume insulina normalmente).  Dosis:   1 tableta recubierta de 5 mg una vez al d\u00eda.  Presentaci\u00f3n:   Caja con 28 tabletas recubiertas conteniendo 5 mg de linagliptina.\" \/>\n<meta property=\"og:url\" content=\"https:\/\/www.pharmozlaboratorios.com\/?product=linadus\" \/>\n<meta property=\"og:site_name\" content=\"Pharmoz\" \/>\n<meta property=\"article:modified_time\" content=\"2024-01-02T17:54:01+00:00\" \/>\n<meta property=\"og:image\" content=\"https:\/\/www.pharmozlaboratorios.com\/wp-content\/uploads\/2023\/10\/LinadusCaja-1.jpg\" \/>\n\t<meta property=\"og:image:width\" content=\"1188\" \/>\n\t<meta property=\"og:image:height\" content=\"1525\" \/>\n\t<meta property=\"og:image:type\" content=\"image\/jpeg\" \/>\n<meta name=\"twitter:card\" content=\"summary_large_image\" \/>\n<script type=\"application\/ld+json\" class=\"yoast-schema-graph\">{\"@context\":\"https:\/\/schema.org\",\"@graph\":[{\"@type\":\"WebPage\",\"@id\":\"https:\/\/www.pharmozlaboratorios.com\/?product=linadus\",\"url\":\"https:\/\/www.pharmozlaboratorios.com\/?product=linadus\",\"name\":\"LINADUS - Pharmoz\",\"isPartOf\":{\"@id\":\"https:\/\/www.pharmozlaboratorios.com\/#website\"},\"primaryImageOfPage\":{\"@id\":\"https:\/\/www.pharmozlaboratorios.com\/?product=linadus#primaryimage\"},\"image\":{\"@id\":\"https:\/\/www.pharmozlaboratorios.com\/?product=linadus#primaryimage\"},\"thumbnailUrl\":\"https:\/\/www.pharmozlaboratorios.com\/wp-content\/uploads\/2023\/10\/LinadusCaja-1.jpg\",\"datePublished\":\"2023-10-17T22:54:08+00:00\",\"dateModified\":\"2024-01-02T17:54:01+00:00\",\"breadcrumb\":{\"@id\":\"https:\/\/www.pharmozlaboratorios.com\/?product=linadus#breadcrumb\"},\"inLanguage\":\"en-US\",\"potentialAction\":[{\"@type\":\"ReadAction\",\"target\":[\"https:\/\/www.pharmozlaboratorios.com\/?product=linadus\"]}]},{\"@type\":\"ImageObject\",\"inLanguage\":\"en-US\",\"@id\":\"https:\/\/www.pharmozlaboratorios.com\/?product=linadus#primaryimage\",\"url\":\"https:\/\/www.pharmozlaboratorios.com\/wp-content\/uploads\/2023\/10\/LinadusCaja-1.jpg\",\"contentUrl\":\"https:\/\/www.pharmozlaboratorios.com\/wp-content\/uploads\/2023\/10\/LinadusCaja-1.jpg\",\"width\":1188,\"height\":1525},{\"@type\":\"BreadcrumbList\",\"@id\":\"https:\/\/www.pharmozlaboratorios.com\/?product=linadus#breadcrumb\",\"itemListElement\":[{\"@type\":\"ListItem\",\"position\":1,\"name\":\"Home\",\"item\":\"https:\/\/www.pharmozlaboratorios.com\/\"},{\"@type\":\"ListItem\",\"position\":2,\"name\":\"Productos\",\"item\":\"https:\/\/www.pharmozlaboratorios.com\/?page_id=8\"},{\"@type\":\"ListItem\",\"position\":3,\"name\":\"LINADUS\"}]},{\"@type\":\"WebSite\",\"@id\":\"https:\/\/www.pharmozlaboratorios.com\/#website\",\"url\":\"https:\/\/www.pharmozlaboratorios.com\/\",\"name\":\"Pharmoz\",\"description\":\"Productos de calidad que brindan confianza\",\"potentialAction\":[{\"@type\":\"SearchAction\",\"target\":{\"@type\":\"EntryPoint\",\"urlTemplate\":\"https:\/\/www.pharmozlaboratorios.com\/?s={search_term_string}\"},\"query-input\":{\"@type\":\"PropertyValueSpecification\",\"valueRequired\":true,\"valueName\":\"search_term_string\"}}],\"inLanguage\":\"en-US\"}]}<\/script>\n<!-- \/ Yoast SEO plugin. -->","yoast_head_json":{"title":"LINADUS - Pharmoz","robots":{"index":"index","follow":"follow","max-snippet":"max-snippet:-1","max-image-preview":"max-image-preview:large","max-video-preview":"max-video-preview:-1"},"canonical":"https:\/\/www.pharmozlaboratorios.com\/?product=linadus","og_locale":"en_US","og_type":"article","og_title":"LINADUS - Pharmoz","og_description":"Linagliptina 5 mg   Es un inhibidor de la DPP-4 disminuyendo la degradaci\u00f3n de incretinas, aumentando la secreci\u00f3n de insulina.  Indicaciones:   Se usa junto con dieta y ejercicio y, a veces, con otros medicamentos, para reducir los niveles de az\u00facar en la sangre en pacientes con diabetes tipo 2 (afecci\u00f3n en la que el az\u00facar en la sangre es demasiado alta debido a que el cuerpo no produce o no consume insulina normalmente).  Dosis:   1 tableta recubierta de 5 mg una vez al d\u00eda.  Presentaci\u00f3n:   Caja con 28 tabletas recubiertas conteniendo 5 mg de linagliptina.","og_url":"https:\/\/www.pharmozlaboratorios.com\/?product=linadus","og_site_name":"Pharmoz","article_modified_time":"2024-01-02T17:54:01+00:00","og_image":[{"width":1188,"height":1525,"url":"https:\/\/www.pharmozlaboratorios.com\/wp-content\/uploads\/2023\/10\/LinadusCaja-1.jpg","type":"image\/jpeg"}],"twitter_card":"summary_large_image","schema":{"@context":"https:\/\/schema.org","@graph":[{"@type":"WebPage","@id":"https:\/\/www.pharmozlaboratorios.com\/?product=linadus","url":"https:\/\/www.pharmozlaboratorios.com\/?product=linadus","name":"LINADUS - Pharmoz","isPartOf":{"@id":"https:\/\/www.pharmozlaboratorios.com\/#website"},"primaryImageOfPage":{"@id":"https:\/\/www.pharmozlaboratorios.com\/?product=linadus#primaryimage"},"image":{"@id":"https:\/\/www.pharmozlaboratorios.com\/?product=linadus#primaryimage"},"thumbnailUrl":"https:\/\/www.pharmozlaboratorios.com\/wp-content\/uploads\/2023\/10\/LinadusCaja-1.jpg","datePublished":"2023-10-17T22:54:08+00:00","dateModified":"2024-01-02T17:54:01+00:00","breadcrumb":{"@id":"https:\/\/www.pharmozlaboratorios.com\/?product=linadus#breadcrumb"},"inLanguage":"en-US","potentialAction":[{"@type":"ReadAction","target":["https:\/\/www.pharmozlaboratorios.com\/?product=linadus"]}]},{"@type":"ImageObject","inLanguage":"en-US","@id":"https:\/\/www.pharmozlaboratorios.com\/?product=linadus#primaryimage","url":"https:\/\/www.pharmozlaboratorios.com\/wp-content\/uploads\/2023\/10\/LinadusCaja-1.jpg","contentUrl":"https:\/\/www.pharmozlaboratorios.com\/wp-content\/uploads\/2023\/10\/LinadusCaja-1.jpg","width":1188,"height":1525},{"@type":"BreadcrumbList","@id":"https:\/\/www.pharmozlaboratorios.com\/?product=linadus#breadcrumb","itemListElement":[{"@type":"ListItem","position":1,"name":"Home","item":"https:\/\/www.pharmozlaboratorios.com\/"},{"@type":"ListItem","position":2,"name":"Productos","item":"https:\/\/www.pharmozlaboratorios.com\/?page_id=8"},{"@type":"ListItem","position":3,"name":"LINADUS"}]},{"@type":"WebSite","@id":"https:\/\/www.pharmozlaboratorios.com\/#website","url":"https:\/\/www.pharmozlaboratorios.com\/","name":"Pharmoz","description":"Productos de calidad que brindan confianza","potentialAction":[{"@type":"SearchAction","target":{"@type":"EntryPoint","urlTemplate":"https:\/\/www.pharmozlaboratorios.com\/?s={search_term_string}"},"query-input":{"@type":"PropertyValueSpecification","valueRequired":true,"valueName":"search_term_string"}}],"inLanguage":"en-US"}]}},"_links":{"self":[{"href":"https:\/\/www.pharmozlaboratorios.com\/index.php?rest_route=\/wp\/v2\/product\/3680","targetHints":{"allow":["GET"]}}],"collection":[{"href":"https:\/\/www.pharmozlaboratorios.com\/index.php?rest_route=\/wp\/v2\/product"}],"about":[{"href":"https:\/\/www.pharmozlaboratorios.com\/index.php?rest_route=\/wp\/v2\/types\/product"}],"replies":[{"embeddable":true,"href":"https:\/\/www.pharmozlaboratorios.com\/index.php?rest_route=%2Fwp%2Fv2%2Fcomments&post=3680"}],"wp:featuredmedia":[{"embeddable":true,"href":"https:\/\/www.pharmozlaboratorios.com\/index.php?rest_route=\/wp\/v2\/media\/3828"}],"wp:attachment":[{"href":"https:\/\/www.pharmozlaboratorios.com\/index.php?rest_route=%2Fwp%2Fv2%2Fmedia&parent=3680"}],"wp:term":[{"taxonomy":"product_brand","embeddable":true,"href":"https:\/\/www.pharmozlaboratorios.com\/index.php?rest_route=%2Fwp%2Fv2%2Fproduct_brand&post=3680"},{"taxonomy":"product_cat","embeddable":true,"href":"https:\/\/www.pharmozlaboratorios.com\/index.php?rest_route=%2Fwp%2Fv2%2Fproduct_cat&post=3680"},{"taxonomy":"product_tag","embeddable":true,"href":"https:\/\/www.pharmozlaboratorios.com\/index.php?rest_route=%2Fwp%2Fv2%2Fproduct_tag&post=3680"}],"curies":[{"name":"wp","href":"https:\/\/api.w.org\/{rel}","templated":true}]}}