{"id":3677,"date":"2023-10-17T22:44:33","date_gmt":"2023-10-17T22:44:33","guid":{"rendered":"https:\/\/www.pharmozlaboratorios.com\/?post_type=product&#038;p=3677"},"modified":"2024-01-02T17:54:23","modified_gmt":"2024-01-02T17:54:23","slug":"platelet-plus","status":"publish","type":"product","link":"https:\/\/www.pharmozlaboratorios.com\/?product=platelet-plus","title":{"rendered":"PLATELET PLUS"},"content":{"rendered":"<p><strong>Clopidogrel 75 mg + \u00c1cido Acetilsalic\u00edlico 75 mg<\/strong><\/p>\n<ul>\n<li>Menor riesgo de aterotrombosis que puede provocar un infarto cerebral, infarto de miocardio y muerte.<\/li>\n<\/ul>\n<p><strong>Indicaciones:<\/strong><\/p>\n<ul>\n<li>Est\u00e1 indicado para la prevenci\u00f3n de eventos aterotromb\u00f3ticos en pacientes adultos que ya est\u00e1n tomando clopidogrel y \u00e1cido acetilsalic\u00edlico.<\/li>\n<\/ul>\n<p><strong>Dosis:<\/strong><\/p>\n<ul>\n<li>Adultos y pacientes de edad avanzada: se debe administrar como dosis \u00fanica de 75 mg\/75 mg. Se utiliza despu\u00e9s de iniciar el tratamiento con clopidogrel y \u00e1cido acetilsalic\u00edlico por separado.<\/li>\n<\/ul>\n<p><strong>Presentaci\u00f3n:<\/strong><\/p>\n<ul>\n<li>Caja con 30 tabletas recubiertas conteniendo 75 mg de clopidogrel y 75 mg de \u00e1cido acetilsalic\u00edlico.<\/li>\n<\/ul>\n","protected":false},"excerpt":{"rendered":"<p><strong>Clopidogrel 75 mg + \u00c1cido Acetilsalic\u00edlico 75 mg<\/strong><\/p>\n<ul>\n<li>Menor riesgo de aterotrombosis que puede provocar un infarto cerebral, infarto de miocardio y muerte.<\/li>\n<\/ul>\n<p><strong>Indicaciones:<\/strong><\/p>\n<ul>\n<li>Est\u00e1 indicado para la prevenci\u00f3n de eventos aterotromb\u00f3ticos en pacientes adultos que ya est\u00e1n tomando clopidogrel y \u00e1cido acetilsalic\u00edlico.<\/li>\n<\/ul>\n<p><strong>Dosis:<\/strong><\/p>\n<ul>\n<li>Adultos y pacientes de edad avanzada: se debe administrar como dosis \u00fanica de 75 mg\/75 mg. Se utiliza despu\u00e9s de iniciar el tratamiento con clopidogrel y \u00e1cido acetilsalic\u00edlico por separado.<\/li>\n<\/ul>\n<p><strong>Presentaci\u00f3n:<\/strong><\/p>\n<ul>\n<li>Caja con 30 tabletas recubiertas conteniendo 75 mg de clopidogrel y 75 mg de \u00e1cido acetilsalic\u00edlico.<\/li>\n<\/ul>\n","protected":false},"featured_media":3831,"comment_status":"open","ping_status":"closed","template":"","meta":{"_joinchat":[]},"product_brand":[],"product_cat":[69],"product_tag":[],"class_list":{"0":"post-3677","1":"product","2":"type-product","3":"status-publish","4":"has-post-thumbnail","6":"product_cat-cardiometabolicos","8":"first","9":"instock","10":"shipping-taxable","11":"product-type-grouped"},"yoast_head":"<!-- This site is optimized with the Yoast SEO plugin v25.3 - https:\/\/yoast.com\/wordpress\/plugins\/seo\/ -->\n<title>PLATELET PLUS - Pharmoz<\/title>\n<meta name=\"robots\" content=\"index, follow, max-snippet:-1, max-image-preview:large, max-video-preview:-1\" \/>\n<link rel=\"canonical\" href=\"https:\/\/www.pharmozlaboratorios.com\/?product=platelet-plus\" \/>\n<meta property=\"og:locale\" content=\"en_US\" \/>\n<meta property=\"og:type\" content=\"article\" \/>\n<meta property=\"og:title\" content=\"PLATELET PLUS - Pharmoz\" \/>\n<meta property=\"og:description\" content=\"Clopidogrel 75 mg + \u00c1cido Acetilsalic\u00edlico 75 mg   Menor riesgo de aterotrombosis que puede provocar un infarto cerebral, infarto de miocardio y muerte.  Indicaciones:   Est\u00e1 indicado para la prevenci\u00f3n de eventos aterotromb\u00f3ticos en pacientes adultos que ya est\u00e1n tomando clopidogrel y \u00e1cido acetilsalic\u00edlico.  Dosis:   Adultos y pacientes de edad avanzada: se debe administrar como dosis \u00fanica de 75 mg\/75 mg. Se utiliza despu\u00e9s de iniciar el tratamiento con clopidogrel y \u00e1cido acetilsalic\u00edlico por separado.  Presentaci\u00f3n:   Caja con 30 tabletas recubiertas conteniendo 75 mg de clopidogrel y 75 mg de \u00e1cido acetilsalic\u00edlico.\" \/>\n<meta property=\"og:url\" content=\"https:\/\/www.pharmozlaboratorios.com\/?product=platelet-plus\" \/>\n<meta property=\"og:site_name\" content=\"Pharmoz\" \/>\n<meta property=\"article:modified_time\" content=\"2024-01-02T17:54:23+00:00\" \/>\n<meta property=\"og:image\" content=\"https:\/\/www.pharmozlaboratorios.com\/wp-content\/uploads\/2023\/10\/PlateletPlusCaja-1.jpg\" \/>\n\t<meta property=\"og:image:width\" content=\"1188\" \/>\n\t<meta property=\"og:image:height\" content=\"1525\" \/>\n\t<meta property=\"og:image:type\" content=\"image\/jpeg\" \/>\n<meta name=\"twitter:card\" content=\"summary_large_image\" \/>\n<script type=\"application\/ld+json\" class=\"yoast-schema-graph\">{\"@context\":\"https:\/\/schema.org\",\"@graph\":[{\"@type\":\"WebPage\",\"@id\":\"https:\/\/www.pharmozlaboratorios.com\/?product=platelet-plus\",\"url\":\"https:\/\/www.pharmozlaboratorios.com\/?product=platelet-plus\",\"name\":\"PLATELET PLUS - Pharmoz\",\"isPartOf\":{\"@id\":\"https:\/\/www.pharmozlaboratorios.com\/#website\"},\"primaryImageOfPage\":{\"@id\":\"https:\/\/www.pharmozlaboratorios.com\/?product=platelet-plus#primaryimage\"},\"image\":{\"@id\":\"https:\/\/www.pharmozlaboratorios.com\/?product=platelet-plus#primaryimage\"},\"thumbnailUrl\":\"https:\/\/www.pharmozlaboratorios.com\/wp-content\/uploads\/2023\/10\/PlateletPlusCaja-1.jpg\",\"datePublished\":\"2023-10-17T22:44:33+00:00\",\"dateModified\":\"2024-01-02T17:54:23+00:00\",\"breadcrumb\":{\"@id\":\"https:\/\/www.pharmozlaboratorios.com\/?product=platelet-plus#breadcrumb\"},\"inLanguage\":\"en-US\",\"potentialAction\":[{\"@type\":\"ReadAction\",\"target\":[\"https:\/\/www.pharmozlaboratorios.com\/?product=platelet-plus\"]}]},{\"@type\":\"ImageObject\",\"inLanguage\":\"en-US\",\"@id\":\"https:\/\/www.pharmozlaboratorios.com\/?product=platelet-plus#primaryimage\",\"url\":\"https:\/\/www.pharmozlaboratorios.com\/wp-content\/uploads\/2023\/10\/PlateletPlusCaja-1.jpg\",\"contentUrl\":\"https:\/\/www.pharmozlaboratorios.com\/wp-content\/uploads\/2023\/10\/PlateletPlusCaja-1.jpg\",\"width\":1188,\"height\":1525},{\"@type\":\"BreadcrumbList\",\"@id\":\"https:\/\/www.pharmozlaboratorios.com\/?product=platelet-plus#breadcrumb\",\"itemListElement\":[{\"@type\":\"ListItem\",\"position\":1,\"name\":\"Home\",\"item\":\"https:\/\/www.pharmozlaboratorios.com\/\"},{\"@type\":\"ListItem\",\"position\":2,\"name\":\"Productos\",\"item\":\"https:\/\/www.pharmozlaboratorios.com\/?page_id=8\"},{\"@type\":\"ListItem\",\"position\":3,\"name\":\"PLATELET PLUS\"}]},{\"@type\":\"WebSite\",\"@id\":\"https:\/\/www.pharmozlaboratorios.com\/#website\",\"url\":\"https:\/\/www.pharmozlaboratorios.com\/\",\"name\":\"Pharmoz\",\"description\":\"Productos de calidad que brindan confianza\",\"potentialAction\":[{\"@type\":\"SearchAction\",\"target\":{\"@type\":\"EntryPoint\",\"urlTemplate\":\"https:\/\/www.pharmozlaboratorios.com\/?s={search_term_string}\"},\"query-input\":{\"@type\":\"PropertyValueSpecification\",\"valueRequired\":true,\"valueName\":\"search_term_string\"}}],\"inLanguage\":\"en-US\"}]}<\/script>\n<!-- \/ Yoast SEO plugin. -->","yoast_head_json":{"title":"PLATELET PLUS - Pharmoz","robots":{"index":"index","follow":"follow","max-snippet":"max-snippet:-1","max-image-preview":"max-image-preview:large","max-video-preview":"max-video-preview:-1"},"canonical":"https:\/\/www.pharmozlaboratorios.com\/?product=platelet-plus","og_locale":"en_US","og_type":"article","og_title":"PLATELET PLUS - Pharmoz","og_description":"Clopidogrel 75 mg + \u00c1cido Acetilsalic\u00edlico 75 mg   Menor riesgo de aterotrombosis que puede provocar un infarto cerebral, infarto de miocardio y muerte.  Indicaciones:   Est\u00e1 indicado para la prevenci\u00f3n de eventos aterotromb\u00f3ticos en pacientes adultos que ya est\u00e1n tomando clopidogrel y \u00e1cido acetilsalic\u00edlico.  Dosis:   Adultos y pacientes de edad avanzada: se debe administrar como dosis \u00fanica de 75 mg\/75 mg. Se utiliza despu\u00e9s de iniciar el tratamiento con clopidogrel y \u00e1cido acetilsalic\u00edlico por separado.  Presentaci\u00f3n:   Caja con 30 tabletas recubiertas conteniendo 75 mg de clopidogrel y 75 mg de \u00e1cido acetilsalic\u00edlico.","og_url":"https:\/\/www.pharmozlaboratorios.com\/?product=platelet-plus","og_site_name":"Pharmoz","article_modified_time":"2024-01-02T17:54:23+00:00","og_image":[{"width":1188,"height":1525,"url":"https:\/\/www.pharmozlaboratorios.com\/wp-content\/uploads\/2023\/10\/PlateletPlusCaja-1.jpg","type":"image\/jpeg"}],"twitter_card":"summary_large_image","schema":{"@context":"https:\/\/schema.org","@graph":[{"@type":"WebPage","@id":"https:\/\/www.pharmozlaboratorios.com\/?product=platelet-plus","url":"https:\/\/www.pharmozlaboratorios.com\/?product=platelet-plus","name":"PLATELET PLUS - Pharmoz","isPartOf":{"@id":"https:\/\/www.pharmozlaboratorios.com\/#website"},"primaryImageOfPage":{"@id":"https:\/\/www.pharmozlaboratorios.com\/?product=platelet-plus#primaryimage"},"image":{"@id":"https:\/\/www.pharmozlaboratorios.com\/?product=platelet-plus#primaryimage"},"thumbnailUrl":"https:\/\/www.pharmozlaboratorios.com\/wp-content\/uploads\/2023\/10\/PlateletPlusCaja-1.jpg","datePublished":"2023-10-17T22:44:33+00:00","dateModified":"2024-01-02T17:54:23+00:00","breadcrumb":{"@id":"https:\/\/www.pharmozlaboratorios.com\/?product=platelet-plus#breadcrumb"},"inLanguage":"en-US","potentialAction":[{"@type":"ReadAction","target":["https:\/\/www.pharmozlaboratorios.com\/?product=platelet-plus"]}]},{"@type":"ImageObject","inLanguage":"en-US","@id":"https:\/\/www.pharmozlaboratorios.com\/?product=platelet-plus#primaryimage","url":"https:\/\/www.pharmozlaboratorios.com\/wp-content\/uploads\/2023\/10\/PlateletPlusCaja-1.jpg","contentUrl":"https:\/\/www.pharmozlaboratorios.com\/wp-content\/uploads\/2023\/10\/PlateletPlusCaja-1.jpg","width":1188,"height":1525},{"@type":"BreadcrumbList","@id":"https:\/\/www.pharmozlaboratorios.com\/?product=platelet-plus#breadcrumb","itemListElement":[{"@type":"ListItem","position":1,"name":"Home","item":"https:\/\/www.pharmozlaboratorios.com\/"},{"@type":"ListItem","position":2,"name":"Productos","item":"https:\/\/www.pharmozlaboratorios.com\/?page_id=8"},{"@type":"ListItem","position":3,"name":"PLATELET PLUS"}]},{"@type":"WebSite","@id":"https:\/\/www.pharmozlaboratorios.com\/#website","url":"https:\/\/www.pharmozlaboratorios.com\/","name":"Pharmoz","description":"Productos de calidad que brindan confianza","potentialAction":[{"@type":"SearchAction","target":{"@type":"EntryPoint","urlTemplate":"https:\/\/www.pharmozlaboratorios.com\/?s={search_term_string}"},"query-input":{"@type":"PropertyValueSpecification","valueRequired":true,"valueName":"search_term_string"}}],"inLanguage":"en-US"}]}},"_links":{"self":[{"href":"https:\/\/www.pharmozlaboratorios.com\/index.php?rest_route=\/wp\/v2\/product\/3677","targetHints":{"allow":["GET"]}}],"collection":[{"href":"https:\/\/www.pharmozlaboratorios.com\/index.php?rest_route=\/wp\/v2\/product"}],"about":[{"href":"https:\/\/www.pharmozlaboratorios.com\/index.php?rest_route=\/wp\/v2\/types\/product"}],"replies":[{"embeddable":true,"href":"https:\/\/www.pharmozlaboratorios.com\/index.php?rest_route=%2Fwp%2Fv2%2Fcomments&post=3677"}],"wp:featuredmedia":[{"embeddable":true,"href":"https:\/\/www.pharmozlaboratorios.com\/index.php?rest_route=\/wp\/v2\/media\/3831"}],"wp:attachment":[{"href":"https:\/\/www.pharmozlaboratorios.com\/index.php?rest_route=%2Fwp%2Fv2%2Fmedia&parent=3677"}],"wp:term":[{"taxonomy":"product_brand","embeddable":true,"href":"https:\/\/www.pharmozlaboratorios.com\/index.php?rest_route=%2Fwp%2Fv2%2Fproduct_brand&post=3677"},{"taxonomy":"product_cat","embeddable":true,"href":"https:\/\/www.pharmozlaboratorios.com\/index.php?rest_route=%2Fwp%2Fv2%2Fproduct_cat&post=3677"},{"taxonomy":"product_tag","embeddable":true,"href":"https:\/\/www.pharmozlaboratorios.com\/index.php?rest_route=%2Fwp%2Fv2%2Fproduct_tag&post=3677"}],"curies":[{"name":"wp","href":"https:\/\/api.w.org\/{rel}","templated":true}]}}