{"id":3062,"date":"2023-10-06T04:52:20","date_gmt":"2023-10-06T04:52:20","guid":{"rendered":"https:\/\/www.pharmozlaboratorios.com\/?post_type=product&#038;p=3062"},"modified":"2024-01-02T17:39:58","modified_gmt":"2024-01-02T17:39:58","slug":"levyon","status":"publish","type":"product","link":"https:\/\/www.pharmozlaboratorios.com\/?product=levyon","title":{"rendered":"LEVYON"},"content":{"rendered":"<p><strong>Levofloxacina de 500 y 750 mg<\/strong><\/p>\n<ul>\n<li>Fluorquinolona de tercera generaci\u00f3n<\/li>\n<li style=\"list-style-type: none;\">\n<ul>\n<li style=\"list-style-type: none;\"><\/li>\n<\/ul>\n<\/li>\n<\/ul>\n<p><strong>Indicaciones:<\/strong><\/p>\n<ul>\n<li>\u00a0Infecciones del tracto respiratorio. (sinusitis, bronquitis, neumon\u00eda intrahospitalarias y ambulatorias.<\/li>\n<li>Infecciones del tracto urinario.<\/li>\n<li>Prostatitis cr\u00f3nica.<\/li>\n<li>Infecciones cut\u00e1neas complicadas y no complicadas.<\/li>\n<li>Asociado a un IBPs y amoxicilina en la erradicaci\u00f3n de Helicobacter Pylori.<\/li>\n<\/ul>\n<p><strong>Dosis:<\/strong><\/p>\n<ul>\n<li>Las dosis usuales son de 500 o 750 mg por v\u00eda oral cada 24 horas durante un total de 7 a 14 d\u00edas seg\u00fan la<br \/>\ngravedad y caracter\u00edsticas de la infecci\u00f3n.<\/li>\n<\/ul>\n<p><strong>Presentaci\u00f3n:<\/strong><\/p>\n<ul>\n<li>LEVYON 500 mg caja X 7 tabletas recubiertas.<\/li>\n<li>LEVYON 750 mg caja X 5 tabletas recubiertas.<\/li>\n<\/ul>\n","protected":false},"excerpt":{"rendered":"<p><strong>Levofloxacina de 500 y 750 mg<\/strong><\/p>\n<ul>\n<li>Fluorquinolona de tercera generaci\u00f3n<\/li>\n<li style=\"list-style-type: none;\">\n<ul>\n<li style=\"list-style-type: none;\"><\/li>\n<\/ul>\n<\/li>\n<\/ul>\n<p><strong>Indicaciones:<\/strong><\/p>\n<ul>\n<li>\u00a0Infecciones del tracto respiratorio. (sinusitis, bronquitis, neumon\u00eda intrahospitalarias y ambulatorias.<\/li>\n<li>Infecciones del tracto urinario.<\/li>\n<li>Prostatitis cr\u00f3nica.<\/li>\n<li>Infecciones cut\u00e1neas complicadas y no complicadas.<\/li>\n<li>Asociado a un IBPs y amoxicilina en la erradicaci\u00f3n de Helicobacter Pylori.<\/li>\n<\/ul>\n<p><strong>Dosis:<\/strong><\/p>\n<ul>\n<li>Las dosis usuales son de 500 o 750 mg por v\u00eda oral cada 24 horas durante un total de 7 a 14 d\u00edas seg\u00fan la<br \/>\ngravedad y caracter\u00edsticas de la infecci\u00f3n.<\/li>\n<\/ul>\n<p><strong>Presentaci\u00f3n:<\/strong><\/p>\n<ul>\n<li>LEVYON 500 mg caja X 7 tabletas recubiertas.<\/li>\n<li>LEVYON 750 mg caja X 5 tabletas recubiertas.<\/li>\n<\/ul>\n","protected":false},"featured_media":3662,"comment_status":"open","ping_status":"closed","template":"","meta":{"_joinchat":[]},"product_brand":[],"product_cat":[66],"product_tag":[],"class_list":{"0":"post-3062","1":"product","2":"type-product","3":"status-publish","4":"has-post-thumbnail","6":"product_cat-antibioticos","8":"first","9":"instock","10":"shipping-taxable","11":"product-type-grouped"},"yoast_head":"<!-- This site is optimized with the Yoast SEO plugin v25.3 - https:\/\/yoast.com\/wordpress\/plugins\/seo\/ -->\n<title>LEVYON - Pharmoz<\/title>\n<meta name=\"robots\" content=\"index, follow, max-snippet:-1, max-image-preview:large, max-video-preview:-1\" \/>\n<link rel=\"canonical\" href=\"https:\/\/www.pharmozlaboratorios.com\/?product=levyon\" \/>\n<meta property=\"og:locale\" content=\"en_US\" \/>\n<meta property=\"og:type\" content=\"article\" \/>\n<meta property=\"og:title\" content=\"LEVYON - Pharmoz\" \/>\n<meta property=\"og:description\" content=\"Levofloxacina de 500 y 750 mg   Fluorquinolona de tercera generaci\u00f3n         Indicaciones:   \u00a0Infecciones del tracto respiratorio. (sinusitis, bronquitis, neumon\u00eda intrahospitalarias y ambulatorias.  Infecciones del tracto urinario.  Prostatitis cr\u00f3nica.  Infecciones cut\u00e1neas complicadas y no complicadas.  Asociado a un IBPs y amoxicilina en la erradicaci\u00f3n de Helicobacter Pylori.  Dosis:   Las dosis usuales son de 500 o 750 mg por v\u00eda oral cada 24 horas durante un total de 7 a 14 d\u00edas seg\u00fan la gravedad y caracter\u00edsticas de la infecci\u00f3n.  Presentaci\u00f3n:   LEVYON 500 mg caja X 7 tabletas recubiertas.  LEVYON 750 mg caja X 5 tabletas recubiertas.\" \/>\n<meta property=\"og:url\" content=\"https:\/\/www.pharmozlaboratorios.com\/?product=levyon\" \/>\n<meta property=\"og:site_name\" content=\"Pharmoz\" \/>\n<meta property=\"article:modified_time\" content=\"2024-01-02T17:39:58+00:00\" \/>\n<meta property=\"og:image\" content=\"https:\/\/www.pharmozlaboratorios.com\/wp-content\/uploads\/2023\/10\/Levyon10TabCaja-3.jpg\" \/>\n\t<meta property=\"og:image:width\" content=\"1188\" \/>\n\t<meta property=\"og:image:height\" content=\"1525\" \/>\n\t<meta property=\"og:image:type\" content=\"image\/jpeg\" \/>\n<meta name=\"twitter:card\" content=\"summary_large_image\" \/>\n<script type=\"application\/ld+json\" class=\"yoast-schema-graph\">{\"@context\":\"https:\/\/schema.org\",\"@graph\":[{\"@type\":\"WebPage\",\"@id\":\"https:\/\/www.pharmozlaboratorios.com\/?product=levyon\",\"url\":\"https:\/\/www.pharmozlaboratorios.com\/?product=levyon\",\"name\":\"LEVYON - Pharmoz\",\"isPartOf\":{\"@id\":\"https:\/\/www.pharmozlaboratorios.com\/#website\"},\"primaryImageOfPage\":{\"@id\":\"https:\/\/www.pharmozlaboratorios.com\/?product=levyon#primaryimage\"},\"image\":{\"@id\":\"https:\/\/www.pharmozlaboratorios.com\/?product=levyon#primaryimage\"},\"thumbnailUrl\":\"https:\/\/www.pharmozlaboratorios.com\/wp-content\/uploads\/2023\/10\/Levyon10TabCaja-3.jpg\",\"datePublished\":\"2023-10-06T04:52:20+00:00\",\"dateModified\":\"2024-01-02T17:39:58+00:00\",\"breadcrumb\":{\"@id\":\"https:\/\/www.pharmozlaboratorios.com\/?product=levyon#breadcrumb\"},\"inLanguage\":\"en-US\",\"potentialAction\":[{\"@type\":\"ReadAction\",\"target\":[\"https:\/\/www.pharmozlaboratorios.com\/?product=levyon\"]}]},{\"@type\":\"ImageObject\",\"inLanguage\":\"en-US\",\"@id\":\"https:\/\/www.pharmozlaboratorios.com\/?product=levyon#primaryimage\",\"url\":\"https:\/\/www.pharmozlaboratorios.com\/wp-content\/uploads\/2023\/10\/Levyon10TabCaja-3.jpg\",\"contentUrl\":\"https:\/\/www.pharmozlaboratorios.com\/wp-content\/uploads\/2023\/10\/Levyon10TabCaja-3.jpg\",\"width\":1188,\"height\":1525},{\"@type\":\"BreadcrumbList\",\"@id\":\"https:\/\/www.pharmozlaboratorios.com\/?product=levyon#breadcrumb\",\"itemListElement\":[{\"@type\":\"ListItem\",\"position\":1,\"name\":\"Home\",\"item\":\"https:\/\/www.pharmozlaboratorios.com\/\"},{\"@type\":\"ListItem\",\"position\":2,\"name\":\"Productos\",\"item\":\"https:\/\/www.pharmozlaboratorios.com\/?page_id=8\"},{\"@type\":\"ListItem\",\"position\":3,\"name\":\"LEVYON\"}]},{\"@type\":\"WebSite\",\"@id\":\"https:\/\/www.pharmozlaboratorios.com\/#website\",\"url\":\"https:\/\/www.pharmozlaboratorios.com\/\",\"name\":\"Pharmoz\",\"description\":\"Productos de calidad que brindan confianza\",\"potentialAction\":[{\"@type\":\"SearchAction\",\"target\":{\"@type\":\"EntryPoint\",\"urlTemplate\":\"https:\/\/www.pharmozlaboratorios.com\/?s={search_term_string}\"},\"query-input\":{\"@type\":\"PropertyValueSpecification\",\"valueRequired\":true,\"valueName\":\"search_term_string\"}}],\"inLanguage\":\"en-US\"}]}<\/script>\n<!-- \/ Yoast SEO plugin. -->","yoast_head_json":{"title":"LEVYON - Pharmoz","robots":{"index":"index","follow":"follow","max-snippet":"max-snippet:-1","max-image-preview":"max-image-preview:large","max-video-preview":"max-video-preview:-1"},"canonical":"https:\/\/www.pharmozlaboratorios.com\/?product=levyon","og_locale":"en_US","og_type":"article","og_title":"LEVYON - Pharmoz","og_description":"Levofloxacina de 500 y 750 mg   Fluorquinolona de tercera generaci\u00f3n         Indicaciones:   \u00a0Infecciones del tracto respiratorio. (sinusitis, bronquitis, neumon\u00eda intrahospitalarias y ambulatorias.  Infecciones del tracto urinario.  Prostatitis cr\u00f3nica.  Infecciones cut\u00e1neas complicadas y no complicadas.  Asociado a un IBPs y amoxicilina en la erradicaci\u00f3n de Helicobacter Pylori.  Dosis:   Las dosis usuales son de 500 o 750 mg por v\u00eda oral cada 24 horas durante un total de 7 a 14 d\u00edas seg\u00fan la gravedad y caracter\u00edsticas de la infecci\u00f3n.  Presentaci\u00f3n:   LEVYON 500 mg caja X 7 tabletas recubiertas.  LEVYON 750 mg caja X 5 tabletas recubiertas.","og_url":"https:\/\/www.pharmozlaboratorios.com\/?product=levyon","og_site_name":"Pharmoz","article_modified_time":"2024-01-02T17:39:58+00:00","og_image":[{"width":1188,"height":1525,"url":"https:\/\/www.pharmozlaboratorios.com\/wp-content\/uploads\/2023\/10\/Levyon10TabCaja-3.jpg","type":"image\/jpeg"}],"twitter_card":"summary_large_image","schema":{"@context":"https:\/\/schema.org","@graph":[{"@type":"WebPage","@id":"https:\/\/www.pharmozlaboratorios.com\/?product=levyon","url":"https:\/\/www.pharmozlaboratorios.com\/?product=levyon","name":"LEVYON - Pharmoz","isPartOf":{"@id":"https:\/\/www.pharmozlaboratorios.com\/#website"},"primaryImageOfPage":{"@id":"https:\/\/www.pharmozlaboratorios.com\/?product=levyon#primaryimage"},"image":{"@id":"https:\/\/www.pharmozlaboratorios.com\/?product=levyon#primaryimage"},"thumbnailUrl":"https:\/\/www.pharmozlaboratorios.com\/wp-content\/uploads\/2023\/10\/Levyon10TabCaja-3.jpg","datePublished":"2023-10-06T04:52:20+00:00","dateModified":"2024-01-02T17:39:58+00:00","breadcrumb":{"@id":"https:\/\/www.pharmozlaboratorios.com\/?product=levyon#breadcrumb"},"inLanguage":"en-US","potentialAction":[{"@type":"ReadAction","target":["https:\/\/www.pharmozlaboratorios.com\/?product=levyon"]}]},{"@type":"ImageObject","inLanguage":"en-US","@id":"https:\/\/www.pharmozlaboratorios.com\/?product=levyon#primaryimage","url":"https:\/\/www.pharmozlaboratorios.com\/wp-content\/uploads\/2023\/10\/Levyon10TabCaja-3.jpg","contentUrl":"https:\/\/www.pharmozlaboratorios.com\/wp-content\/uploads\/2023\/10\/Levyon10TabCaja-3.jpg","width":1188,"height":1525},{"@type":"BreadcrumbList","@id":"https:\/\/www.pharmozlaboratorios.com\/?product=levyon#breadcrumb","itemListElement":[{"@type":"ListItem","position":1,"name":"Home","item":"https:\/\/www.pharmozlaboratorios.com\/"},{"@type":"ListItem","position":2,"name":"Productos","item":"https:\/\/www.pharmozlaboratorios.com\/?page_id=8"},{"@type":"ListItem","position":3,"name":"LEVYON"}]},{"@type":"WebSite","@id":"https:\/\/www.pharmozlaboratorios.com\/#website","url":"https:\/\/www.pharmozlaboratorios.com\/","name":"Pharmoz","description":"Productos de calidad que brindan confianza","potentialAction":[{"@type":"SearchAction","target":{"@type":"EntryPoint","urlTemplate":"https:\/\/www.pharmozlaboratorios.com\/?s={search_term_string}"},"query-input":{"@type":"PropertyValueSpecification","valueRequired":true,"valueName":"search_term_string"}}],"inLanguage":"en-US"}]}},"_links":{"self":[{"href":"https:\/\/www.pharmozlaboratorios.com\/index.php?rest_route=\/wp\/v2\/product\/3062","targetHints":{"allow":["GET"]}}],"collection":[{"href":"https:\/\/www.pharmozlaboratorios.com\/index.php?rest_route=\/wp\/v2\/product"}],"about":[{"href":"https:\/\/www.pharmozlaboratorios.com\/index.php?rest_route=\/wp\/v2\/types\/product"}],"replies":[{"embeddable":true,"href":"https:\/\/www.pharmozlaboratorios.com\/index.php?rest_route=%2Fwp%2Fv2%2Fcomments&post=3062"}],"wp:featuredmedia":[{"embeddable":true,"href":"https:\/\/www.pharmozlaboratorios.com\/index.php?rest_route=\/wp\/v2\/media\/3662"}],"wp:attachment":[{"href":"https:\/\/www.pharmozlaboratorios.com\/index.php?rest_route=%2Fwp%2Fv2%2Fmedia&parent=3062"}],"wp:term":[{"taxonomy":"product_brand","embeddable":true,"href":"https:\/\/www.pharmozlaboratorios.com\/index.php?rest_route=%2Fwp%2Fv2%2Fproduct_brand&post=3062"},{"taxonomy":"product_cat","embeddable":true,"href":"https:\/\/www.pharmozlaboratorios.com\/index.php?rest_route=%2Fwp%2Fv2%2Fproduct_cat&post=3062"},{"taxonomy":"product_tag","embeddable":true,"href":"https:\/\/www.pharmozlaboratorios.com\/index.php?rest_route=%2Fwp%2Fv2%2Fproduct_tag&post=3062"}],"curies":[{"name":"wp","href":"https:\/\/api.w.org\/{rel}","templated":true}]}}