{"id":1897,"date":"2022-11-23T03:49:52","date_gmt":"2022-11-23T03:49:52","guid":{"rendered":"https:\/\/marja.la-studioweb.com\/?page_id=1897"},"modified":"2025-12-08T12:57:21","modified_gmt":"2025-12-08T12:57:21","slug":"nosotros","status":"publish","type":"page","link":"https:\/\/www.pharmozlaboratorios.com\/?page_id=1897","title":{"rendered":"Nosotros"},"content":{"rendered":"\t\t<div data-elementor-type=\"wp-page\" data-elementor-id=\"1897\" class=\"elementor elementor-1897\">\n\t\t\t\t<div class=\"elementor-element elementor-element-36db277 e-flex e-con-boxed lakit-col-width-auto-no e-container e-root-container elementor-top-section e-con e-parent\" data-id=\"36db277\" data-element_type=\"container\" data-settings=\"{&quot;background_background&quot;:&quot;classic&quot;}\">\n\t\t\t\t\t<div class=\"e-con-inner\">\n\t\t\t\t<div class=\"elementor-element elementor-element-873e14b elementor-widget elementor-widget-heading\" data-id=\"873e14b\" data-element_type=\"widget\" data-widget_type=\"heading.default\">\n\t\t\t\t<div class=\"elementor-widget-container\">\n\t\t\t<h6 class=\"elementor-heading-title elementor-size-default\">\u00bfQui\u00e9n es Pharmoz?<\/h6>\t\t<\/div>\n\t\t\t\t<\/div>\n\t\t\t\t<div class=\"elementor-element elementor-element-d868871 elementor-widget elementor-widget-heading\" data-id=\"d868871\" data-element_type=\"widget\" data-widget_type=\"heading.default\">\n\t\t\t\t<div class=\"elementor-widget-container\">\n\t\t\t<h3 class=\"elementor-heading-title elementor-size-default\">Somos una empresa l\u00edder en la Industria Farmac\u00e9utica con sede en Ciudad de Guatemala desde nuestra fundaci\u00f3n en el a\u00f1o 2003.<\/h3>\t\t<\/div>\n\t\t\t\t<\/div>\n\t\t\t\t<div class=\"elementor-element elementor-element-1652c7c elementor-widget elementor-widget-toggle\" data-id=\"1652c7c\" data-element_type=\"widget\" data-widget_type=\"toggle.default\">\n\t\t\t\t<div class=\"elementor-widget-container\">\n\t\t\t\t\t<div class=\"elementor-toggle\">\n\t\t\t\t\t\t\t<div class=\"elementor-toggle-item\">\n\t\t\t\t\t<div id=\"elementor-tab-title-2341\" class=\"elementor-tab-title\" data-tab=\"1\" role=\"button\" aria-controls=\"elementor-tab-content-2341\" aria-expanded=\"false\">\n\t\t\t\t\t\t\t\t\t\t\t\t<span class=\"elementor-toggle-icon elementor-toggle-icon-left\" aria-hidden=\"true\">\n\t\t\t\t\t\t\t\t\t\t\t\t\t\t\t<span class=\"elementor-toggle-icon-closed\"><i class=\"fas fa-caret-right\"><\/i><\/span>\n\t\t\t\t\t\t\t\t<span class=\"elementor-toggle-icon-opened\"><i class=\"elementor-toggle-icon-opened fas fa-caret-up\"><\/i><\/span>\n\t\t\t\t\t\t\t\t\t\t\t\t\t<\/span>\n\t\t\t\t\t\t\t\t\t\t\t\t<a class=\"elementor-toggle-title\" tabindex=\"0\">Ver m\u00e1s<\/a>\n\t\t\t\t\t<\/div>\n\n\t\t\t\t\t<div id=\"elementor-tab-content-2341\" class=\"elementor-tab-content elementor-clearfix\" data-tab=\"1\" role=\"region\" aria-labelledby=\"elementor-tab-title-2341\"><p><span style=\"font-weight: 400;\">Nuestro dedicado equipo de visitadores m\u00e9dicos y vendedores junto con promotores de ventas cubren todo el territorio guatemalteco, estableciendo relaciones comerciales s\u00f3lidas con los m\u00e9dicos m\u00e1s destacados del pa\u00eds, con las principales cadenas de farmacias y las farmacias m\u00e1s importantes que se ubican en todo el territorio nacional.<\/span><\/p><\/div>\n\t\t\t\t<\/div>\n\t\t\t\t\t\t\t\t\t\t<script type=\"application\/ld+json\">{\"@context\":\"https:\\\/\\\/schema.org\",\"@type\":\"FAQPage\",\"mainEntity\":[{\"@type\":\"Question\",\"name\":\"Ver m\\u00e1s\",\"acceptedAnswer\":{\"@type\":\"Answer\",\"text\":\"<p><span style=\\\"font-weight: 400;\\\">Nuestro dedicado equipo de visitadores m\\u00e9dicos y vendedores junto con promotores de ventas cubren todo el territorio guatemalteco, estableciendo relaciones comerciales s\\u00f3lidas con los m\\u00e9dicos m\\u00e1s destacados del pa\\u00eds, con las principales cadenas de farmacias y las farmacias m\\u00e1s importantes que se ubican en todo el territorio nacional.<\\\/span><\\\/p>\"}}]}<\/script>\n\t\t\t\t\t<\/div>\n\t\t\t\t<\/div>\n\t\t\t\t<\/div>\n\t\t\t\t\t<\/div>\n\t\t\t\t<\/div>\n\t\t<div class=\"elementor-element elementor-element-660dc7b e-flex e-con-boxed lakit-col-width-auto-no e-container e-root-container elementor-top-section e-con e-parent\" data-id=\"660dc7b\" data-element_type=\"container\">\n\t\t\t\t\t<div class=\"e-con-inner\">\n\t\t<div class=\"elementor-element elementor-element-d8bf09f e-con-full e-flex lakit-col-width-auto-no e-container e-con e-child\" data-id=\"d8bf09f\" data-element_type=\"container\">\n\t\t\t\t<div class=\"elementor-element elementor-element-f5de1e6 elementor-widget elementor-widget-heading\" data-id=\"f5de1e6\" data-element_type=\"widget\" data-widget_type=\"heading.default\">\n\t\t\t\t<div class=\"elementor-widget-container\">\n\t\t\t<h5 class=\"elementor-heading-title elementor-size-default\">Nuestra Misi\u00f3n:<\/h5>\t\t<\/div>\n\t\t\t\t<\/div>\n\t\t\t\t<div class=\"elementor-element elementor-element-b58997d elementor-widget elementor-widget-text-editor\" data-id=\"b58997d\" data-element_type=\"widget\" data-widget_type=\"text-editor.default\">\n\t\t\t\t<div class=\"elementor-widget-container\">\n\t\t\t\t\t\t\t<p><span style=\"font-weight: 400;\">Proporcionar medicamentos de calidad y servicio excepcional para promover la salud. Actuamos con \u00e9tica, transparencia e innovaci\u00f3n constante, mejorando la vida de las personas.<\/span><\/p>\t\t\t\t\t\t<\/div>\n\t\t\t\t<\/div>\n\t\t\t\t<\/div>\n\t\t<div class=\"elementor-element elementor-element-fa03008 e-con-full e-flex lakit-col-width-auto-no e-container e-con e-child\" data-id=\"fa03008\" data-element_type=\"container\">\n\t\t\t\t<div class=\"elementor-element elementor-element-5e5a87b elementor-widget elementor-widget-heading\" data-id=\"5e5a87b\" data-element_type=\"widget\" data-widget_type=\"heading.default\">\n\t\t\t\t<div class=\"elementor-widget-container\">\n\t\t\t<h5 class=\"elementor-heading-title elementor-size-default\">Nuestra Visi\u00f3n:<\/h5>\t\t<\/div>\n\t\t\t\t<\/div>\n\t\t\t\t<div class=\"elementor-element elementor-element-8c64e31 elementor-widget elementor-widget-text-editor\" data-id=\"8c64e31\" data-element_type=\"widget\" data-widget_type=\"text-editor.default\">\n\t\t\t\t<div class=\"elementor-widget-container\">\n\t\t\t\t\t\t\t<p><span style=\"font-weight: 400;\">Ser una empresa l\u00edder en la industria farmac\u00e9utica con innovaci\u00f3n constante y mantener una mejora continua en la calidad de nuestros productos y servicios, enfocados a cubrir el mercado nacional y centroamericano.<\/span><\/p>\t\t\t\t\t\t<\/div>\n\t\t\t\t<\/div>\n\t\t\t\t<\/div>\n\t\t\t\t\t<\/div>\n\t\t\t\t<\/div>\n\t\t<div class=\"elementor-element elementor-element-4a789c2 e-flex e-con-boxed lakit-col-width-auto-no e-container e-root-container elementor-top-section e-con e-parent\" data-id=\"4a789c2\" data-element_type=\"container\">\n\t\t\t\t\t<div class=\"e-con-inner\">\n\t\t\t\t<div class=\"elementor-element elementor-element-158d573 elementor-widget elementor-widget-heading\" data-id=\"158d573\" data-element_type=\"widget\" data-widget_type=\"heading.default\">\n\t\t\t\t<div class=\"elementor-widget-container\">\n\t\t\t<h2 class=\"elementor-heading-title elementor-size-default\">Nuestras Instalaciones<\/h2>\t\t<\/div>\n\t\t\t\t<\/div>\n\t\t\t\t<div class=\"elementor-element elementor-element-6427f21 bannerlist--preset-default elementor-widget lastudio-kit elementor-lakit-banner-list\" data-id=\"6427f21\" data-element_type=\"widget\" data-widget_type=\"lakit-banner-list.default\">\n\t\t\t\t<div class=\"elementor-widget-container\">\n\t\t\t\n<div class=\"lakit-bannerlist layout-type-flat preset-default\" data-item_selector=\".lakit-bannerlist__item\" >\n        <div class=\"lakit-bannerlist__list_wrapper\">\n        <div class=\"lakit-bannerlist__list col-row\">\n            <div class=\"elementor-repeater-item-d539c7a lakit-bannerlist__item col-desk-3 col-lap-3 col-tab-3 col-tabp-3\"><div class=\"lakit-bannerlist__inner\"><div class=\"lakit-bannerlist__link\"><div class=\"lakit-bannerlist__image\"><img loading=\"lazy\" decoding=\"async\" src=\"https:\/\/www.pharmozlaboratorios.com\/wp-content\/uploads\/2025\/07\/foto1nosotros.png\" loading=\"lazy\" class=\"lakit-bannerlist__image-instance\" width=\"1408\" height=\"1411\" alt=\"\" style=\"--img-height:1411px\"><\/div><\/div><\/div><\/div><div class=\"elementor-repeater-item-7233c51 lakit-bannerlist__item col-desk-3 col-lap-3 col-tab-3 col-tabp-3\"><div class=\"lakit-bannerlist__inner\"><div class=\"lakit-bannerlist__link\"><div class=\"lakit-bannerlist__image\"><img loading=\"lazy\" decoding=\"async\" src=\"https:\/\/www.pharmozlaboratorios.com\/wp-content\/uploads\/2025\/07\/foto2nosotros.png\" loading=\"lazy\" class=\"lakit-bannerlist__image-instance\" width=\"1408\" height=\"1411\" alt=\"\" style=\"--img-height:1411px\"><\/div><\/div><\/div><\/div><div class=\"elementor-repeater-item-a62d159 lakit-bannerlist__item col-desk-3 col-lap-3 col-tab-3 col-tabp-3\"><div class=\"lakit-bannerlist__inner\"><div class=\"lakit-bannerlist__link\"><div class=\"lakit-bannerlist__image\"><img loading=\"lazy\" decoding=\"async\" src=\"https:\/\/www.pharmozlaboratorios.com\/wp-content\/uploads\/2025\/07\/foto3nosotros.png\" loading=\"lazy\" class=\"lakit-bannerlist__image-instance\" width=\"1408\" height=\"1411\" alt=\"\" style=\"--img-height:1411px\"><\/div><\/div><\/div><\/div>        <\/div>\n    <\/div>\n    <\/div>\t\t<\/div>\n\t\t\t\t<\/div>\n\t\t\t\t\t<\/div>\n\t\t\t\t<\/div>\n\t\t\t\t<\/div>\n\t\t","protected":false},"excerpt":{"rendered":"<p>\u00bfQui\u00e9n es Pharmoz? Somos una empresa l\u00edder en la Industria Farmac\u00e9utica con sede en Ciudad de Guatemala desde nuestra fundaci\u00f3n en el a\u00f1o 2003. Ver m\u00e1s Nuestro dedicado equipo de visitadores m\u00e9dicos y vendedores junto con promotores de ventas cubren todo el territorio guatemalteco, estableciendo relaciones comerciales s\u00f3lidas con los m\u00e9dicos&hellip;<\/p>\n","protected":false},"author":1,"featured_media":0,"parent":0,"menu_order":0,"comment_status":"closed","ping_status":"closed","template":"","meta":{"_joinchat":[],"footnotes":""},"class_list":["post-1897","page","type-page","status-publish","hentry"],"yoast_head":"<!-- This site is optimized with the Yoast SEO plugin v25.3 - https:\/\/yoast.com\/wordpress\/plugins\/seo\/ -->\n<title>Nosotros - Pharmoz<\/title>\n<meta name=\"robots\" content=\"index, follow, max-snippet:-1, max-image-preview:large, max-video-preview:-1\" \/>\n<link rel=\"canonical\" href=\"https:\/\/www.pharmozlaboratorios.com\/?page_id=1897\" \/>\n<meta property=\"og:locale\" content=\"en_US\" \/>\n<meta property=\"og:type\" content=\"article\" \/>\n<meta property=\"og:title\" content=\"Nosotros - Pharmoz\" \/>\n<meta property=\"og:description\" content=\"\u00bfQui\u00e9n es Pharmoz? Somos una empresa l\u00edder en la Industria Farmac\u00e9utica con sede en Ciudad de Guatemala desde nuestra fundaci\u00f3n en el a\u00f1o 2003. Ver m\u00e1s Nuestro dedicado equipo de visitadores m\u00e9dicos y vendedores junto con promotores de ventas cubren todo el territorio guatemalteco, estableciendo relaciones comerciales s\u00f3lidas con los m\u00e9dicos&hellip;\" \/>\n<meta property=\"og:url\" content=\"https:\/\/www.pharmozlaboratorios.com\/?page_id=1897\" \/>\n<meta property=\"og:site_name\" content=\"Pharmoz\" \/>\n<meta property=\"article:modified_time\" content=\"2025-12-08T12:57:21+00:00\" \/>\n<meta property=\"og:image\" content=\"https:\/\/www.pharmozlaboratorios.com\/wp-content\/uploads\/2025\/07\/foto1nosotros.png\" \/>\n<meta name=\"twitter:card\" content=\"summary_large_image\" \/>\n<meta name=\"twitter:label1\" content=\"Est. reading time\" \/>\n\t<meta name=\"twitter:data1\" content=\"2 minutes\" \/>\n<script type=\"application\/ld+json\" class=\"yoast-schema-graph\">{\"@context\":\"https:\/\/schema.org\",\"@graph\":[{\"@type\":\"WebPage\",\"@id\":\"https:\/\/www.pharmozlaboratorios.com\/?page_id=1897\",\"url\":\"https:\/\/www.pharmozlaboratorios.com\/?page_id=1897\",\"name\":\"Nosotros - Pharmoz\",\"isPartOf\":{\"@id\":\"https:\/\/www.pharmozlaboratorios.com\/#website\"},\"primaryImageOfPage\":{\"@id\":\"https:\/\/www.pharmozlaboratorios.com\/?page_id=1897#primaryimage\"},\"image\":{\"@id\":\"https:\/\/www.pharmozlaboratorios.com\/?page_id=1897#primaryimage\"},\"thumbnailUrl\":\"https:\/\/www.pharmozlaboratorios.com\/wp-content\/uploads\/2025\/07\/foto1nosotros.png\",\"datePublished\":\"2022-11-23T03:49:52+00:00\",\"dateModified\":\"2025-12-08T12:57:21+00:00\",\"breadcrumb\":{\"@id\":\"https:\/\/www.pharmozlaboratorios.com\/?page_id=1897#breadcrumb\"},\"inLanguage\":\"en-US\",\"potentialAction\":[{\"@type\":\"ReadAction\",\"target\":[\"https:\/\/www.pharmozlaboratorios.com\/?page_id=1897\"]}]},{\"@type\":\"ImageObject\",\"inLanguage\":\"en-US\",\"@id\":\"https:\/\/www.pharmozlaboratorios.com\/?page_id=1897#primaryimage\",\"url\":\"https:\/\/www.pharmozlaboratorios.com\/wp-content\/uploads\/2025\/07\/foto1nosotros.png\",\"contentUrl\":\"https:\/\/www.pharmozlaboratorios.com\/wp-content\/uploads\/2025\/07\/foto1nosotros.png\",\"width\":1408,\"height\":1411},{\"@type\":\"BreadcrumbList\",\"@id\":\"https:\/\/www.pharmozlaboratorios.com\/?page_id=1897#breadcrumb\",\"itemListElement\":[{\"@type\":\"ListItem\",\"position\":1,\"name\":\"Home\",\"item\":\"https:\/\/www.pharmozlaboratorios.com\/\"},{\"@type\":\"ListItem\",\"position\":2,\"name\":\"Nosotros\"}]},{\"@type\":\"WebSite\",\"@id\":\"https:\/\/www.pharmozlaboratorios.com\/#website\",\"url\":\"https:\/\/www.pharmozlaboratorios.com\/\",\"name\":\"Pharmoz\",\"description\":\"Productos de calidad que brindan confianza\",\"potentialAction\":[{\"@type\":\"SearchAction\",\"target\":{\"@type\":\"EntryPoint\",\"urlTemplate\":\"https:\/\/www.pharmozlaboratorios.com\/?s={search_term_string}\"},\"query-input\":{\"@type\":\"PropertyValueSpecification\",\"valueRequired\":true,\"valueName\":\"search_term_string\"}}],\"inLanguage\":\"en-US\"}]}<\/script>\n<!-- \/ Yoast SEO plugin. -->","yoast_head_json":{"title":"Nosotros - Pharmoz","robots":{"index":"index","follow":"follow","max-snippet":"max-snippet:-1","max-image-preview":"max-image-preview:large","max-video-preview":"max-video-preview:-1"},"canonical":"https:\/\/www.pharmozlaboratorios.com\/?page_id=1897","og_locale":"en_US","og_type":"article","og_title":"Nosotros - Pharmoz","og_description":"\u00bfQui\u00e9n es Pharmoz? Somos una empresa l\u00edder en la Industria Farmac\u00e9utica con sede en Ciudad de Guatemala desde nuestra fundaci\u00f3n en el a\u00f1o 2003. Ver m\u00e1s Nuestro dedicado equipo de visitadores m\u00e9dicos y vendedores junto con promotores de ventas cubren todo el territorio guatemalteco, estableciendo relaciones comerciales s\u00f3lidas con los m\u00e9dicos&hellip;","og_url":"https:\/\/www.pharmozlaboratorios.com\/?page_id=1897","og_site_name":"Pharmoz","article_modified_time":"2025-12-08T12:57:21+00:00","og_image":[{"url":"https:\/\/www.pharmozlaboratorios.com\/wp-content\/uploads\/2025\/07\/foto1nosotros.png","type":"","width":"","height":""}],"twitter_card":"summary_large_image","twitter_misc":{"Est. reading time":"2 minutes"},"schema":{"@context":"https:\/\/schema.org","@graph":[{"@type":"WebPage","@id":"https:\/\/www.pharmozlaboratorios.com\/?page_id=1897","url":"https:\/\/www.pharmozlaboratorios.com\/?page_id=1897","name":"Nosotros - Pharmoz","isPartOf":{"@id":"https:\/\/www.pharmozlaboratorios.com\/#website"},"primaryImageOfPage":{"@id":"https:\/\/www.pharmozlaboratorios.com\/?page_id=1897#primaryimage"},"image":{"@id":"https:\/\/www.pharmozlaboratorios.com\/?page_id=1897#primaryimage"},"thumbnailUrl":"https:\/\/www.pharmozlaboratorios.com\/wp-content\/uploads\/2025\/07\/foto1nosotros.png","datePublished":"2022-11-23T03:49:52+00:00","dateModified":"2025-12-08T12:57:21+00:00","breadcrumb":{"@id":"https:\/\/www.pharmozlaboratorios.com\/?page_id=1897#breadcrumb"},"inLanguage":"en-US","potentialAction":[{"@type":"ReadAction","target":["https:\/\/www.pharmozlaboratorios.com\/?page_id=1897"]}]},{"@type":"ImageObject","inLanguage":"en-US","@id":"https:\/\/www.pharmozlaboratorios.com\/?page_id=1897#primaryimage","url":"https:\/\/www.pharmozlaboratorios.com\/wp-content\/uploads\/2025\/07\/foto1nosotros.png","contentUrl":"https:\/\/www.pharmozlaboratorios.com\/wp-content\/uploads\/2025\/07\/foto1nosotros.png","width":1408,"height":1411},{"@type":"BreadcrumbList","@id":"https:\/\/www.pharmozlaboratorios.com\/?page_id=1897#breadcrumb","itemListElement":[{"@type":"ListItem","position":1,"name":"Home","item":"https:\/\/www.pharmozlaboratorios.com\/"},{"@type":"ListItem","position":2,"name":"Nosotros"}]},{"@type":"WebSite","@id":"https:\/\/www.pharmozlaboratorios.com\/#website","url":"https:\/\/www.pharmozlaboratorios.com\/","name":"Pharmoz","description":"Productos de calidad que brindan confianza","potentialAction":[{"@type":"SearchAction","target":{"@type":"EntryPoint","urlTemplate":"https:\/\/www.pharmozlaboratorios.com\/?s={search_term_string}"},"query-input":{"@type":"PropertyValueSpecification","valueRequired":true,"valueName":"search_term_string"}}],"inLanguage":"en-US"}]}},"_links":{"self":[{"href":"https:\/\/www.pharmozlaboratorios.com\/index.php?rest_route=\/wp\/v2\/pages\/1897","targetHints":{"allow":["GET"]}}],"collection":[{"href":"https:\/\/www.pharmozlaboratorios.com\/index.php?rest_route=\/wp\/v2\/pages"}],"about":[{"href":"https:\/\/www.pharmozlaboratorios.com\/index.php?rest_route=\/wp\/v2\/types\/page"}],"author":[{"embeddable":true,"href":"https:\/\/www.pharmozlaboratorios.com\/index.php?rest_route=\/wp\/v2\/users\/1"}],"replies":[{"embeddable":true,"href":"https:\/\/www.pharmozlaboratorios.com\/index.php?rest_route=%2Fwp%2Fv2%2Fcomments&post=1897"}],"version-history":[{"count":10,"href":"https:\/\/www.pharmozlaboratorios.com\/index.php?rest_route=\/wp\/v2\/pages\/1897\/revisions"}],"predecessor-version":[{"id":4427,"href":"https:\/\/www.pharmozlaboratorios.com\/index.php?rest_route=\/wp\/v2\/pages\/1897\/revisions\/4427"}],"wp:attachment":[{"href":"https:\/\/www.pharmozlaboratorios.com\/index.php?rest_route=%2Fwp%2Fv2%2Fmedia&parent=1897"}],"curies":[{"name":"wp","href":"https:\/\/api.w.org\/{rel}","templated":true}]}}